{"id":11611,"date":"2025-12-08T15:03:08","date_gmt":"2025-12-08T14:03:08","guid":{"rendered":"https:\/\/www.bohinj-riverhouse.si\/?page_id=11611"},"modified":"2025-12-26T17:38:44","modified_gmt":"2025-12-26T16:38:44","slug":"ski-spa-balicek","status":"publish","type":"page","link":"https:\/\/www.bohinj-riverhouse.si\/cs\/ski-spa-balicek\/","title":{"rendered":"Ski &#038; SPA bal\u00ed\u010dek"},"content":{"rendered":"\t\t<div data-elementor-type=\"wp-page\" data-elementor-id=\"11611\" class=\"elementor elementor-11611 elementor-11598\" data-elementor-post-type=\"page\">\n\t\t\t\t<div class=\"elementor-element elementor-element-b540cc6 e-con-full e-flex e-con e-parent\" data-id=\"b540cc6\" data-element_type=\"container\" data-settings=\"{&quot;background_background&quot;:&quot;classic&quot;}\">\n\t\t\t\t<div class=\"elementor-element elementor-element-14b2bf2 elementor-widget elementor-widget-spacer\" data-id=\"14b2bf2\" data-element_type=\"widget\" data-widget_type=\"spacer.default\">\n\t\t\t\t<div class=\"elementor-widget-container\">\n\t\t\t\t\t<div class=\"elementor-spacer\">\n\t\t\t<div class=\"elementor-spacer-inner\"><\/div>\n\t\t<\/div>\n\t\t\t\t<\/div>\n\t\t\t\t<\/div>\n\t\t\t\t<div class=\"elementor-element elementor-element-3848f92 single-page-post-title-wrapper elementor-widget elementor-widget-heading\" data-id=\"3848f92\" data-element_type=\"widget\" data-widget_type=\"heading.default\">\n\t\t\t\t<div class=\"elementor-widget-container\">\n\t\t\t<h2 class=\"elementor-heading-title elementor-size-default\">Ski &amp; SPA bal\u00ed\u010dek<\/h2>\t\t<\/div>\n\t\t\t\t<\/div>\n\t\t\t\t<\/div>\n\t\t<div class=\"elementor-element elementor-element-5a0be45 home-section-3 e-flex e-con-boxed e-con e-parent\" data-id=\"5a0be45\" data-element_type=\"container\" data-settings=\"{&quot;background_background&quot;:&quot;classic&quot;}\">\n\t\t\t\t\t<div class=\"e-con-inner\">\n\t\t<div class=\"elementor-element elementor-element-bad81f0 e-con-full col-1 pad-l pad-r e-flex e-con e-child\" data-id=\"bad81f0\" data-element_type=\"container\" data-settings=\"{&quot;background_background&quot;:&quot;classic&quot;}\">\n\t\t\t\t<div class=\"elementor-element elementor-element-61137c9b elementor-widget elementor-widget-breadcrumbs\" data-id=\"61137c9b\" data-element_type=\"widget\" data-widget_type=\"breadcrumbs.default\">\n\t\t\t\t<div class=\"elementor-widget-container\">\n\t\t\t<p id=\"breadcrumbs\"><span><span><a href=\"https:\/\/www.bohinj-riverhouse.si\/cs\/\">Dom\u016f<\/a><\/span><\/span><\/p>\t\t<\/div>\n\t\t\t\t<\/div>\n\t\t\t\t<\/div>\n\t\t\t\t\t<\/div>\n\t\t\t\t<\/div>\n\t\t<div class=\"elementor-element elementor-element-2130628 home-section-3 highlited-section e-flex e-con-boxed e-con e-parent\" data-id=\"2130628\" data-element_type=\"container\" data-settings=\"{&quot;background_background&quot;:&quot;classic&quot;}\">\n\t\t\t\t\t<div class=\"e-con-inner\">\n\t\t<div class=\"elementor-element elementor-element-f1328b1 e-con-full col-1 pad-l e-flex e-con e-child\" data-id=\"f1328b1\" data-element_type=\"container\" data-settings=\"{&quot;background_background&quot;:&quot;classic&quot;}\">\n\t\t\t\t<div class=\"elementor-element elementor-element-023dd40 elementor-widget elementor-widget-text-editor\" data-id=\"023dd40\" data-element_type=\"widget\" data-widget_type=\"text-editor.default\">\n\t\t\t\t<div class=\"elementor-widget-container\">\n\t\t\t\t\t\t\t<p class=\"p1\">Ly\u017eov\u00e1n\u00ed na Voglu<\/p>\t\t\t\t\t\t<\/div>\n\t\t\t\t<\/div>\n\t\t\t\t<\/div>\n\t\t<div class=\"elementor-element elementor-element-aee0e11 e-con-full pad-r e-flex e-con e-child\" data-id=\"aee0e11\" data-element_type=\"container\" data-settings=\"{&quot;background_background&quot;:&quot;classic&quot;}\">\n\t\t\t\t<div class=\"elementor-element elementor-element-20d1fa2 elementor-widget elementor-widget-text-editor\" data-id=\"20d1fa2\" data-element_type=\"widget\" data-widget_type=\"text-editor.default\">\n\t\t\t\t<div class=\"elementor-widget-container\">\n\t\t\t\t\t\t\t<p>Za\u017eijte dokonal\u00fd zimn\u00ed pobyt v Bohinju.<\/p>\t\t\t\t\t\t<\/div>\n\t\t\t\t<\/div>\n\t\t\t\t<div class=\"elementor-element elementor-element-0d43ad7 elementor-widget elementor-widget-text-editor\" data-id=\"0d43ad7\" data-element_type=\"widget\" data-widget_type=\"text-editor.default\">\n\t\t\t\t<div class=\"elementor-widget-container\">\n\t\t\t\t\t\t\t<p class=\"p1\">U\u017eijte si \u010derstv\u00fd horsk\u00fd vzduch, kr\u00e1sn\u00e9 v\u00fdhledy a \u0161pi\u010dkov\u00e9 ly\u017eov\u00e1n\u00ed na Voglu. Po aktivn\u00edm dni na sn\u011bhu se uvoln\u011bte ve stylov\u00e9m SPA centru a na\u010derpejte energii pro dal\u0161\u00ed z\u00e1\u017eitky.<\/p>\t\t\t\t\t\t<\/div>\n\t\t\t\t<\/div>\n\t\t\t\t<\/div>\n\t\t\t\t\t<\/div>\n\t\t\t\t<\/div>\n\t\t<div class=\"elementor-element elementor-element-0a6b37d mid-padding two-col-text e-flex e-con-boxed e-con e-parent\" data-id=\"0a6b37d\" data-element_type=\"container\" data-settings=\"{&quot;background_background&quot;:&quot;classic&quot;}\">\n\t\t\t\t\t<div class=\"e-con-inner\">\n\t\t<div class=\"elementor-element elementor-element-5eae5fd e-con-full e-flex e-con e-child\" data-id=\"5eae5fd\" data-element_type=\"container\">\n\t\t\t\t<div class=\"elementor-element elementor-element-6840847 elementor-invisible elementor-widget elementor-widget-text-editor\" data-id=\"6840847\" data-element_type=\"widget\" data-settings=\"{&quot;_animation&quot;:&quot;slideInLeft&quot;}\" data-widget_type=\"text-editor.default\">\n\t\t\t\t<div class=\"elementor-widget-container\">\n\t\t\t\t\t\t\t<p>Bal\u00ed\u010dek zahrnuje<\/p>\t\t\t\t\t\t<\/div>\n\t\t\t\t<\/div>\n\t\t\t\t<\/div>\n\t\t\t\t<div class=\"elementor-element elementor-element-b674341 elementor-widget elementor-widget-text-editor\" data-id=\"b674341\" data-element_type=\"widget\" data-widget_type=\"text-editor.default\">\n\t\t\t\t<div class=\"elementor-widget-container\">\n\t\t\t\t\t\t\t<ul><li data-start=\"573\" data-end=\"626\"><p data-start=\"575\" data-end=\"626\">2, 3 nebo 4 noci v komfortn\u00edm dvoul\u016f\u017ekov\u00e9m pokoji<\/p><\/li><li data-start=\"627\" data-end=\"654\"><p data-start=\"629\" data-end=\"654\">Bohat\u00e9 sn\u00edda\u0148ov\u00e9 bufety<\/p><\/li><li data-start=\"655\" data-end=\"699\"><p data-start=\"657\" data-end=\"699\">2-, 3- nebo 4denn\u00ed ly\u017ea\u0159sk\u00fd skipas Vogel<\/p><\/li><li data-start=\"700\" data-end=\"746\"><p data-start=\"702\" data-end=\"746\">Doprava SKI busem (zast\u00e1vka bl\u00edzko hotelu)<\/p><\/li><li data-start=\"747\" data-end=\"774\"><p data-start=\"749\" data-end=\"774\">Vyh\u0159\u00edvan\u00e1 \u00faschovna ly\u017e\u00ed<\/p><\/li><li data-start=\"775\" data-end=\"871\"><p data-start=\"777\" data-end=\"871\">Vstup do SPA (a\u017e 2 hodiny\/os.\/den): finsk\u00e1 sauna, jacuzzi, studen\u00e1 l\u00e1ze\u0148, relaxa\u010dn\u00ed m\u00edstnost<\/p><\/li><li data-start=\"872\" data-end=\"910\"><p data-start=\"874\" data-end=\"910\">Pou\u017eit\u00ed \u017eupan\u016f, ru\u010dn\u00edk\u016f a pantofl\u00ed<\/p><\/li><li data-start=\"911\" data-end=\"943\"><p data-start=\"913\" data-end=\"943\">Bezplatn\u00e9 venkovn\u00ed parkov\u00e1n\u00ed<\/p><\/li><li data-start=\"944\" data-end=\"963\"><p data-start=\"946\" data-end=\"963\">Bezplatn\u00e9 Wi-Fi<\/p><\/li><li data-start=\"964\" data-end=\"1023\"><p data-start=\"966\" data-end=\"1023\">Zimn\u00ed BASIC karta Julsk\u00e9 Alpy: Bohinj (slevy v destinaci)<\/p><\/li><\/ul>\t\t\t\t\t\t<\/div>\n\t\t\t\t<\/div>\n\t\t\t\t\t<\/div>\n\t\t\t\t<\/div>\n\t\t<div class=\"elementor-element elementor-element-bae94fe sectino-addtional-txt-2-col e-flex e-con-boxed e-con e-parent\" data-id=\"bae94fe\" data-element_type=\"container\" id=\"break-fast\" data-settings=\"{&quot;background_background&quot;:&quot;classic&quot;}\">\n\t\t\t\t\t<div class=\"e-con-inner\">\n\t\t<div class=\"elementor-element elementor-element-29c3f1e e-con-full e-flex e-con e-child\" data-id=\"29c3f1e\" data-element_type=\"container\">\n\t\t\t\t<div class=\"elementor-element elementor-element-ccfe1ab elementor-widget elementor-widget-text-editor\" data-id=\"ccfe1ab\" data-element_type=\"widget\" data-widget_type=\"text-editor.default\">\n\t\t\t\t<div class=\"elementor-widget-container\">\n\t\t\t\t\t\t\t<p class=\"p1\"><b>Cen\u00edk bal\u00ed\u010dku na osobu <\/b> <br \/>(v dvoul\u016f\u017ekov\u00e9m pokoji)<\/p><p><strong>\u00a0<\/strong><\/p>\t\t\t\t\t\t<\/div>\n\t\t\t\t<\/div>\n\t\t\t\t<\/div>\n\t\t<div class=\"elementor-element elementor-element-da79f4d e-con-full e-flex e-con e-child\" data-id=\"da79f4d\" data-element_type=\"container\">\n\t\t<div class=\"elementor-element elementor-element-5ccf535 e-grid e-con-boxed e-con e-child\" data-id=\"5ccf535\" data-element_type=\"container\">\n\t\t\t\t\t<div class=\"e-con-inner\">\n\t\t\t\t<div class=\"elementor-element elementor-element-aa5f2c0 elementor-widget elementor-widget-heading\" data-id=\"aa5f2c0\" data-element_type=\"widget\" data-widget_type=\"heading.default\">\n\t\t\t\t<div class=\"elementor-widget-container\">\n\t\t\t<h6 class=\"elementor-heading-title elementor-size-default\">\/<\/h6>\t\t<\/div>\n\t\t\t\t<\/div>\n\t\t\t\t<div class=\"elementor-element elementor-element-6e7a8a9 elementor-widget elementor-widget-heading\" data-id=\"6e7a8a9\" data-element_type=\"widget\" data-widget_type=\"heading.default\">\n\t\t\t\t<div class=\"elementor-widget-container\">\n\t\t\t<h6 class=\"elementor-heading-title elementor-size-default\">2\u00d7 noci se sn\u00eddan\u00ed<\/h6>\t\t<\/div>\n\t\t\t\t<\/div>\n\t\t\t\t<div class=\"elementor-element elementor-element-ec7eb6e elementor-widget elementor-widget-heading\" data-id=\"ec7eb6e\" data-element_type=\"widget\" data-widget_type=\"heading.default\">\n\t\t\t\t<div class=\"elementor-widget-container\">\n\t\t\t<h6 class=\"elementor-heading-title elementor-size-default\">3\u00d7 noci se sn\u00eddan\u00ed<\/h6>\t\t<\/div>\n\t\t\t\t<\/div>\n\t\t\t\t<div class=\"elementor-element elementor-element-b5a9aa6 elementor-widget elementor-widget-heading\" data-id=\"b5a9aa6\" data-element_type=\"widget\" data-widget_type=\"heading.default\">\n\t\t\t\t<div class=\"elementor-widget-container\">\n\t\t\t<h6 class=\"elementor-heading-title elementor-size-default\">4\u00d7 noci se sn\u00eddan\u00ed<\/h6>\t\t<\/div>\n\t\t\t\t<\/div>\n\t\t\t\t<div class=\"elementor-element elementor-element-026b5cf elementor-widget elementor-widget-heading\" data-id=\"026b5cf\" data-element_type=\"widget\" data-widget_type=\"heading.default\">\n\t\t\t\t<div class=\"elementor-widget-container\">\n\t\t\t<h6 class=\"elementor-heading-title elementor-size-default\">Dosp\u011bl\u00ed<\/h6>\t\t<\/div>\n\t\t\t\t<\/div>\n\t\t\t\t<div class=\"elementor-element elementor-element-1d00208 elementor-widget elementor-widget-heading\" data-id=\"1d00208\" data-element_type=\"widget\" data-widget_type=\"heading.default\">\n\t\t\t\t<div class=\"elementor-widget-container\">\n\t\t\t<p class=\"elementor-heading-title elementor-size-default\">220,00 \u20ac<\/p>\t\t<\/div>\n\t\t\t\t<\/div>\n\t\t\t\t<div class=\"elementor-element elementor-element-33c8a55 elementor-widget elementor-widget-heading\" data-id=\"33c8a55\" data-element_type=\"widget\" data-widget_type=\"heading.default\">\n\t\t\t\t<div class=\"elementor-widget-container\">\n\t\t\t<p class=\"elementor-heading-title elementor-size-default\">335,00 \u20ac<\/p>\t\t<\/div>\n\t\t\t\t<\/div>\n\t\t\t\t<div class=\"elementor-element elementor-element-af8892b elementor-widget elementor-widget-heading\" data-id=\"af8892b\" data-element_type=\"widget\" data-widget_type=\"heading.default\">\n\t\t\t\t<div class=\"elementor-widget-container\">\n\t\t\t<p class=\"elementor-heading-title elementor-size-default\">445,00 \u20ac<\/p>\t\t<\/div>\n\t\t\t\t<\/div>\n\t\t\t\t<div class=\"elementor-element elementor-element-f813517 elementor-widget elementor-widget-heading\" data-id=\"f813517\" data-element_type=\"widget\" data-widget_type=\"heading.default\">\n\t\t\t\t<div class=\"elementor-widget-container\">\n\t\t\t<h6 class=\"elementor-heading-title elementor-size-default\">Mlad\u00ed a senio\u0159i*<\/h6>\t\t<\/div>\n\t\t\t\t<\/div>\n\t\t\t\t<div class=\"elementor-element elementor-element-7b330f2 elementor-widget elementor-widget-heading\" data-id=\"7b330f2\" data-element_type=\"widget\" data-widget_type=\"heading.default\">\n\t\t\t\t<div class=\"elementor-widget-container\">\n\t\t\t<p class=\"elementor-heading-title elementor-size-default\">210,00 \u20ac<\/p>\t\t<\/div>\n\t\t\t\t<\/div>\n\t\t\t\t<div class=\"elementor-element elementor-element-cd0f9d2 elementor-widget elementor-widget-heading\" data-id=\"cd0f9d2\" data-element_type=\"widget\" data-widget_type=\"heading.default\">\n\t\t\t\t<div class=\"elementor-widget-container\">\n\t\t\t<p class=\"elementor-heading-title elementor-size-default\">320,00 \u20ac<\/p>\t\t<\/div>\n\t\t\t\t<\/div>\n\t\t\t\t<div class=\"elementor-element elementor-element-4e61379 elementor-widget elementor-widget-heading\" data-id=\"4e61379\" data-element_type=\"widget\" data-widget_type=\"heading.default\">\n\t\t\t\t<div class=\"elementor-widget-container\">\n\t\t\t<p class=\"elementor-heading-title elementor-size-default\">432,00 \u20ac<\/p>\t\t<\/div>\n\t\t\t\t<\/div>\n\t\t\t\t<div class=\"elementor-element elementor-element-6802ce0 elementor-widget elementor-widget-heading\" data-id=\"6802ce0\" data-element_type=\"widget\" data-widget_type=\"heading.default\">\n\t\t\t\t<div class=\"elementor-widget-container\">\n\t\t\t<h6 class=\"elementor-heading-title elementor-size-default\">D\u011bti 6\u201314 let<\/h6>\t\t<\/div>\n\t\t\t\t<\/div>\n\t\t\t\t<div class=\"elementor-element elementor-element-a7a7014 elementor-widget elementor-widget-heading\" data-id=\"a7a7014\" data-element_type=\"widget\" data-widget_type=\"heading.default\">\n\t\t\t\t<div class=\"elementor-widget-container\">\n\t\t\t<p class=\"elementor-heading-title elementor-size-default\">80,00 \u20ac<\/p>\t\t<\/div>\n\t\t\t\t<\/div>\n\t\t\t\t<div class=\"elementor-element elementor-element-6cc244e elementor-widget elementor-widget-heading\" data-id=\"6cc244e\" data-element_type=\"widget\" data-widget_type=\"heading.default\">\n\t\t\t\t<div class=\"elementor-widget-container\">\n\t\t\t<p class=\"elementor-heading-title elementor-size-default\">150,00 \u20ac<\/p>\t\t<\/div>\n\t\t\t\t<\/div>\n\t\t\t\t<div class=\"elementor-element elementor-element-3225602 elementor-widget elementor-widget-heading\" data-id=\"3225602\" data-element_type=\"widget\" data-widget_type=\"heading.default\">\n\t\t\t\t<div class=\"elementor-widget-container\">\n\t\t\t<p class=\"elementor-heading-title elementor-size-default\">190,00 \u20ac<\/p>\t\t<\/div>\n\t\t\t\t<\/div>\n\t\t\t\t\t<\/div>\n\t\t\t\t<\/div>\n\t\t\t\t<div class=\"elementor-element elementor-element-e243f79 elementor-widget elementor-widget-text-editor\" data-id=\"e243f79\" data-element_type=\"widget\" data-widget_type=\"text-editor.default\">\n\t\t\t\t<div class=\"elementor-widget-container\">\n\t\t\t\t\t\t\t<p>*Ml\u00e1de\u017e: 15\u201323,99 let \/ Senio\u0159i: 60+<\/p><p class=\"p1\">P\u0159\u00edplatek za jednol\u016f\u017ekov\u00fd pokoj: 55,00 \u20ac<\/p>\t\t\t\t\t\t<\/div>\n\t\t\t\t<\/div>\n\t\t\t\t<\/div>\n\t\t\t\t\t<\/div>\n\t\t\t\t<\/div>\n\t\t<div class=\"elementor-element elementor-element-6d74232 e-flex e-con-boxed e-con e-parent\" data-id=\"6d74232\" data-element_type=\"container\" data-settings=\"{&quot;background_background&quot;:&quot;classic&quot;}\">\n\t\t\t\t\t<div class=\"e-con-inner\">\n\t\t\t\t<div class=\"elementor-element elementor-element-6963b06 elementor-widget-divider--view-line elementor-widget elementor-widget-divider\" data-id=\"6963b06\" data-element_type=\"widget\" data-widget_type=\"divider.default\">\n\t\t\t\t<div class=\"elementor-widget-container\">\n\t\t\t\t\t<div class=\"elementor-divider\">\n\t\t\t<span class=\"elementor-divider-separator\">\n\t\t\t\t\t\t<\/span>\n\t\t<\/div>\n\t\t\t\t<\/div>\n\t\t\t\t<\/div>\n\t\t\t\t\t<\/div>\n\t\t\t\t<\/div>\n\t\t<div class=\"elementor-element elementor-element-edc3c27 sectino-addtional-txt-2-col e-flex e-con-boxed e-con e-parent\" data-id=\"edc3c27\" data-element_type=\"container\" id=\"more-about-spa\" data-settings=\"{&quot;background_background&quot;:&quot;classic&quot;}\">\n\t\t\t\t\t<div class=\"e-con-inner\">\n\t\t<div class=\"elementor-element elementor-element-dca50f8 e-con-full e-flex e-con e-child\" data-id=\"dca50f8\" data-element_type=\"container\">\n\t\t\t\t<div class=\"elementor-element elementor-element-6b4f3eb elementor-widget elementor-widget-text-editor\" data-id=\"6b4f3eb\" data-element_type=\"widget\" data-widget_type=\"text-editor.default\">\n\t\t\t\t<div class=\"elementor-widget-container\">\n\t\t\t\t\t\t\t<p class=\"p1\"><strong>Dal\u0161\u00ed v\u00fdhody<\/strong><\/p>\t\t\t\t\t\t<\/div>\n\t\t\t\t<\/div>\n\t\t\t\t<\/div>\n\t\t<div class=\"elementor-element elementor-element-975ff04 e-con-full e-flex e-con e-child\" data-id=\"975ff04\" data-element_type=\"container\">\n\t\t\t\t<div class=\"elementor-element elementor-element-28c409a elementor-widget elementor-widget-text-editor\" data-id=\"28c409a\" data-element_type=\"widget\" data-widget_type=\"text-editor.default\">\n\t\t\t\t<div class=\"elementor-widget-container\">\n\t\t\t\t\t\t\t<ul class=\"ul1\"><li data-start=\"1708\" data-end=\"1745\"><p data-start=\"1710\" data-end=\"1745\">Kryt\u00e9 kluzi\u0161t\u011b v bl\u00edzkosti hotelu<\/p><\/li><li data-start=\"1746\" data-end=\"1780\"><p data-start=\"1748\" data-end=\"1780\">B\u011b\u017eka\u0159sk\u00e9 trat\u011b p\u0159\u00edmo u hotelu<\/p><\/li><li data-start=\"1781\" data-end=\"1824\"><p data-start=\"1783\" data-end=\"1824\">Slevy pro v\u00edce osob (plat\u00ed pro apartm\u00e1ny)<\/p><\/li><\/ul>\t\t\t\t\t\t<\/div>\n\t\t\t\t<\/div>\n\t\t\t\t<\/div>\n\t\t\t\t\t<\/div>\n\t\t\t\t<\/div>\n\t\t<div class=\"elementor-element elementor-element-0cce0a0 sectino-addtional-txt-2-col e-flex e-con-boxed e-con e-parent\" data-id=\"0cce0a0\" data-element_type=\"container\" data-settings=\"{&quot;background_background&quot;:&quot;classic&quot;}\">\n\t\t\t\t\t<div class=\"e-con-inner\">\n\t\t<div class=\"elementor-element elementor-element-b08bc93 e-con-full e-flex e-con e-child\" data-id=\"b08bc93\" data-element_type=\"container\">\n\t\t\t\t<div class=\"elementor-element elementor-element-3471791 elementor-widget elementor-widget-text-editor\" data-id=\"3471791\" data-element_type=\"widget\" data-widget_type=\"text-editor.default\">\n\t\t\t\t<div class=\"elementor-widget-container\">\n\t\t\t\t\t\t\t<p class=\"p1\"><strong>P\u0159\u00edplatky<\/strong><\/p>\t\t\t\t\t\t<\/div>\n\t\t\t\t<\/div>\n\t\t\t\t<\/div>\n\t\t<div class=\"elementor-element elementor-element-0b9af51 e-con-full e-flex e-con e-child\" data-id=\"0b9af51\" data-element_type=\"container\">\n\t\t\t\t<div class=\"elementor-element elementor-element-134ad05 elementor-widget elementor-widget-text-editor\" data-id=\"134ad05\" data-element_type=\"widget\" data-widget_type=\"text-editor.default\">\n\t\t\t\t<div class=\"elementor-widget-container\">\n\t\t\t\t\t\t\t<p><strong>Turistick\u00e1 taxa za den:<\/strong><\/p><ul><li data-start=\"3436\" data-end=\"3456\"><p data-start=\"3438\" data-end=\"3456\">2,50 \u20ac (dosp\u011bl\u00ed)<\/p><\/li><li data-start=\"3457\" data-end=\"3481\"><p data-start=\"3459\" data-end=\"3481\">1,25 \u20ac (d\u011bti 7\u201318 let)<\/p><\/li><\/ul>\t\t\t\t\t\t<\/div>\n\t\t\t\t<\/div>\n\t\t\t\t<\/div>\n\t\t\t\t\t<\/div>\n\t\t\t\t<\/div>\n\t\t<div class=\"elementor-element elementor-element-26b1915 e-flex e-con-boxed e-con e-parent\" data-id=\"26b1915\" data-element_type=\"container\" data-settings=\"{&quot;background_background&quot;:&quot;classic&quot;}\">\n\t\t\t\t\t<div class=\"e-con-inner\">\n\t\t\t\t<div class=\"elementor-element elementor-element-5c6f93f elementor-widget-divider--view-line elementor-widget elementor-widget-divider\" data-id=\"5c6f93f\" data-element_type=\"widget\" data-widget_type=\"divider.default\">\n\t\t\t\t<div class=\"elementor-widget-container\">\n\t\t\t\t\t<div class=\"elementor-divider\">\n\t\t\t<span class=\"elementor-divider-separator\">\n\t\t\t\t\t\t<\/span>\n\t\t<\/div>\n\t\t\t\t<\/div>\n\t\t\t\t<\/div>\n\t\t\t\t\t<\/div>\n\t\t\t\t<\/div>\n\t\t<div class=\"elementor-element elementor-element-22ba8008 e-flex e-con-boxed e-con e-parent\" data-id=\"22ba8008\" data-element_type=\"container\" data-settings=\"{&quot;background_background&quot;:&quot;classic&quot;}\">\n\t\t\t\t\t<div class=\"e-con-inner\">\n\t\t\t\t<div class=\"elementor-element elementor-element-48c1d7e2 elementor-invisible elementor-widget elementor-widget-text-editor\" data-id=\"48c1d7e2\" data-element_type=\"widget\" data-settings=\"{&quot;_animation&quot;:&quot;slideInLeft&quot;}\" data-widget_type=\"text-editor.default\">\n\t\t\t\t<div class=\"elementor-widget-container\">\n\t\t\t\t\t\t\t<p class=\"p1\">Rezervace a informace<\/p>\t\t\t\t\t\t<\/div>\n\t\t\t\t<\/div>\n\t\t\t\t<div class=\"elementor-element elementor-element-7a3e4b64 elementor-widget__width-initial elementor-widget elementor-widget-text-editor\" data-id=\"7a3e4b64\" data-element_type=\"widget\" data-widget_type=\"text-editor.default\">\n\t\t\t\t<div class=\"elementor-widget-container\">\n\t\t\t\t\t\t\t<p class=\"p1\">Pro v\u00edce informac\u00ed n\u00e1s kontaktujte.<br data-start=\"3556\" data-end=\"3559\" \/>T\u011b\u0161\u00edme se na va\u0161i n\u00e1v\u0161t\u011bvu!<\/p>\t\t\t\t\t\t<\/div>\n\t\t\t\t<\/div>\n\t\t\t\t<div class=\"elementor-element elementor-element-742319a9 elementor-align-center elementor-widget elementor-widget-button\" data-id=\"742319a9\" data-element_type=\"widget\" data-widget_type=\"button.default\">\n\t\t\t\t<div class=\"elementor-widget-container\">\n\t\t\t\t\t\t\t<div class=\"elementor-button-wrapper\">\n\t\t\t\t\t<a class=\"elementor-button elementor-button-link elementor-size-sm\" href=\"\/kontaktirajte-nas\/\">\n\t\t\t\t\t\t<span class=\"elementor-button-content-wrapper\">\n\t\t\t\t\t\t\t\t\t<span class=\"elementor-button-text\">Kontaktujte n\u00e1s<\/span>\n\t\t\t\t\t<\/span>\n\t\t\t\t\t<\/a>\n\t\t\t\t<\/div>\n\t\t\t\t\t\t<\/div>\n\t\t\t\t<\/div>\n\t\t\t\t\t<\/div>\n\t\t\t\t<\/div>\n\t\t\t\t<\/div>\n\t\t","protected":false},"excerpt":{"rendered":"<p>Ski &amp; SPA bal\u00ed\u010dek Ly\u017eov\u00e1n\u00ed na Voglu Za\u017eijte dokonal\u00fd zimn\u00ed pobyt v Bohinju. U\u017eijte si \u010derstv\u00fd horsk\u00fd vzduch, kr\u00e1sn\u00e9 v\u00fdhledy a \u0161pi\u010dkov\u00e9 ly\u017eov\u00e1n\u00ed na Voglu. Po aktivn\u00edm dni na sn\u011bhu se uvoln\u011bte ve stylov\u00e9m SPA centru a na\u010derpejte energii pro dal\u0161\u00ed z\u00e1\u017eitky. Bal\u00ed\u010dek zahrnuje 2, 3 nebo 4 noci v komfortn\u00edm dvoul\u016f\u017ekov\u00e9m pokoji Bohat\u00e9 sn\u00edda\u0148ov\u00e9 [&hellip;]<\/p>\n","protected":false},"author":5,"featured_media":0,"parent":0,"menu_order":0,"comment_status":"closed","ping_status":"closed","template":"","meta":{"_acf_changed":false,"footnotes":""},"class_list":["post-11611","page","type-page","status-publish","hentry"],"acf":[],"_links":{"self":[{"href":"https:\/\/www.bohinj-riverhouse.si\/cs\/wp-json\/wp\/v2\/pages\/11611","targetHints":{"allow":["GET"]}}],"collection":[{"href":"https:\/\/www.bohinj-riverhouse.si\/cs\/wp-json\/wp\/v2\/pages"}],"about":[{"href":"https:\/\/www.bohinj-riverhouse.si\/cs\/wp-json\/wp\/v2\/types\/page"}],"author":[{"embeddable":true,"href":"https:\/\/www.bohinj-riverhouse.si\/cs\/wp-json\/wp\/v2\/users\/5"}],"replies":[{"embeddable":true,"href":"https:\/\/www.bohinj-riverhouse.si\/cs\/wp-json\/wp\/v2\/comments?post=11611"}],"version-history":[{"count":16,"href":"https:\/\/www.bohinj-riverhouse.si\/cs\/wp-json\/wp\/v2\/pages\/11611\/revisions"}],"predecessor-version":[{"id":11744,"href":"https:\/\/www.bohinj-riverhouse.si\/cs\/wp-json\/wp\/v2\/pages\/11611\/revisions\/11744"}],"wp:attachment":[{"href":"https:\/\/www.bohinj-riverhouse.si\/cs\/wp-json\/wp\/v2\/media?parent=11611"}],"curies":[{"name":"wp","href":"https:\/\/api.w.org\/{rel}","templated":true}]}}