{"id":6118,"date":"2025-01-13T11:31:15","date_gmt":"2025-01-13T10:31:15","guid":{"rendered":"https:\/\/bohinj-riverhouse.si\/blog\/"},"modified":"2025-02-22T23:13:25","modified_gmt":"2025-02-22T22:13:25","slug":"blog","status":"publish","type":"page","link":"https:\/\/www.bohinj-riverhouse.si\/cs\/blog\/","title":{"rendered":"Blog"},"content":{"rendered":"\t\t<div data-elementor-type=\"wp-page\" data-elementor-id=\"6118\" class=\"elementor elementor-6118 elementor-3954\" data-elementor-post-type=\"page\">\n\t\t\t\t<div class=\"elementor-element elementor-element-b540cc6 e-con-full e-flex e-con e-parent\" data-id=\"b540cc6\" data-element_type=\"container\" data-settings=\"{&quot;background_background&quot;:&quot;classic&quot;}\">\n\t\t\t\t<div class=\"elementor-element elementor-element-14b2bf2 elementor-widget elementor-widget-spacer\" data-id=\"14b2bf2\" data-element_type=\"widget\" data-widget_type=\"spacer.default\">\n\t\t\t\t<div class=\"elementor-widget-container\">\n\t\t\t\t\t<div class=\"elementor-spacer\">\n\t\t\t<div class=\"elementor-spacer-inner\"><\/div>\n\t\t<\/div>\n\t\t\t\t<\/div>\n\t\t\t\t<\/div>\n\t\t\t\t<div class=\"elementor-element elementor-element-3848f92 single-page-post-title-wrapper elementor-widget elementor-widget-heading\" data-id=\"3848f92\" data-element_type=\"widget\" data-widget_type=\"heading.default\">\n\t\t\t\t<div class=\"elementor-widget-container\">\n\t\t\t<h2 class=\"elementor-heading-title elementor-size-default\">Blog<\/h2>\t\t<\/div>\n\t\t\t\t<\/div>\n\t\t\t\t<\/div>\n\t\t<div class=\"elementor-element elementor-element-5a0be45 home-section-3 blog-archive-sec-1 e-flex e-con-boxed e-con e-parent\" data-id=\"5a0be45\" data-element_type=\"container\" data-settings=\"{&quot;background_background&quot;:&quot;classic&quot;}\">\n\t\t\t\t\t<div class=\"e-con-inner\">\n\t\t<div class=\"elementor-element elementor-element-bad81f0 e-con-full col-1 pad-l pad-r e-flex e-con e-child\" data-id=\"bad81f0\" data-element_type=\"container\" data-settings=\"{&quot;background_background&quot;:&quot;classic&quot;}\">\n\t\t\t\t<div class=\"elementor-element elementor-element-61137c9b elementor-widget elementor-widget-breadcrumbs\" data-id=\"61137c9b\" data-element_type=\"widget\" data-widget_type=\"breadcrumbs.default\">\n\t\t\t\t<div class=\"elementor-widget-container\">\n\t\t\t<p id=\"breadcrumbs\"><span><span><a href=\"https:\/\/www.bohinj-riverhouse.si\/cs\/\">Dom\u016f<\/a><\/span><\/span><\/p>\t\t<\/div>\n\t\t\t\t<\/div>\n\t\t\t\t<\/div>\n\t\t\t\t\t<\/div>\n\t\t\t\t<\/div>\n\t\t<div class=\"elementor-element elementor-element-2130628 home-section-3  highlited-section e-flex e-con-boxed e-con e-parent\" data-id=\"2130628\" data-element_type=\"container\" data-settings=\"{&quot;background_background&quot;:&quot;classic&quot;}\">\n\t\t\t\t\t<div class=\"e-con-inner\">\n\t\t<div class=\"elementor-element elementor-element-f1328b1 e-con-full col-1 pad-l e-flex e-con e-child\" data-id=\"f1328b1\" data-element_type=\"container\" data-settings=\"{&quot;background_background&quot;:&quot;classic&quot;}\">\n\t\t\t\t<div class=\"elementor-element elementor-element-023dd40 elementor-widget elementor-widget-text-editor\" data-id=\"023dd40\" data-element_type=\"widget\" data-widget_type=\"text-editor.default\">\n\t\t\t\t<div class=\"elementor-widget-container\">\n\t\t\t\t\t\t\t<p>Bohinjsk\u00e9 p\u0159\u00edb\u011bhy<\/p>\t\t\t\t\t\t<\/div>\n\t\t\t\t<\/div>\n\t\t\t\t<\/div>\n\t\t<div class=\"elementor-element elementor-element-aee0e11 e-con-full pad-r e-flex e-con e-child\" data-id=\"aee0e11\" data-element_type=\"container\" data-settings=\"{&quot;background_background&quot;:&quot;classic&quot;}\">\n\t\t\t\t<div class=\"elementor-element elementor-element-20d1fa2 elementor-widget elementor-widget-text-editor\" data-id=\"20d1fa2\" data-element_type=\"widget\" data-widget_type=\"text-editor.default\">\n\t\t\t\t<div class=\"elementor-widget-container\">\n\t\t\t\t\t\t\t<p>Kde se tradice setk\u00e1v\u00e1 s udr\u017eitelnost\u00ed<\/p>\t\t\t\t\t\t<\/div>\n\t\t\t\t<\/div>\n\t\t\t\t<div class=\"elementor-element elementor-element-0d43ad7 elementor-widget elementor-widget-text-editor\" data-id=\"0d43ad7\" data-element_type=\"widget\" data-widget_type=\"text-editor.default\">\n\t\t\t\t<div class=\"elementor-widget-container\">\n\t\t\t\t\t\t\t<p>Pono\u0159te se do na\u0161eho blogu a bl\u00ed\u017ee se pod\u00edvejte na kouzlo a kr\u00e1su Bohinje. Od zasv\u011bcen\u00fdch tip\u016f a pr\u016fvodc\u016f aktivitami a\u017e po kulturn\u00ed zaj\u00edmavosti a m\u00edstn\u00ed p\u0159\u00edb\u011bhy jsou na\u0161e \u010dl\u00e1nky navr\u017eeny tak, aby v\u00e1s inspirovaly a pomohly v\u00e1m co nejl\u00e9pe vyu\u017e\u00edt va\u0161i n\u00e1v\u0161t\u011bvu t\u00e9to \u00fa\u017easn\u00e9 alpsk\u00e9 destinace. Prozkoumejte Bohinj na\u0161ima o\u010dima a napl\u00e1nujte si dal\u0161\u00ed nezapomenuteln\u00e9 dobrodru\u017estv\u00ed.<\/p>\t\t\t\t\t\t<\/div>\n\t\t\t\t<\/div>\n\t\t\t\t<\/div>\n\t\t\t\t\t<\/div>\n\t\t\t\t<\/div>\n\t\t<div class=\"elementor-element elementor-element-170319d9 e-con-full overflow-hid mid-padding e-flex e-con e-parent\" data-id=\"170319d9\" data-element_type=\"container\" data-settings=\"{&quot;background_background&quot;:&quot;classic&quot;}\">\n\t\t<div class=\"elementor-element elementor-element-daca6e9 e-flex e-con-boxed e-con e-child\" data-id=\"daca6e9\" data-element_type=\"container\">\n\t\t\t\t\t<div class=\"e-con-inner\">\n\t\t\t\t<div class=\"elementor-element elementor-element-748d9fe elementor-widget elementor-widget-prispevki-archive\" data-id=\"748d9fe\" data-element_type=\"widget\" data-widget_type=\"prispevki-archive.default\">\n\t\t\t\t<div class=\"elementor-widget-container\">\n\t\t\t\r\n       \t\t\t\t\t\t<div class=\"bohinj-river-house-prispevki-slider bohinj-river-house-prispevki-archive\">\r\n\t\t\t\t\t<div class=\"posts-wrapper\">\r\n\t\t\t\t\t\t\t\t\t\t\t\t\t\t\t\t\t\t\t\t\t\t\t\t\t\t\t\t<div class=\"post-wrapper\" >\r\n\t\t\t\t\t\t\t\t\t<div class=\"inner-wrapper\">\r\n\t\t\t\t\t\t\t\t\t\t<div class=\"post-content\">\r\n\t\t\t\t\t\t\t\t\t\t\t<a href=\"https:\/\/www.bohinj-riverhouse.si\/cs\/souteska-mostnica-a-udoli-voje\/\">\r\n\t\t\t\t\t\t\t\t\t\t\t\t<div class=\"post-image\">\r\n\t\t\t\t\t\t\t\t\t\t\t\t\t\t\t\t\t\t\t\t\t\t\t\t\t\t\t<img fetchpriority=\"high\" decoding=\"async\" width=\"460\" height=\"375\" src=\"https:\/\/www.bohinj-riverhouse.si\/wp-content\/uploads\/2025\/01\/Bohinj-nature-460x375.jpg\" class=\"attachment-elementor-blog-thumbnail size-elementor-blog-thumbnail wp-post-image\" alt=\"\" \/>\t\t\t\t\t\t\t\t\t\t\t\t\t\t\t\t\t\t\t\t\t\t\t\t\t<\/div>\r\n\t\t\t\t\t\t\t\t\t\t\t\t<div class=\"post-meta-data\">\r\n\t\t\t\t\t\t\t\t\t\t\t\t\t<div class=\"title\">\r\n\t\t\t\t\t\t\t\t\t\t\t\t\t\t<span>Sout\u011bska Mostnica a \u00fadol\u00ed Voje<\/span>\r\n\t\t\t\t\t\t\t\t\t\t\t\t\t<\/div>\r\n\t\t\t\t\t\t\t\t\t\t\t\t\t<div class=\"excerpt\">\r\n\t\t\t\t\t\t\t\t\t\t\t\t\t\t<span>Sout\u011bska Mostnica a \u00fadol\u00ed Voje jsou dv\u011b z nej\u00fa\u017easn\u011bj\u0161\u00edch p\u0159\u00edrodn\u00edch atrakc\u00ed Bohinje, kter\u00e9 n\u00e1v\u0161t\u011bvn\u00edk\u016fm nab\u00edzej\u00ed mo\u017enost prozkoumat ...<\/span>\r\n\t\t\t\t\t\t\t\t\t\t\t\t\t<\/div>\r\n\t\t\t\t\t\t\t\t\t\t\t\t<\/div>\r\n\t\t\t\t\t\t\t\t\t\t\t<\/a>\r\n\t\t\t\t\t\t\t\t\t\t<\/div>\r\n\t\t\t\t\t\t\t\t\t<\/div>\t\r\n\t\t\t\t\t\t\t\t<\/div>\r\n\t\t\t\t\t\t\t\t\t\t\t\t\t \t\t\t\t\t\t\t\t\t\t\t\t\t\t\t\t\t\t\t\t\t\t<div class=\"post-wrapper\" >\r\n\t\t\t\t\t\t\t\t\t<div class=\"inner-wrapper\">\r\n\t\t\t\t\t\t\t\t\t\t<div class=\"post-content\">\r\n\t\t\t\t\t\t\t\t\t\t\t<a href=\"https:\/\/www.bohinj-riverhouse.si\/cs\/triglavsky-narodni-park\/\">\r\n\t\t\t\t\t\t\t\t\t\t\t\t<div class=\"post-image\">\r\n\t\t\t\t\t\t\t\t\t\t\t\t\t\t\t\t\t\t\t\t\t\t\t\t\t\t\t<img decoding=\"async\" width=\"460\" height=\"375\" src=\"https:\/\/www.bohinj-riverhouse.si\/wp-content\/uploads\/2025\/01\/triglav-hike-460x375.jpg\" class=\"attachment-elementor-blog-thumbnail size-elementor-blog-thumbnail wp-post-image\" alt=\"\" \/>\t\t\t\t\t\t\t\t\t\t\t\t\t\t\t\t\t\t\t\t\t\t\t\t\t<\/div>\r\n\t\t\t\t\t\t\t\t\t\t\t\t<div class=\"post-meta-data\">\r\n\t\t\t\t\t\t\t\t\t\t\t\t\t<div class=\"title\">\r\n\t\t\t\t\t\t\t\t\t\t\t\t\t\t<span>Triglavsk\u00fd n\u00e1rodn\u00ed park<\/span>\r\n\t\t\t\t\t\t\t\t\t\t\t\t\t<\/div>\r\n\t\t\t\t\t\t\t\t\t\t\t\t\t<div class=\"excerpt\">\r\n\t\t\t\t\t\t\t\t\t\t\t\t\t\t<span>Triglavsk\u00fd n\u00e1rodn\u00ed park, jeden z nejstar\u0161\u00edch a nej\u00fa\u017easn\u011bj\u0161\u00edch park\u016f Evropy, je svatyn\u00ed nedot\u010den\u00e9 alpsk\u00e9 p\u0159\u00edrody a kulturn\u00edho d\u011bdictv\u00ed. Rozkl\u00e1d\u00e1 se na t\u00e9m\u011b\u0159 ...<\/span>\r\n\t\t\t\t\t\t\t\t\t\t\t\t\t<\/div>\r\n\t\t\t\t\t\t\t\t\t\t\t\t<\/div>\r\n\t\t\t\t\t\t\t\t\t\t\t<\/a>\r\n\t\t\t\t\t\t\t\t\t\t<\/div>\r\n\t\t\t\t\t\t\t\t\t<\/div>\t\r\n\t\t\t\t\t\t\t\t<\/div>\r\n\t\t\t\t\t\t\t\t\t\t\t\t\t \t\t\t\t\t\t\t\t\t\t\t\t\t\t\t\t\t\t\t\t\t\t<div class=\"post-wrapper\" >\r\n\t\t\t\t\t\t\t\t\t<div class=\"inner-wrapper\">\r\n\t\t\t\t\t\t\t\t\t\t<div class=\"post-content\">\r\n\t\t\t\t\t\t\t\t\t\t\t<a href=\"https:\/\/www.bohinj-riverhouse.si\/cs\/pravidla-pro-plavbu-na-jezere-bohinj\/\">\r\n\t\t\t\t\t\t\t\t\t\t\t\t<div class=\"post-image\">\r\n\t\t\t\t\t\t\t\t\t\t\t\t\t\t\t\t\t\t\t\t\t\t\t\t\t\t\t<img decoding=\"async\" width=\"460\" height=\"375\" src=\"https:\/\/www.bohinj-riverhouse.si\/wp-content\/uploads\/2025\/01\/Boat-bohinj-460x375.jpg\" class=\"attachment-elementor-blog-thumbnail size-elementor-blog-thumbnail wp-post-image\" alt=\"\" \/>\t\t\t\t\t\t\t\t\t\t\t\t\t\t\t\t\t\t\t\t\t\t\t\t\t<\/div>\r\n\t\t\t\t\t\t\t\t\t\t\t\t<div class=\"post-meta-data\">\r\n\t\t\t\t\t\t\t\t\t\t\t\t\t<div class=\"title\">\r\n\t\t\t\t\t\t\t\t\t\t\t\t\t\t<span>Pravidla pro plavbu na jeze\u0159e Bohinj<\/span>\r\n\t\t\t\t\t\t\t\t\t\t\t\t\t<\/div>\r\n\t\t\t\t\t\t\t\t\t\t\t\t\t<div class=\"excerpt\">\r\n\t\t\t\t\t\t\t\t\t\t\t\t\t\t<span>Prozkoumejte jezero Bohinj a \u0159eku Sava Bohinjka s bezmotorov\u00fdmi plavidly do 8 m. Pou\u017e\u00edvejte ur\u010den\u00e1 vstupn\u00ed\/v\u00fdstupn\u00ed m\u00edsta a kotvi\u0161t\u011b a ujist\u011bte se ...<\/span>\r\n\t\t\t\t\t\t\t\t\t\t\t\t\t<\/div>\r\n\t\t\t\t\t\t\t\t\t\t\t\t<\/div>\r\n\t\t\t\t\t\t\t\t\t\t\t<\/a>\r\n\t\t\t\t\t\t\t\t\t\t<\/div>\r\n\t\t\t\t\t\t\t\t\t<\/div>\t\r\n\t\t\t\t\t\t\t\t<\/div>\r\n\t\t\t\t\t\t\t\t\t\t\t\t\t \t\t\t\t\t\t\t\t\t\t\t\t\t\t\t\t\t\t\t\t\t\t<div class=\"post-wrapper\" >\r\n\t\t\t\t\t\t\t\t\t<div class=\"inner-wrapper\">\r\n\t\t\t\t\t\t\t\t\t\t<div class=\"post-content\">\r\n\t\t\t\t\t\t\t\t\t\t\t<a href=\"https:\/\/www.bohinj-riverhouse.si\/cs\/zimni-aktivity-v-bohinji\/\">\r\n\t\t\t\t\t\t\t\t\t\t\t\t<div class=\"post-image\">\r\n\t\t\t\t\t\t\t\t\t\t\t\t\t\t\t\t\t\t\t\t\t\t\t\t\t\t\t<img loading=\"lazy\" decoding=\"async\" width=\"460\" height=\"375\" src=\"https:\/\/www.bohinj-riverhouse.si\/wp-content\/uploads\/2025\/01\/Winter-sports-460x375.jpg\" class=\"attachment-elementor-blog-thumbnail size-elementor-blog-thumbnail wp-post-image\" alt=\"\" \/>\t\t\t\t\t\t\t\t\t\t\t\t\t\t\t\t\t\t\t\t\t\t\t\t\t<\/div>\r\n\t\t\t\t\t\t\t\t\t\t\t\t<div class=\"post-meta-data\">\r\n\t\t\t\t\t\t\t\t\t\t\t\t\t<div class=\"title\">\r\n\t\t\t\t\t\t\t\t\t\t\t\t\t\t<span>Zimn\u00ed aktivity v Bohinji<\/span>\r\n\t\t\t\t\t\t\t\t\t\t\t\t\t<\/div>\r\n\t\t\t\t\t\t\t\t\t\t\t\t\t<div class=\"excerpt\">\r\n\t\t\t\t\t\t\t\t\t\t\t\t\t\t<span>Bohinj se prom\u011bn\u00ed v zimn\u00ed \u0159\u00ed\u0161i div\u016f, kter\u00e1 nab\u00edz\u00ed aktivity pro ka\u017ed\u00fd vkus \u2013 od ly\u017eov\u00e1n\u00ed v sedmi ly\u017ea\u0159sk\u00fdch st\u0159edisc\u00edch a\u017e po v\u00fdlety na sn\u011b\u017enic\u00edch v ...<\/span>\r\n\t\t\t\t\t\t\t\t\t\t\t\t\t<\/div>\r\n\t\t\t\t\t\t\t\t\t\t\t\t<\/div>\r\n\t\t\t\t\t\t\t\t\t\t\t<\/a>\r\n\t\t\t\t\t\t\t\t\t\t<\/div>\r\n\t\t\t\t\t\t\t\t\t<\/div>\t\r\n\t\t\t\t\t\t\t\t<\/div>\r\n\t\t\t\t\t\t\t\t\t\t\t\t\t \t\t\t\t\t<\/div>\r\n\t\t\t\t\t\t\t\t\t<\/div>\r\n\t\t\t\r\n\t\t\t\r\n                \t\t<\/div>\n\t\t\t\t<\/div>\n\t\t\t\t\t<\/div>\n\t\t\t\t<\/div>\n\t\t\t\t<\/div>\n\t\t\t\t<\/div>\n\t\t","protected":false},"excerpt":{"rendered":"<p>Blog Bohinjsk\u00e9 p\u0159\u00edb\u011bhy Kde se tradice setk\u00e1v\u00e1 s udr\u017eitelnost\u00ed Pono\u0159te se do na\u0161eho blogu a bl\u00ed\u017ee se pod\u00edvejte na kouzlo a kr\u00e1su Bohinje. Od zasv\u011bcen\u00fdch tip\u016f a pr\u016fvodc\u016f aktivitami a\u017e po kulturn\u00ed zaj\u00edmavosti a m\u00edstn\u00ed p\u0159\u00edb\u011bhy jsou na\u0161e \u010dl\u00e1nky navr\u017eeny tak, aby v\u00e1s inspirovaly a pomohly v\u00e1m co nejl\u00e9pe vyu\u017e\u00edt va\u0161i n\u00e1v\u0161t\u011bvu t\u00e9to \u00fa\u017easn\u00e9 alpsk\u00e9 [&hellip;]<\/p>\n","protected":false},"author":5,"featured_media":0,"parent":0,"menu_order":0,"comment_status":"closed","ping_status":"closed","template":"","meta":{"_acf_changed":false,"footnotes":""},"class_list":["post-6118","page","type-page","status-publish","hentry"],"acf":[],"_links":{"self":[{"href":"https:\/\/www.bohinj-riverhouse.si\/cs\/wp-json\/wp\/v2\/pages\/6118","targetHints":{"allow":["GET"]}}],"collection":[{"href":"https:\/\/www.bohinj-riverhouse.si\/cs\/wp-json\/wp\/v2\/pages"}],"about":[{"href":"https:\/\/www.bohinj-riverhouse.si\/cs\/wp-json\/wp\/v2\/types\/page"}],"author":[{"embeddable":true,"href":"https:\/\/www.bohinj-riverhouse.si\/cs\/wp-json\/wp\/v2\/users\/5"}],"replies":[{"embeddable":true,"href":"https:\/\/www.bohinj-riverhouse.si\/cs\/wp-json\/wp\/v2\/comments?post=6118"}],"version-history":[{"count":7,"href":"https:\/\/www.bohinj-riverhouse.si\/cs\/wp-json\/wp\/v2\/pages\/6118\/revisions"}],"predecessor-version":[{"id":10112,"href":"https:\/\/www.bohinj-riverhouse.si\/cs\/wp-json\/wp\/v2\/pages\/6118\/revisions\/10112"}],"wp:attachment":[{"href":"https:\/\/www.bohinj-riverhouse.si\/cs\/wp-json\/wp\/v2\/media?parent=6118"}],"curies":[{"name":"wp","href":"https:\/\/api.w.org\/{rel}","templated":true}]}}