{"id":6219,"date":"2025-01-20T08:49:45","date_gmt":"2025-01-20T07:49:45","guid":{"rendered":"https:\/\/bohinj-riverhouse.si\/cookies-and-privacy-policy\/"},"modified":"2025-02-18T14:20:21","modified_gmt":"2025-02-18T13:20:21","slug":"cookies-a-zasady-ochrany-osobnich-udaju","status":"publish","type":"page","link":"https:\/\/www.bohinj-riverhouse.si\/cs\/cookies-a-zasady-ochrany-osobnich-udaju\/","title":{"rendered":"Cookies a Z\u00e1sady ochrany osobn\u00edch \u00fadaj\u016f"},"content":{"rendered":"\t\t<div data-elementor-type=\"wp-page\" data-elementor-id=\"6219\" class=\"elementor elementor-6219 elementor-4454\" data-elementor-post-type=\"page\">\n\t\t\t\t<div class=\"elementor-element elementor-element-b540cc6 e-con-full e-flex e-con e-parent\" data-id=\"b540cc6\" data-element_type=\"container\" data-settings=\"{&quot;background_background&quot;:&quot;classic&quot;}\">\n\t\t\t\t<div class=\"elementor-element elementor-element-14b2bf2 elementor-widget elementor-widget-spacer\" data-id=\"14b2bf2\" data-element_type=\"widget\" data-widget_type=\"spacer.default\">\n\t\t\t\t<div class=\"elementor-widget-container\">\n\t\t\t\t\t<div class=\"elementor-spacer\">\n\t\t\t<div class=\"elementor-spacer-inner\"><\/div>\n\t\t<\/div>\n\t\t\t\t<\/div>\n\t\t\t\t<\/div>\n\t\t\t\t<div class=\"elementor-element elementor-element-3848f92 single-page-post-title-wrapper elementor-widget elementor-widget-heading\" data-id=\"3848f92\" data-element_type=\"widget\" data-widget_type=\"heading.default\">\n\t\t\t\t<div class=\"elementor-widget-container\">\n\t\t\t<h2 class=\"elementor-heading-title elementor-size-default\">Cookies a Z\u00e1sady <br>ochrany osobn\u00edch \u00fadaj\u016f<\/h2>\t\t<\/div>\n\t\t\t\t<\/div>\n\t\t\t\t<\/div>\n\t\t<div class=\"elementor-element elementor-element-5a0be45 home-section-3 e-flex e-con-boxed e-con e-parent\" data-id=\"5a0be45\" data-element_type=\"container\" data-settings=\"{&quot;background_background&quot;:&quot;classic&quot;}\">\n\t\t\t\t\t<div class=\"e-con-inner\">\n\t\t<div class=\"elementor-element elementor-element-bad81f0 e-con-full col-1 pad-l pad-r e-flex e-con e-child\" data-id=\"bad81f0\" data-element_type=\"container\" data-settings=\"{&quot;background_background&quot;:&quot;classic&quot;}\">\n\t\t\t\t<div class=\"elementor-element elementor-element-61137c9b brown-breadcrumbs elementor-widget elementor-widget-breadcrumbs\" data-id=\"61137c9b\" data-element_type=\"widget\" data-widget_type=\"breadcrumbs.default\">\n\t\t\t\t<div class=\"elementor-widget-container\">\n\t\t\t<p id=\"breadcrumbs\"><span><span><a href=\"https:\/\/www.bohinj-riverhouse.si\/cs\/\">Dom\u016f<\/a><\/span><\/span><\/p>\t\t<\/div>\n\t\t\t\t<\/div>\n\t\t\t\t<\/div>\n\t\t\t\t\t<\/div>\n\t\t\t\t<\/div>\n\t\t<div class=\"elementor-element elementor-element-2130628 home-section-3 highlited-section e-flex e-con-boxed e-con e-parent\" data-id=\"2130628\" data-element_type=\"container\" data-settings=\"{&quot;background_background&quot;:&quot;classic&quot;}\">\n\t\t\t\t\t<div class=\"e-con-inner\">\n\t\t<div class=\"elementor-element elementor-element-f1328b1 e-con-full col-1 pad-l e-flex e-con e-child\" data-id=\"f1328b1\" data-element_type=\"container\" data-settings=\"{&quot;background_background&quot;:&quot;classic&quot;}\">\n\t\t\t\t<div class=\"elementor-element elementor-element-e9dc7b0 elementor-invisible elementor-widget elementor-widget-text-editor\" data-id=\"e9dc7b0\" data-element_type=\"widget\" data-settings=\"{&quot;_animation&quot;:&quot;slideInLeft&quot;}\" data-widget_type=\"text-editor.default\">\n\t\t\t\t<div class=\"elementor-widget-container\">\n\t\t\t\t\t\t\t<p>O<\/p>\t\t\t\t\t\t<\/div>\n\t\t\t\t<\/div>\n\t\t\t\t<\/div>\n\t\t<div class=\"elementor-element elementor-element-aee0e11 e-con-full pad-r e-flex e-con e-child\" data-id=\"aee0e11\" data-element_type=\"container\" data-settings=\"{&quot;background_background&quot;:&quot;classic&quot;}\">\n\t\t\t\t<div class=\"elementor-element elementor-element-0f4dd9e elementor-widget__width-initial elementor-widget elementor-widget-text-editor\" data-id=\"0f4dd9e\" data-element_type=\"widget\" data-widget_type=\"text-editor.default\">\n\t\t\t\t<div class=\"elementor-widget-container\">\n\t\t\t\t\t\t\t<p>Na\u0161e z\u00e1sady ochrany osobn\u00edch \u00fadaj\u016f vysv\u011btluj\u00ed, jak shroma\u017e\u010fujeme, pou\u017e\u00edv\u00e1me a chr\u00e1n\u00edme va\u0161e \u00fadaje. Soubory cookie pou\u017e\u00edv\u00e1me k vylep\u0161en\u00ed va\u0161eho z\u00e1\u017eitku a anal\u00fdze v\u00fdkonu webu.<\/p>\t\t\t\t\t\t<\/div>\n\t\t\t\t<\/div>\n\t\t\t\t<\/div>\n\t\t\t\t\t<\/div>\n\t\t\t\t<\/div>\n\t\t<div class=\"elementor-element elementor-element-0a6b37d mid-padding e-flex e-con-boxed e-con e-parent\" data-id=\"0a6b37d\" data-element_type=\"container\" data-settings=\"{&quot;background_background&quot;:&quot;classic&quot;}\">\n\t\t\t\t\t<div class=\"e-con-inner\">\n\t\t<div class=\"elementor-element elementor-element-5eae5fd e-con-full e-flex e-con e-child\" data-id=\"5eae5fd\" data-element_type=\"container\">\n\t\t\t\t<div class=\"elementor-element elementor-element-f8d6ff4 elementor-widget elementor-widget-text-editor\" data-id=\"f8d6ff4\" data-element_type=\"widget\" data-widget_type=\"text-editor.default\">\n\t\t\t\t<div class=\"elementor-widget-container\">\n\t\t\t\t\t\t\tZ\u00e1sady ochrany osobn\u00edch \u00fadaj\t\t\t\t\t\t<\/div>\n\t\t\t\t<\/div>\n\t\t\t\t<\/div>\n\t\t<div class=\"elementor-element elementor-element-9763b34 e-con-full e-flex e-con e-child\" data-id=\"9763b34\" data-element_type=\"container\">\n\t\t\t\t<div class=\"elementor-element elementor-element-eea52df elementor-widget__width-auto elementor-widget elementor-widget-text-editor\" data-id=\"eea52df\" data-element_type=\"widget\" data-widget_type=\"text-editor.default\">\n\t\t\t\t<div class=\"elementor-widget-container\">\n\t\t\t\t\t\t\tVe spole\u010dnosti Bohinj River House si v\u00e1\u017e\u00edme va\u0161eho soukrom\u00ed a zavazujeme se chr\u00e1nit va\u0161e osobn\u00ed \u00fadaje. Tyto z\u00e1sady popisuj\u00ed, jak shroma\u017e\u010fujeme, pou\u017e\u00edv\u00e1me a uchov\u00e1v\u00e1me va\u0161e \u00fadaje v souladu s platn\u00fdmi z\u00e1kony a p\u0159edpisy.\t\t\t\t\t\t<\/div>\n\t\t\t\t<\/div>\n\t\t\t\t<\/div>\n\t\t\t\t\t<\/div>\n\t\t\t\t<\/div>\n\t\t<div class=\"elementor-element elementor-element-3eeed02 mid-padding e-flex e-con-boxed e-con e-parent\" data-id=\"3eeed02\" data-element_type=\"container\" data-settings=\"{&quot;background_background&quot;:&quot;classic&quot;}\">\n\t\t\t\t\t<div class=\"e-con-inner\">\n\t\t<div class=\"elementor-element elementor-element-02c4248 e-con-full e-flex e-con e-child\" data-id=\"02c4248\" data-element_type=\"container\">\n\t\t\t\t<div class=\"elementor-element elementor-element-f5dea79 elementor-widget elementor-widget-text-editor\" data-id=\"f5dea79\" data-element_type=\"widget\" data-widget_type=\"text-editor.default\">\n\t\t\t\t<div class=\"elementor-widget-container\">\n\t\t\t\t\t\t\t<p>Sb\u011br a pou\u017e\u00edv\u00e1n\u00ed dat<\/p>\t\t\t\t\t\t<\/div>\n\t\t\t\t<\/div>\n\t\t\t\t<\/div>\n\t\t<div class=\"elementor-element elementor-element-b6d3288 e-con-full e-flex e-con e-child\" data-id=\"b6d3288\" data-element_type=\"container\">\n\t\t\t\t<div class=\"elementor-element elementor-element-769fb86 elementor-widget__width-auto elementor-widget elementor-widget-text-editor\" data-id=\"769fb86\" data-element_type=\"widget\" data-widget_type=\"text-editor.default\">\n\t\t\t\t<div class=\"elementor-widget-container\">\n\t\t\t\t\t\t\t<p>Osobn\u00ed \u00fadaje shroma\u017e\u010fujeme pouze tehdy, je-li to nezbytn\u00e9, nap\u0159\u00edklad pro zpracov\u00e1n\u00ed rezervac\u00ed, odpov\u00edd\u00e1n\u00ed na dotazy a zlep\u0161ov\u00e1n\u00ed va\u0161ich zku\u0161enost\u00ed na na\u0161ich webov\u00fdch str\u00e1nk\u00e1ch. To m\u016f\u017ee zahrnovat va\u0161e jm\u00e9no, e-mailovou adresu, telefonn\u00ed \u010d\u00edslo a jak\u00e9koli podrobnosti poskytnut\u00e9 b\u011bhem komunikace nebo rezervace.<\/p>\t\t\t\t\t\t<\/div>\n\t\t\t\t<\/div>\n\t\t\t\t<\/div>\n\t\t\t\t\t<\/div>\n\t\t\t\t<\/div>\n\t\t<div class=\"elementor-element elementor-element-ee5674b mid-padding e-flex e-con-boxed e-con e-parent\" data-id=\"ee5674b\" data-element_type=\"container\" data-settings=\"{&quot;background_background&quot;:&quot;classic&quot;}\">\n\t\t\t\t\t<div class=\"e-con-inner\">\n\t\t<div class=\"elementor-element elementor-element-fa16a67 e-con-full e-flex e-con e-child\" data-id=\"fa16a67\" data-element_type=\"container\">\n\t\t\t\t<div class=\"elementor-element elementor-element-a1fd5b6 elementor-widget elementor-widget-text-editor\" data-id=\"a1fd5b6\" data-element_type=\"widget\" data-widget_type=\"text-editor.default\">\n\t\t\t\t<div class=\"elementor-widget-container\">\n\t\t\t\t\t\t\tZ\u00e1sady pou\u017e\u00edv\u00e1n\u00ed soubor\u016f cookie\t\t\t\t\t\t<\/div>\n\t\t\t\t<\/div>\n\t\t\t\t<\/div>\n\t\t<div class=\"elementor-element elementor-element-20eaa2f e-con-full e-flex e-con e-child\" data-id=\"20eaa2f\" data-element_type=\"container\">\n\t\t\t\t<div class=\"elementor-element elementor-element-31551b6 elementor-widget__width-auto elementor-widget elementor-widget-text-editor\" data-id=\"31551b6\" data-element_type=\"widget\" data-widget_type=\"text-editor.default\">\n\t\t\t\t<div class=\"elementor-widget-container\">\n\t\t\t\t\t\t\t<p>Cookies jsou mal\u00e9 textov\u00e9 soubory ulo\u017een\u00e9 ve va\u0161em za\u0159\u00edzen\u00ed pro zlep\u0161en\u00ed va\u0161eho z\u00e1\u017eitku z prohl\u00ed\u017een\u00ed. N\u00e1\u0161 web pou\u017e\u00edv\u00e1 soubory cookie k zaji\u0161t\u011bn\u00ed funk\u010dnosti, anal\u00fdze n\u00e1v\u0161t\u011bvnosti a poskytov\u00e1n\u00ed personalizovan\u00e9ho obsahu prost\u0159ednictv\u00edm slu\u017eeb t\u0159et\u00edch stran, jako jsou Google Analytics, Google Ads, Facebook a Instagram.<\/p>\t\t\t\t\t\t<\/div>\n\t\t\t\t<\/div>\n\t\t\t\t<\/div>\n\t\t\t\t\t<\/div>\n\t\t\t\t<\/div>\n\t\t<div class=\"elementor-element elementor-element-11ee6f4 mid-padding content-table e-flex e-con-boxed e-con e-parent\" data-id=\"11ee6f4\" data-element_type=\"container\" data-settings=\"{&quot;background_background&quot;:&quot;classic&quot;}\">\n\t\t\t\t\t<div class=\"e-con-inner\">\n\t\t<div class=\"elementor-element elementor-element-2b75777 e-con-full e-flex e-con e-child\" data-id=\"2b75777\" data-element_type=\"container\">\n\t\t\t\t<div class=\"elementor-element elementor-element-a0248b3 elementor-widget elementor-widget-text-editor\" data-id=\"a0248b3\" data-element_type=\"widget\" data-widget_type=\"text-editor.default\">\n\t\t\t\t<div class=\"elementor-widget-container\">\n\t\t\t\t\t\t\tTypy soubor\u016f cookie, kter\u00e9 pou\u017e\u00edv\u00e1me\t\t\t\t\t\t<\/div>\n\t\t\t\t<\/div>\n\t\t\t\t<\/div>\n\t\t<div class=\"elementor-element elementor-element-1adc552 e-con-full e-flex e-con e-child\" data-id=\"1adc552\" data-element_type=\"container\">\n\t\t\t\t<div class=\"elementor-element elementor-element-9f82f04 elementor-widget__width-auto elementor-widget elementor-widget-text-editor\" data-id=\"9f82f04\" data-element_type=\"widget\" data-widget_type=\"text-editor.default\">\n\t\t\t\t<div class=\"elementor-widget-container\">\n\t\t\t\t\t\t\tN\u00ed\u017ee je uvedena tabulka podrobn\u011b popisuj\u00edc\u00ed soubory cookie, kter\u00e9 pou\u017e\u00edv\u00e1me, a jejich \u00fa\u010dely:\t\t\t\t\t\t<\/div>\n\t\t\t\t<\/div>\n\t\t\t\t<div class=\"elementor-element elementor-element-055d149 elementor-widget__width-auto elementor-widget elementor-widget-text-editor\" data-id=\"055d149\" data-element_type=\"widget\" data-widget_type=\"text-editor.default\">\n\t\t\t\t<div class=\"elementor-widget-container\">\n\t\t\t\t\t\t\t<table><tbody><tr><td><b>N\u00e1zev souboru cookie \/ Poskytovatel<\/b><\/td><td><strong>\u00da\u010del<\/strong><\/td><td><strong>Doba trv\u00e1n\u00ed<\/strong><\/td><\/tr><tr><td>AdWords \u2013 A, AdsUserLocale, I, SAG, aptenv, mid<\/td><td>St\u0159edn\u00ed anal\u00fdza prodeje, sledov\u00e1n\u00ed n\u00e1v\u0161t\u011bv str\u00e1nky a zobrazov\u00e1n\u00ed reklam.<\/td><td>\u00a090 dni<\/td><\/tr><tr><td>Facebook \u2013 locale, datr, reg_fb_ref, reg_fb_gate<\/td><td>Pro retargeting na\u0161ich u\u017eivatel\u016f, zv\u00fd\u0161en\u00ed interakce s trackery na na\u0161ich soci\u00e1ln\u00edch m\u00e9di\u00edch a zlep\u0161en\u00ed u\u017eivatelsk\u00e9 zku\u0161enosti na na\u0161ich soci\u00e1ln\u00edch profilech.<\/td><td>V\u017edy<\/td><\/tr><tr><td>Google Analytics \u2013 utma<\/td><td>M\u011b\u0159en\u00ed statistik zobrazen\u00ed str\u00e1nek.<\/td><td>2 roky<\/td><\/tr><tr><td>Google Analytics- utmb<\/td><td>M\u011b\u0159en\u00ed \u010dasu, kter\u00fd u\u017eivatel str\u00e1v\u00ed na na\u0161em webu<\/td><td>30 min<\/td><\/tr><tr><td>Google Analytics \u2013 utmc<\/td><td>Poskytuje statistiky na z\u00e1klad\u011b \u010dasu odchodu u\u017eivatele z webu<\/td><td>Kon\u010d\u00ed zav\u0159en\u00edm prohl\u00ed\u017ee\u010de<\/td><\/tr><tr><td>Google Analytics \u2013 utmz<\/td><td>Poskytuje statistiky n\u00e1v\u0161t\u011bv a prodej\u016f prost\u0159ednictv\u00edm r\u016fzn\u00fdch kan\u00e1l\u016f.<\/td><td>6 m\u011bs\u00edc\u016f<\/td><\/tr><tr><td>Google Analytics \u2013 utmv<\/td><td>Umo\u017e\u0148uje segmentaci u\u017eivatel\u016f na webu<\/td><td>2 roky<\/td><\/tr><tr><td>Google Analytics \u2013 ga<\/td><td>Poskytuje statistiky n\u00e1v\u0161t\u011bvnosti a prodeje prost\u0159ednictv\u00edm r\u016fzn\u00fdch kan\u00e1l\u016f po dobu<\/td><td>6 m\u011bs\u00edc\u016f<\/td><\/tr><tr><td>Google Analytics \u2013 cid<\/td><td>Poskytuje statistiky n\u00e1v\u0161t\u011bvnosti a prodeje prost\u0159ednictv\u00edm r\u016fzn\u00fdch kan\u00e1l\u016f po dobu<\/td><td>6 m\u011bs\u00edc\u016f<\/td><\/tr><tr><td>https_enabled<\/td><td>Soubor cookie n\u00e1m \u0159\u00edk\u00e1, zda byl u\u017eivatel p\u0159esm\u011brov\u00e1n na chr\u00e1n\u011bn\u00fd protokol. (https)<\/td><td>Za relaci<\/td><\/tr><tr><td>ngEnabled<\/td><td>Soubor cookie umo\u017e\u0148uje provoz pokro\u010dil\u00fdch prohl\u00ed\u017ee\u010d\u016f 10 let<\/td><td>10 years<\/td><\/tr><\/tbody><\/table>\t\t\t\t\t\t<\/div>\n\t\t\t\t<\/div>\n\t\t\t\t<\/div>\n\t\t\t\t\t<\/div>\n\t\t\t\t<\/div>\n\t\t<div class=\"elementor-element elementor-element-d56b549 mid-padding e-flex e-con-boxed e-con e-parent\" data-id=\"d56b549\" data-element_type=\"container\" data-settings=\"{&quot;background_background&quot;:&quot;classic&quot;}\">\n\t\t\t\t\t<div class=\"e-con-inner\">\n\t\t<div class=\"elementor-element elementor-element-5d88f80 e-con-full e-flex e-con e-child\" data-id=\"5d88f80\" data-element_type=\"container\">\n\t\t\t\t<div class=\"elementor-element elementor-element-b659d47 elementor-widget elementor-widget-text-editor\" data-id=\"b659d47\" data-element_type=\"widget\" data-widget_type=\"text-editor.default\">\n\t\t\t\t<div class=\"elementor-widget-container\">\n\t\t\t\t\t\t\t<p>V\u00e1\u0161 <br \/>souhlas<\/p>\t\t\t\t\t\t<\/div>\n\t\t\t\t<\/div>\n\t\t\t\t<\/div>\n\t\t<div class=\"elementor-element elementor-element-e9ade20 e-con-full e-flex e-con e-child\" data-id=\"e9ade20\" data-element_type=\"container\">\n\t\t\t\t<div class=\"elementor-element elementor-element-04dc8cb elementor-widget__width-auto elementor-widget elementor-widget-text-editor\" data-id=\"04dc8cb\" data-element_type=\"widget\" data-widget_type=\"text-editor.default\">\n\t\t\t\t<div class=\"elementor-widget-container\">\n\t\t\t\t\t\t\t<p>Pou\u017e\u00edv\u00e1n\u00edm na\u0161ich webov\u00fdch str\u00e1nek souhlas\u00edte s pou\u017e\u00edv\u00e1n\u00edm soubor\u016f cookie. Soubory cookie m\u016f\u017eete spravovat nebo zak\u00e1zat v nastaven\u00ed prohl\u00ed\u017ee\u010de; to v\u0161ak m\u016f\u017ee ovlivnit funk\u010dnost webu.<\/p>\t\t\t\t\t\t<\/div>\n\t\t\t\t<\/div>\n\t\t\t\t<\/div>\n\t\t\t\t\t<\/div>\n\t\t\t\t<\/div>\n\t\t<div class=\"elementor-element elementor-element-1c71364 mid-padding e-flex e-con-boxed e-con e-parent\" data-id=\"1c71364\" data-element_type=\"container\" data-settings=\"{&quot;background_background&quot;:&quot;classic&quot;}\">\n\t\t\t\t\t<div class=\"e-con-inner\">\n\t\t<div class=\"elementor-element elementor-element-f3c68e7 e-con-full e-flex e-con e-child\" data-id=\"f3c68e7\" data-element_type=\"container\">\n\t\t\t\t<div class=\"elementor-element elementor-element-3cb6a7a elementor-widget elementor-widget-text-editor\" data-id=\"3cb6a7a\" data-element_type=\"widget\" data-widget_type=\"text-editor.default\">\n\t\t\t\t<div class=\"elementor-widget-container\">\n\t\t\t\t\t\t\t<p>Slu\u017eby t\u0159et\u00edch stran<\/p>\t\t\t\t\t\t<\/div>\n\t\t\t\t<\/div>\n\t\t\t\t<\/div>\n\t\t<div class=\"elementor-element elementor-element-576d5d3 e-con-full e-flex e-con e-child\" data-id=\"576d5d3\" data-element_type=\"container\">\n\t\t\t\t<div class=\"elementor-element elementor-element-5ca2c46 elementor-widget__width-auto elementor-widget elementor-widget-text-editor\" data-id=\"5ca2c46\" data-element_type=\"widget\" data-widget_type=\"text-editor.default\">\n\t\t\t\t<div class=\"elementor-widget-container\">\n\t\t\t\t\t\t\t<p>Pro analytick\u00e9 a reklamn\u00ed \u00fa\u010dely spolupracujeme s d\u016fv\u011bryhodn\u00fdmi slu\u017ebami t\u0159et\u00edch stran. Tyto slu\u017eby jsou v souladu s p\u0159\u00edslu\u0161n\u00fdmi z\u00e1kony na ochranu soukrom\u00ed a nakl\u00e1daj\u00ed s daty zodpov\u011bdn\u011b.<\/p>\t\t\t\t\t\t<\/div>\n\t\t\t\t<\/div>\n\t\t\t\t<\/div>\n\t\t\t\t\t<\/div>\n\t\t\t\t<\/div>\n\t\t<div class=\"elementor-element elementor-element-c56dd9b mid-padding e-flex e-con-boxed e-con e-parent\" data-id=\"c56dd9b\" data-element_type=\"container\" data-settings=\"{&quot;background_background&quot;:&quot;classic&quot;}\">\n\t\t\t\t\t<div class=\"e-con-inner\">\n\t\t<div class=\"elementor-element elementor-element-4783b17 e-con-full e-flex e-con e-child\" data-id=\"4783b17\" data-element_type=\"container\">\n\t\t\t\t<div class=\"elementor-element elementor-element-3d494d7 elementor-widget elementor-widget-text-editor\" data-id=\"3d494d7\" data-element_type=\"widget\" data-widget_type=\"text-editor.default\">\n\t\t\t\t<div class=\"elementor-widget-container\">\n\t\t\t\t\t\t\t<p>Va\u0161e <br \/>pr\u00e1va<\/p>\t\t\t\t\t\t<\/div>\n\t\t\t\t<\/div>\n\t\t\t\t<\/div>\n\t\t<div class=\"elementor-element elementor-element-009ca4f e-con-full e-flex e-con e-child\" data-id=\"009ca4f\" data-element_type=\"container\">\n\t\t\t\t<div class=\"elementor-element elementor-element-47033af elementor-widget__width-auto elementor-widget elementor-widget-text-editor\" data-id=\"47033af\" data-element_type=\"widget\" data-widget_type=\"text-editor.default\">\n\t\t\t\t<div class=\"elementor-widget-container\">\n\t\t\t\t\t\t\t<p>M\u00e1te pr\u00e1vo na p\u0159\u00edstup ke sv\u00fdm osobn\u00edm \u00fadaj\u016fm, jejich \u00fapravu nebo vymaz\u00e1n\u00ed. V p\u0159\u00edpad\u011b jak\u00fdchkoli dotaz\u016f nebo po\u017eadavk\u016f t\u00fdkaj\u00edc\u00edch se ochrany osobn\u00edch \u00fadaj\u016f n\u00e1s pros\u00edm kontaktujte na adrese <strong>info@bohinj-riverhouse.si<\/strong>.<\/p>\t\t\t\t\t\t<\/div>\n\t\t\t\t<\/div>\n\t\t\t\t<\/div>\n\t\t\t\t\t<\/div>\n\t\t\t\t<\/div>\n\t\t<div class=\"elementor-element elementor-element-78ac87b mid-padding e-flex e-con-boxed e-con e-parent\" data-id=\"78ac87b\" data-element_type=\"container\" data-settings=\"{&quot;background_background&quot;:&quot;classic&quot;}\">\n\t\t\t\t\t<div class=\"e-con-inner\">\n\t\t<div class=\"elementor-element elementor-element-c10fa1f e-con-full e-flex e-con e-child\" data-id=\"c10fa1f\" data-element_type=\"container\">\n\t\t\t\t<div class=\"elementor-element elementor-element-fb308e8 elementor-widget elementor-widget-text-editor\" data-id=\"fb308e8\" data-element_type=\"widget\" data-widget_type=\"text-editor.default\">\n\t\t\t\t<div class=\"elementor-widget-container\">\n\t\t\t\t\t\t\t<p>Zm\u011bny <br \/>z\u00e1sad<\/p>\t\t\t\t\t\t<\/div>\n\t\t\t\t<\/div>\n\t\t\t\t<\/div>\n\t\t<div class=\"elementor-element elementor-element-efdceda e-con-full e-flex e-con e-child\" data-id=\"efdceda\" data-element_type=\"container\">\n\t\t\t\t<div class=\"elementor-element elementor-element-f52587c elementor-widget__width-auto elementor-widget elementor-widget-text-editor\" data-id=\"f52587c\" data-element_type=\"widget\" data-widget_type=\"text-editor.default\">\n\t\t\t\t<div class=\"elementor-widget-container\">\n\t\t\t\t\t\t\t<p>Tyto z\u00e1sady m\u016f\u017eeme pravideln\u011b aktualizovat, aby odr\u00e1\u017eely zm\u011bny v z\u00e1konech nebo na\u0161ich slu\u017eb\u00e1ch. Pravideln\u011b kontrolujte tuto str\u00e1nku, abyste z\u00edskali nejnov\u011bj\u0161\u00ed aktualizace.<\/p>\t\t\t\t\t\t<\/div>\n\t\t\t\t<\/div>\n\t\t\t\t<\/div>\n\t\t\t\t\t<\/div>\n\t\t\t\t<\/div>\n\t\t\t\t<\/div>\n\t\t","protected":false},"excerpt":{"rendered":"<p>Cookies a Z\u00e1sady ochrany osobn\u00edch \u00fadaj\u016f O Na\u0161e z\u00e1sady ochrany osobn\u00edch \u00fadaj\u016f vysv\u011btluj\u00ed, jak shroma\u017e\u010fujeme, pou\u017e\u00edv\u00e1me a chr\u00e1n\u00edme va\u0161e \u00fadaje. Soubory cookie pou\u017e\u00edv\u00e1me k vylep\u0161en\u00ed va\u0161eho z\u00e1\u017eitku a anal\u00fdze v\u00fdkonu webu. Z\u00e1sady ochrany osobn\u00edch \u00fadajVe spole\u010dnosti Bohinj River House si v\u00e1\u017e\u00edme va\u0161eho soukrom\u00ed a zavazujeme se chr\u00e1nit va\u0161e osobn\u00ed \u00fadaje. Tyto z\u00e1sady popisuj\u00ed, jak shroma\u017e\u010fujeme, [&hellip;]<\/p>\n","protected":false},"author":5,"featured_media":0,"parent":0,"menu_order":0,"comment_status":"closed","ping_status":"closed","template":"","meta":{"_acf_changed":false,"footnotes":""},"class_list":["post-6219","page","type-page","status-publish","hentry"],"acf":[],"_links":{"self":[{"href":"https:\/\/www.bohinj-riverhouse.si\/cs\/wp-json\/wp\/v2\/pages\/6219","targetHints":{"allow":["GET"]}}],"collection":[{"href":"https:\/\/www.bohinj-riverhouse.si\/cs\/wp-json\/wp\/v2\/pages"}],"about":[{"href":"https:\/\/www.bohinj-riverhouse.si\/cs\/wp-json\/wp\/v2\/types\/page"}],"author":[{"embeddable":true,"href":"https:\/\/www.bohinj-riverhouse.si\/cs\/wp-json\/wp\/v2\/users\/5"}],"replies":[{"embeddable":true,"href":"https:\/\/www.bohinj-riverhouse.si\/cs\/wp-json\/wp\/v2\/comments?post=6219"}],"version-history":[{"count":8,"href":"https:\/\/www.bohinj-riverhouse.si\/cs\/wp-json\/wp\/v2\/pages\/6219\/revisions"}],"predecessor-version":[{"id":9347,"href":"https:\/\/www.bohinj-riverhouse.si\/cs\/wp-json\/wp\/v2\/pages\/6219\/revisions\/9347"}],"wp:attachment":[{"href":"https:\/\/www.bohinj-riverhouse.si\/cs\/wp-json\/wp\/v2\/media?parent=6219"}],"curies":[{"name":"wp","href":"https:\/\/api.w.org\/{rel}","templated":true}]}}