{"id":6232,"date":"2025-01-25T16:42:17","date_gmt":"2025-01-25T15:42:17","guid":{"rendered":"https:\/\/bohinj-riverhouse.si\/terms-and-conditions\/"},"modified":"2025-03-14T17:24:04","modified_gmt":"2025-03-14T16:24:04","slug":"obchodni-podminky","status":"publish","type":"page","link":"https:\/\/www.bohinj-riverhouse.si\/cs\/obchodni-podminky\/","title":{"rendered":"Obchodn\u00ed podm\u00ednky"},"content":{"rendered":"\t\t<div data-elementor-type=\"wp-page\" data-elementor-id=\"6232\" class=\"elementor elementor-6232 elementor-5188\" data-elementor-post-type=\"page\">\n\t\t\t\t<div class=\"elementor-element elementor-element-b540cc6 e-con-full e-flex e-con e-parent\" data-id=\"b540cc6\" data-element_type=\"container\" data-settings=\"{&quot;background_background&quot;:&quot;classic&quot;}\">\n\t\t\t\t<div class=\"elementor-element elementor-element-14b2bf2 elementor-widget elementor-widget-spacer\" data-id=\"14b2bf2\" data-element_type=\"widget\" data-widget_type=\"spacer.default\">\n\t\t\t\t<div class=\"elementor-widget-container\">\n\t\t\t\t\t<div class=\"elementor-spacer\">\n\t\t\t<div class=\"elementor-spacer-inner\"><\/div>\n\t\t<\/div>\n\t\t\t\t<\/div>\n\t\t\t\t<\/div>\n\t\t\t\t<div class=\"elementor-element elementor-element-3848f92 single-page-post-title-wrapper elementor-widget elementor-widget-heading\" data-id=\"3848f92\" data-element_type=\"widget\" data-widget_type=\"heading.default\">\n\t\t\t\t<div class=\"elementor-widget-container\">\n\t\t\t<h2 class=\"elementor-heading-title elementor-size-default\">Smluvn\u00ed <br>podm\u00ednky<\/h2>\t\t<\/div>\n\t\t\t\t<\/div>\n\t\t\t\t<\/div>\n\t\t<div class=\"elementor-element elementor-element-5a0be45 home-section-3 e-flex e-con-boxed e-con e-parent\" data-id=\"5a0be45\" data-element_type=\"container\" data-settings=\"{&quot;background_background&quot;:&quot;classic&quot;}\">\n\t\t\t\t\t<div class=\"e-con-inner\">\n\t\t<div class=\"elementor-element elementor-element-bad81f0 e-con-full col-1 pad-l pad-r e-flex e-con e-child\" data-id=\"bad81f0\" data-element_type=\"container\" data-settings=\"{&quot;background_background&quot;:&quot;classic&quot;}\">\n\t\t\t\t<div class=\"elementor-element elementor-element-61137c9b brown-breadcrumbs elementor-widget elementor-widget-breadcrumbs\" data-id=\"61137c9b\" data-element_type=\"widget\" data-widget_type=\"breadcrumbs.default\">\n\t\t\t\t<div class=\"elementor-widget-container\">\n\t\t\t<p id=\"breadcrumbs\"><span><span><a href=\"https:\/\/www.bohinj-riverhouse.si\/cs\/\">Dom\u016f<\/a><\/span><\/span><\/p>\t\t<\/div>\n\t\t\t\t<\/div>\n\t\t\t\t<\/div>\n\t\t\t\t\t<\/div>\n\t\t\t\t<\/div>\n\t\t<div class=\"elementor-element elementor-element-2130628 home-section-3 highlited-section e-flex e-con-boxed e-con e-parent\" data-id=\"2130628\" data-element_type=\"container\" data-settings=\"{&quot;background_background&quot;:&quot;classic&quot;}\">\n\t\t\t\t\t<div class=\"e-con-inner\">\n\t\t<div class=\"elementor-element elementor-element-f1328b1 e-con-full col-1 pad-l e-flex e-con e-child\" data-id=\"f1328b1\" data-element_type=\"container\" data-settings=\"{&quot;background_background&quot;:&quot;classic&quot;}\">\n\t\t\t\t<div class=\"elementor-element elementor-element-e9dc7b0 elementor-invisible elementor-widget elementor-widget-text-editor\" data-id=\"e9dc7b0\" data-element_type=\"widget\" data-settings=\"{&quot;_animation&quot;:&quot;slideInLeft&quot;}\" data-widget_type=\"text-editor.default\">\n\t\t\t\t<div class=\"elementor-widget-container\">\n\t\t\t\t\t\t\t<p>O<\/p>\t\t\t\t\t\t<\/div>\n\t\t\t\t<\/div>\n\t\t\t\t<\/div>\n\t\t<div class=\"elementor-element elementor-element-aee0e11 e-con-full pad-r e-flex e-con e-child\" data-id=\"aee0e11\" data-element_type=\"container\" data-settings=\"{&quot;background_background&quot;:&quot;classic&quot;}\">\n\t\t\t\t<div class=\"elementor-element elementor-element-0f4dd9e elementor-widget__width-initial elementor-widget elementor-widget-text-editor\" data-id=\"0f4dd9e\" data-element_type=\"widget\" data-widget_type=\"text-editor.default\">\n\t\t\t\t<div class=\"elementor-widget-container\">\n\t\t\t\t\t\t\t<p>N\u00ed\u017ee jsou uvedeny v\u0161eobecn\u00e9 obchodn\u00ed podm\u00ednky platn\u00e9 pro v\u00e1\u0161 pobyt v na\u0161em penzionu. P\u0159e\u010dt\u011bte si je pros\u00edm pozorn\u011b, proto\u017ee proveden\u00edm rezervace a vyu\u017e\u00edv\u00e1n\u00edm na\u0161ich slu\u017eeb souhlas\u00edte s uveden\u00fdmi ustanoven\u00edmi. Na\u0161\u00edm c\u00edlem je poskytnout v\u0161em host\u016fm p\u0159\u00edjemn\u00e9 a bezpe\u010dn\u00e9 prost\u0159ed\u00ed, proto v\u00e1s pros\u00edme o respektov\u00e1n\u00ed t\u011bchto pravidel.<\/p>\t\t\t\t\t\t<\/div>\n\t\t\t\t<\/div>\n\t\t\t\t<\/div>\n\t\t\t\t\t<\/div>\n\t\t\t\t<\/div>\n\t\t<div class=\"elementor-element elementor-element-8fdde37 mid-padding e-flex e-con-boxed e-con e-parent\" data-id=\"8fdde37\" data-element_type=\"container\" data-settings=\"{&quot;background_background&quot;:&quot;classic&quot;}\">\n\t\t\t\t\t<div class=\"e-con-inner\">\n\t\t<div class=\"elementor-element elementor-element-131e086 e-con-full e-flex e-con e-child\" data-id=\"131e086\" data-element_type=\"container\">\n\t\t\t\t<div class=\"elementor-element elementor-element-167d091 elementor-widget elementor-widget-text-editor\" data-id=\"167d091\" data-element_type=\"widget\" data-widget_type=\"text-editor.default\">\n\t\t\t\t<div class=\"elementor-widget-container\">\n\t\t\t\t\t\t\t<p>Podm\u00ednky pou\u017eit\u00ed<\/p>\t\t\t\t\t\t<\/div>\n\t\t\t\t<\/div>\n\t\t\t\t<\/div>\n\t\t<div class=\"elementor-element elementor-element-0422d60 e-con-full e-flex e-con e-child\" data-id=\"0422d60\" data-element_type=\"container\">\n\t\t\t\t<div class=\"elementor-element elementor-element-98b4bb1 elementor-widget__width-auto elementor-widget elementor-widget-text-editor\" data-id=\"98b4bb1\" data-element_type=\"widget\" data-widget_type=\"text-editor.default\">\n\t\t\t\t<div class=\"elementor-widget-container\">\n\t\t\t\t\t\t\t<p><span style=\"font-weight: 400;\">Pou\u017e\u00edv\u00e1n\u00edm t\u00e9to webov\u00e9 str\u00e1nky potvrzujete, \u017ee jste star\u0161\u00ed 18 let a \u017ee m\u00e1te z\u00e1konn\u00e9 opr\u00e1vn\u011bn\u00ed p\u0159ijmout tyto podm\u00ednky a uzav\u0159\u00edt jak\u00e9koli smlouvy se spole\u010dnost\u00ed Stanovanjska hi\u0161a d.o.o. D\u00e1le se zavazujete pou\u017e\u00edvat webov\u00e9 str\u00e1nky v souladu se v\u0161emi podm\u00ednkami uveden\u00fdmi v t\u011bchto v\u0161eobecn\u00fdch podm\u00ednk\u00e1ch. Potvrzujete, \u017ee v\u0161echny informace poskytnut\u00e9 v\u00e1mi nebo v\u00e1mi zmocn\u011bnou osobou jsou pravdiv\u00e9, p\u0159esn\u00e9 a bez jak\u00fdchkoli nepravdiv\u00fdch nebo zav\u00e1d\u011bj\u00edc\u00edch v\u00fdhrad.<\/span><\/p>\t\t\t\t\t\t<\/div>\n\t\t\t\t<\/div>\n\t\t\t\t<\/div>\n\t\t\t\t\t<\/div>\n\t\t\t\t<\/div>\n\t\t<div class=\"elementor-element elementor-element-918e2a4 mid-padding e-flex e-con-boxed e-con e-parent\" data-id=\"918e2a4\" data-element_type=\"container\" data-settings=\"{&quot;background_background&quot;:&quot;classic&quot;}\">\n\t\t\t\t\t<div class=\"e-con-inner\">\n\t\t<div class=\"elementor-element elementor-element-cc37258 e-con-full e-flex e-con e-child\" data-id=\"cc37258\" data-element_type=\"container\">\n\t\t\t\t<div class=\"elementor-element elementor-element-e13fab7 elementor-widget elementor-widget-text-editor\" data-id=\"e13fab7\" data-element_type=\"widget\" data-widget_type=\"text-editor.default\">\n\t\t\t\t<div class=\"elementor-widget-container\">\n\t\t\t\t\t\t\tRezervace slu\u017eeb\t\t\t\t\t\t<\/div>\n\t\t\t\t<\/div>\n\t\t\t\t<\/div>\n\t\t<div class=\"elementor-element elementor-element-a7a6f11 e-con-full e-flex e-con e-child\" data-id=\"a7a6f11\" data-element_type=\"container\">\n\t\t\t\t<div class=\"elementor-element elementor-element-d4dc880 elementor-widget__width-auto elementor-widget elementor-widget-text-editor\" data-id=\"d4dc880\" data-element_type=\"widget\" data-widget_type=\"text-editor.default\">\n\t\t\t\t<div class=\"elementor-widget-container\">\n\t\t\t\t\t\t\t<p><span style=\"font-weight: 400;\">Rezervaci m\u016f\u017eete prov\u00e9st e-mailem zasl\u00e1n\u00edm popt\u00e1vky na adresu info@bohinj-riverhouse.si a my v\u00e1m za\u0161leme nab\u00eddku. Samotn\u00e1 popt\u00e1vka nebo na\u0161e nab\u00eddka nep\u0159edstavuje potvrzenou rezervaci, proto\u017ee va\u0161e potvrzen\u00ed rezervace nebo na\u0161\u00ed nab\u00eddky je nezbytn\u00e9 pro platnost p\u0159ihl\u00e1\u0161ky. Pokud neobdr\u017e\u00edme potvrzen\u00ed, m\u00e1 se za to, \u017ee rezervace nebyla provedena.<\/span><\/p><p><span style=\"font-weight: 400;\">Na webu m\u016f\u017eete tak\u00e9 prov\u00e9st rezervaci, stejn\u011b jako platbu platebn\u00ed kartou. V tomto p\u0159\u00edpad\u011b bude va\u0161e rezervace potvrzena a zaplacena, jakmile definitivn\u011b potvrd\u00edte proces platby.\u00a0<\/span><\/p><p><span style=\"font-weight: 400;\">Pokud jsou u v\u00e1s ubytov\u00e1ny d\u011bti, uve\u010fte po\u010det d\u011bt\u00ed a jejich v\u011bk. Na z\u00e1klad\u011b t\u011bchto \u00fadaj\u016f a dal\u0161\u00edch informac\u00ed z rezervace se V\u00e1m zobraz\u00ed cena bal\u00ed\u010dku. R\u00e1di bychom V\u00e1s informovali, \u017ee v p\u0159\u00edpad\u011b online rezervac\u00ed a plateb se m\u00e1 za to, \u017ee jste si p\u0159e\u010detli tyto obchodn\u00ed podm\u00ednky a souhlas\u00edte s nimi.<\/span><\/p>\t\t\t\t\t\t<\/div>\n\t\t\t\t<\/div>\n\t\t\t\t<\/div>\n\t\t\t\t\t<\/div>\n\t\t\t\t<\/div>\n\t\t<div class=\"elementor-element elementor-element-e4397e6 mid-padding e-flex e-con-boxed e-con e-parent\" data-id=\"e4397e6\" data-element_type=\"container\" data-settings=\"{&quot;background_background&quot;:&quot;classic&quot;}\">\n\t\t\t\t\t<div class=\"e-con-inner\">\n\t\t<div class=\"elementor-element elementor-element-2d60d80 e-con-full e-flex e-con e-child\" data-id=\"2d60d80\" data-element_type=\"container\">\n\t\t\t\t<div class=\"elementor-element elementor-element-8586c69 elementor-widget elementor-widget-text-editor\" data-id=\"8586c69\" data-element_type=\"widget\" data-widget_type=\"text-editor.default\">\n\t\t\t\t<div class=\"elementor-widget-container\">\n\t\t\t\t\t\t\tZru\u0161en\u00ed rezervace\t\t\t\t\t\t<\/div>\n\t\t\t\t<\/div>\n\t\t\t\t<\/div>\n\t\t<div class=\"elementor-element elementor-element-8526845 e-con-full e-flex e-con e-child\" data-id=\"8526845\" data-element_type=\"container\">\n\t\t\t\t<div class=\"elementor-element elementor-element-1545f42 elementor-widget__width-auto elementor-widget elementor-widget-text-editor\" data-id=\"1545f42\" data-element_type=\"widget\" data-widget_type=\"text-editor.default\">\n\t\t\t\t<div class=\"elementor-widget-container\">\n\t\t\t\t\t\t\t<p>V\u0161echny zm\u011bny, zru\u0161en\u00ed a \u017e\u00e1dosti o vr\u00e1cen\u00ed platby p\u0159edem mus\u00ed b\u00fdt pod\u00e1ny p\u00edsemn\u011b e-mailem na adresu info@bohinj-riverhouse.si. Zru\u0161en\u00ed nab\u00fdv\u00e1 \u00fa\u010dinnosti dnem, kdy Bohinj River House obdr\u017e\u00ed e-mail hosta.<\/p><p><strong>Storno podm\u00ednky:<\/strong><\/p><ul><li>Storno podan\u00e9 do 14 dn\u016f p\u0159ed p\u0159\u00edjezdem: Host obdr\u017e\u00ed 50 % z\u00e1lohy.<\/li><li>Storno podan\u00e9 14 dn\u00ed nebo m\u00e9n\u011b p\u0159ed p\u0159\u00edjezdem nebo v p\u0159\u00edpad\u011b nedostaven\u00ed se: Bohinj River House si ponech\u00e1v\u00e1 plnou z\u00e1lohu.<\/li><li>Bohinj River House si vyhrazuje pr\u00e1vo ur\u010dit dal\u0161\u00ed podm\u00ednky pro zm\u011bny a zru\u0161en\u00ed na z\u00e1klad\u011b okolnost\u00ed. O t\u011bchto podm\u00ednk\u00e1ch bude host informov\u00e1n p\u0159ed potvrzen\u00edm rezervace.<\/li><li>V p\u0159\u00edpad\u011b p\u0159ed\u010dasn\u00e9ho odjezdu budou zb\u00fdvaj\u00edc\u00ed dny pobytu \u00fa\u010dtov\u00e1ny v pln\u00e9 v\u00fd\u0161i.<\/li><\/ul><p><br \/><strong>Zru\u0161en\u00ed ze strany Stanovanjska hi\u0161a d.o.o.<\/strong><br \/><br \/>Stanovanjska hi\u0161a d.o.o. si vyhrazuje pr\u00e1vo zru\u0161it poskytov\u00e1n\u00ed slu\u017eeb v p\u0159\u00edpad\u011b z\u00e1sahu vy\u0161\u0161\u00ed moci.<\/p>\t\t\t\t\t\t<\/div>\n\t\t\t\t<\/div>\n\t\t\t\t<\/div>\n\t\t\t\t\t<\/div>\n\t\t\t\t<\/div>\n\t\t<div class=\"elementor-element elementor-element-0a6b37d mid-padding e-flex e-con-boxed e-con e-parent\" data-id=\"0a6b37d\" data-element_type=\"container\" data-settings=\"{&quot;background_background&quot;:&quot;classic&quot;}\">\n\t\t\t\t\t<div class=\"e-con-inner\">\n\t\t<div class=\"elementor-element elementor-element-5eae5fd e-con-full e-flex e-con e-child\" data-id=\"5eae5fd\" data-element_type=\"container\">\n\t\t\t\t<div class=\"elementor-element elementor-element-f8d6ff4 elementor-widget elementor-widget-text-editor\" data-id=\"f8d6ff4\" data-element_type=\"widget\" data-widget_type=\"text-editor.default\">\n\t\t\t\t<div class=\"elementor-widget-container\">\n\t\t\t\t\t\t\tDomovn\u00ed \u0159\u00e1d a pokyny pro hosty\t\t\t\t\t\t<\/div>\n\t\t\t\t<\/div>\n\t\t\t\t<\/div>\n\t\t<div class=\"elementor-element elementor-element-9763b34 e-con-full e-flex e-con e-child\" data-id=\"9763b34\" data-element_type=\"container\">\n\t\t\t\t<div class=\"elementor-element elementor-element-eea52df elementor-widget__width-auto elementor-widget elementor-widget-text-editor\" data-id=\"eea52df\" data-element_type=\"widget\" data-widget_type=\"text-editor.default\">\n\t\t\t\t<div class=\"elementor-widget-container\">\n\t\t\t\t\t\t\t<p><strong>P\u0159ihl\u00e1\u0161en\u00ed a odhl\u00e1\u0161en\u00ed:<\/strong><br \/>Check-in je obecn\u011b mo\u017en\u00fd po 15:00 a odhl\u00e1\u0161en\u00ed mus\u00ed b\u00fdt dokon\u010deno do 10:00 v den odjezdu. P\u0159ed\u010dasn\u00e9 p\u0159\u00edjezdy nebo pozdn\u00ed odjezdy lze zajistit na vy\u017e\u00e1d\u00e1n\u00ed (kontaktujte n\u00e1s pros\u00edm 24 hodin p\u0159edem). Tyto slu\u017eby z\u00e1vis\u00ed na dostupnosti a mohou zahrnovat dal\u0161\u00ed poplatky.<\/p>\t\t\t\t\t\t<\/div>\n\t\t\t\t<\/div>\n\t\t\t\t<div class=\"elementor-element elementor-element-a15afdc elementor-widget__width-auto elementor-widget elementor-widget-text-editor\" data-id=\"a15afdc\" data-element_type=\"widget\" data-widget_type=\"text-editor.default\">\n\t\t\t\t<div class=\"elementor-widget-container\">\n\t\t\t\t\t\t\t<p><strong>Klid a respekt k ostatn\u00edm host\u016fm:<\/strong><br \/>Abychom zajistili p\u0159\u00edjemn\u00fd pobyt pro ka\u017ed\u00e9ho, \u017e\u00e1d\u00e1me v\u0161echny hosty, aby v penzionu, na pokoj\u00edch a ve spole\u010dn\u00fdch prostor\u00e1ch zachovali klidn\u00e9 a ohledupln\u00e9 chov\u00e1n\u00ed. Hluk by m\u011bl b\u00fdt omezen na minimum, zejm\u00e9na v no\u010dn\u00edch hodin\u00e1ch (22:00 a\u017e 7:00)..<\/p>\t\t\t\t\t\t<\/div>\n\t\t\t\t<\/div>\n\t\t\t\t<div class=\"elementor-element elementor-element-dc2009d elementor-widget__width-auto elementor-widget elementor-widget-text-editor\" data-id=\"dc2009d\" data-element_type=\"widget\" data-widget_type=\"text-editor.default\">\n\t\t\t\t<div class=\"elementor-widget-container\">\n\t\t\t\t\t\t\t<p><strong>Z\u00e1sady kou\u0159en\u00ed:<\/strong><br \/>Na pokoj\u00edch, ve wellness z\u00f3n\u011b ani ve vnit\u0159n\u00edch prostor\u00e1ch je zak\u00e1z\u00e1no kou\u0159it. Host\u00e9, kte\u0159\u00ed cht\u011bj\u00ed kou\u0159it, jsou k dispozici vyhrazen\u00e9 venkovn\u00ed prostory. Poru\u0161en\u00ed z\u00e1kazu kou\u0159en\u00ed ve vnit\u0159n\u00edch prostor\u00e1ch je pod pokurou.<\/p>\t\t\t\t\t\t<\/div>\n\t\t\t\t<\/div>\n\t\t\t\t<div class=\"elementor-element elementor-element-eed5d1a elementor-widget__width-auto elementor-widget elementor-widget-text-editor\" data-id=\"eed5d1a\" data-element_type=\"widget\" data-widget_type=\"text-editor.default\">\n\t\t\t\t<div class=\"elementor-widget-container\">\n\t\t\t\t\t\t\t<p><strong>Odpov\u011bdnost za \u0161kodu:<\/strong><br \/>Host\u00e9 jsou povinni zach\u00e1zet s majetkem a vybaven\u00edm penzionu opatrn\u011b a ohledupln\u011b. V p\u0159\u00edpad\u011b \u00famysln\u00e9ho po\u0161kozen\u00ed nebo nedbalosti si vyhrazujeme pr\u00e1vo \u00fa\u010dtovat opravu nebo v\u00fdm\u011bnu po\u0161kozen\u00fdch v\u011bc\u00ed.<\/p>\t\t\t\t\t\t<\/div>\n\t\t\t\t<\/div>\n\t\t\t\t<div class=\"elementor-element elementor-element-37a67cf elementor-widget__width-auto elementor-widget elementor-widget-text-editor\" data-id=\"37a67cf\" data-element_type=\"widget\" data-widget_type=\"text-editor.default\">\n\t\t\t\t<div class=\"elementor-widget-container\">\n\t\t\t\t\t\t\t<p><strong>Bezpe\u010dnost a osobn\u00ed v\u011bci:<\/strong><br \/>Host\u00e9 zodpov\u00eddaj\u00ed za bezpe\u010dnost sv\u00fdch osobn\u00edch v\u011bc\u00ed. Penzion neru\u010d\u00ed za ztracen\u00e9, odcizen\u00e9 nebo po\u0161kozen\u00e9 v\u011bci, pokud se neprok\u00e1\u017ee, \u017ee k tomu do\u0161lo z na\u0161\u00ed nedbalosti. Cennosti doporu\u010dujeme ulo\u017eit do trezoru (pokud je k dispozici) nebo je m\u00edt pod dohledem.<\/p>\t\t\t\t\t\t<\/div>\n\t\t\t\t<\/div>\n\t\t\t\t<div class=\"elementor-element elementor-element-218da6c elementor-widget__width-auto elementor-widget elementor-widget-text-editor\" data-id=\"218da6c\" data-element_type=\"widget\" data-widget_type=\"text-editor.default\">\n\t\t\t\t<div class=\"elementor-widget-container\">\n\t\t\t\t\t\t\t<p><strong>Dom\u00e1c\u00ed mazl\u00ed\u010dci<\/strong><br \/>V Bohinj River House jsme milovn\u00edci zv\u00ed\u0159at a \u010dty\u0159noz\u00ed spole\u010dn\u00edci jsou zde v\u00edce ne\u017e v\u00edt\u00e1ni. Po\u010det pokoj\u016f pro pobyt s dom\u00e1c\u00edmi mazl\u00ed\u010dky je omezen\u00fd, proto v\u00e1s pros\u00edme, abyste sv\u00e9ho mazl\u00ed\u010dka uvedli b\u011bhem procesu rezervace nebo n\u00e1s p\u0159\u00edmo kontaktujte a ov\u011b\u0159te si dostupnost. Pobyt s dom\u00e1c\u00edm mazl\u00ed\u010dkem na standardn\u00edch pokoj\u00edch bohu\u017eel nen\u00ed mo\u017en\u00fd.<\/p><p>Poplatek za zv\u00ed\u0159e je \u00fa\u010dtov\u00e1n dle aktu\u00e1ln\u00edho cen\u00edku.<\/p><p>Aby byl pobyt pro v\u0161echny hosty bezpe\u010dn\u00fd a pohodln\u00fd, \u017e\u00e1d\u00e1me v\u00e1s, abyste dodr\u017eovali tyto pokyny:<\/p><ul><li>Uv\u00edt\u00e1me mal\u00e9 a\u017e st\u0159edn\u011b velk\u00e9 psy (v\u00fdjimky jsou u vodic\u00edch ps\u016f).<\/li><li>Na pokoj je povoleno pouze jedno dom\u00e1c\u00ed zv\u00ed\u0159e.<\/li><li>Na ve\u0159ejn\u00fdch prostranstv\u00edch mus\u00ed b\u00fdt psi na vod\u00edtku nebo v p\u0159epravce.<\/li><li>Dom\u00e1c\u00ed zv\u00ed\u0159ata nesm\u00ed b\u00fdt ponech\u00e1na bez dozoru na pokoji.<\/li><li>Majitel\u00e9 zv\u00ed\u0159at jsou zodpov\u011bdn\u00ed za jak\u00e9koli materi\u00e1ln\u00ed \u0161kody zp\u016fsoben\u00e9 jejich zv\u00ed\u0159aty.<\/li><li>Dom\u00e1c\u00ed mazl\u00ed\u010dci nejsou povoleni ve wellness.<\/li><li>V p\u0159\u00edpad\u011b nadm\u011brn\u00e9ho hluku (nap\u0159. \u0161t\u011bk\u00e1n\u00ed), kter\u00fd ru\u0161\u00ed ostatn\u00ed hosty, v\u00e1s m\u016f\u017eeme bohu\u017eel po\u017e\u00e1dat, abyste opustili hotel.<\/li><\/ul><p>\u00a0<\/p><p><strong>D\u011bkujeme za pochopen\u00ed a spolupr\u00e1ci p\u0159i vytv\u00e1\u0159en\u00ed p\u0159\u00edjemn\u00e9ho prost\u0159ed\u00ed pro v\u0161echny na\u0161e hosty.<\/strong><\/p>\t\t\t\t\t\t<\/div>\n\t\t\t\t<\/div>\n\t\t\t\t<\/div>\n\t\t\t\t\t<\/div>\n\t\t\t\t<\/div>\n\t\t<div class=\"elementor-element elementor-element-61ce9b9 mid-padding e-flex e-con-boxed e-con e-parent\" data-id=\"61ce9b9\" data-element_type=\"container\" data-settings=\"{&quot;background_background&quot;:&quot;classic&quot;}\">\n\t\t\t\t\t<div class=\"e-con-inner\">\n\t\t<div class=\"elementor-element elementor-element-2b8862c e-con-full e-flex e-con e-child\" data-id=\"2b8862c\" data-element_type=\"container\">\n\t\t\t\t<div class=\"elementor-element elementor-element-0867968 elementor-widget elementor-widget-text-editor\" data-id=\"0867968\" data-element_type=\"widget\" data-widget_type=\"text-editor.default\">\n\t\t\t\t<div class=\"elementor-widget-container\">\n\t\t\t\t\t\t\tExtern\u00ed <br>odkazy\t\t\t\t\t\t<\/div>\n\t\t\t\t<\/div>\n\t\t\t\t<\/div>\n\t\t<div class=\"elementor-element elementor-element-2c51b41 e-con-full e-flex e-con e-child\" data-id=\"2c51b41\" data-element_type=\"container\">\n\t\t\t\t<div class=\"elementor-element elementor-element-e8eaff9 elementor-widget__width-auto elementor-widget elementor-widget-text-editor\" data-id=\"e8eaff9\" data-element_type=\"widget\" data-widget_type=\"text-editor.default\">\n\t\t\t\t<div class=\"elementor-widget-container\">\n\t\t\t\t\t\t\t<p>Webov\u00e9 str\u00e1nky www.bohinj-riverhouse.si mohou obsahovat odkazy na r\u016fzn\u00e9 extern\u00ed str\u00e1nky. Stanovanjska hi\u0161a d.o.o. zd\u016fraz\u0148uje, \u017ee nenese odpov\u011bdnost za p\u0159\u00edstupnost, obsah nebo chyby t\u011bchto extern\u00edch odkaz\u016f.<\/p>\t\t\t\t\t\t<\/div>\n\t\t\t\t<\/div>\n\t\t\t\t<\/div>\n\t\t\t\t\t<\/div>\n\t\t\t\t<\/div>\n\t\t<div class=\"elementor-element elementor-element-e3f9fd6 mid-padding e-flex e-con-boxed e-con e-parent\" data-id=\"e3f9fd6\" data-element_type=\"container\" data-settings=\"{&quot;background_background&quot;:&quot;classic&quot;}\">\n\t\t\t\t\t<div class=\"e-con-inner\">\n\t\t<div class=\"elementor-element elementor-element-13111a9 e-con-full e-flex e-con e-child\" data-id=\"13111a9\" data-element_type=\"container\">\n\t\t\t\t<div class=\"elementor-element elementor-element-3bce7d9 elementor-widget elementor-widget-text-editor\" data-id=\"3bce7d9\" data-element_type=\"widget\" data-widget_type=\"text-editor.default\">\n\t\t\t\t<div class=\"elementor-widget-container\">\n\t\t\t\t\t\t\tZ\u00e1v\u011bre\u010dn\u00e9 ustanoven\u00ed\t\t\t\t\t\t<\/div>\n\t\t\t\t<\/div>\n\t\t\t\t<\/div>\n\t\t<div class=\"elementor-element elementor-element-f5cc9db e-con-full e-flex e-con e-child\" data-id=\"f5cc9db\" data-element_type=\"container\">\n\t\t\t\t<div class=\"elementor-element elementor-element-f5bcdc7 elementor-widget__width-auto elementor-widget elementor-widget-text-editor\" data-id=\"f5bcdc7\" data-element_type=\"widget\" data-widget_type=\"text-editor.default\">\n\t\t\t\t<div class=\"elementor-widget-container\">\n\t\t\t\t\t\t\t<p><strong>V\u0161eobecn\u00e9 podm\u00ednky jsou navr\u017eeny tak, aby zajistily p\u0159\u00edjemn\u00fd, bezpe\u010dn\u00fd a uctiv\u00fd z\u00e1\u017eitek pro v\u0161echny hosty. Pokud m\u00e1te n\u011bjak\u00e9 dotazy nebo pot\u0159ebujete dal\u0161\u00ed vysv\u011btlen\u00ed, nev\u00e1hejte n\u00e1s kontaktovat telefonicky nebo e-mailem. Uskute\u010dn\u011bn\u00edm rezervace host potvrzuje, \u017ee se sezn\u00e1mil s t\u011bmito podm\u00ednkami a souhlas\u00ed s jejich dodr\u017eov\u00e1n\u00edm.<\/strong><\/p><p><strong>V\u0161eobecn\u00e9 obchodn\u00ed podm\u00ednky plat\u00ed od 13.06.2025.<\/strong><\/p><p><strong>D\u011bkujeme, \u017ee jste si pro sv\u016fj pobyt vybrali Bohinj River House.<\/strong><\/p>\t\t\t\t\t\t<\/div>\n\t\t\t\t<\/div>\n\t\t\t\t<\/div>\n\t\t\t\t\t<\/div>\n\t\t\t\t<\/div>\n\t\t<div class=\"elementor-element elementor-element-84f0ed7 mid-padding e-flex e-con-boxed e-con e-parent\" data-id=\"84f0ed7\" data-element_type=\"container\" data-settings=\"{&quot;background_background&quot;:&quot;classic&quot;}\">\n\t\t\t\t\t<div class=\"e-con-inner\">\n\t\t<div class=\"elementor-element elementor-element-ea517a8 e-con-full e-flex e-con e-child\" data-id=\"ea517a8\" data-element_type=\"container\">\n\t\t\t\t<div class=\"elementor-element elementor-element-52a13e7 elementor-widget elementor-widget-text-editor\" data-id=\"52a13e7\" data-element_type=\"widget\" data-widget_type=\"text-editor.default\">\n\t\t\t\t<div class=\"elementor-widget-container\">\n\t\t\t\t\t\t\t\u00dadaje o spole\u010dnosti\t\t\t\t\t\t<\/div>\n\t\t\t\t<\/div>\n\t\t\t\t<\/div>\n\t\t<div class=\"elementor-element elementor-element-53465bd e-con-full e-flex e-con e-child\" data-id=\"53465bd\" data-element_type=\"container\">\n\t\t\t\t<div class=\"elementor-element elementor-element-c9f5219 elementor-widget__width-auto elementor-widget elementor-widget-text-editor\" data-id=\"c9f5219\" data-element_type=\"widget\" data-widget_type=\"text-editor.default\">\n\t\t\t\t<div class=\"elementor-widget-container\">\n\t\t\t\t\t\t\t<p><strong>Stanovanjska hi\u0161a d.o.o.<\/strong><\/p><p>Litostrojska cesta 44E<br \/>1000 Ljubljana<br \/><strong><br \/>Identifika\u010dn\u00ed \u010d\u00edslo<\/strong>.: 7211732000<br \/><strong>DI\u010c<\/strong>: SI57448078<\/p>\t\t\t\t\t\t<\/div>\n\t\t\t\t<\/div>\n\t\t\t\t<\/div>\n\t\t\t\t\t<\/div>\n\t\t\t\t<\/div>\n\t\t\t\t<\/div>\n\t\t","protected":false},"excerpt":{"rendered":"<p>Smluvn\u00ed podm\u00ednky O N\u00ed\u017ee jsou uvedeny v\u0161eobecn\u00e9 obchodn\u00ed podm\u00ednky platn\u00e9 pro v\u00e1\u0161 pobyt v na\u0161em penzionu. P\u0159e\u010dt\u011bte si je pros\u00edm pozorn\u011b, proto\u017ee proveden\u00edm rezervace a vyu\u017e\u00edv\u00e1n\u00edm na\u0161ich slu\u017eeb souhlas\u00edte s uveden\u00fdmi ustanoven\u00edmi. Na\u0161\u00edm c\u00edlem je poskytnout v\u0161em host\u016fm p\u0159\u00edjemn\u00e9 a bezpe\u010dn\u00e9 prost\u0159ed\u00ed, proto v\u00e1s pros\u00edme o respektov\u00e1n\u00ed t\u011bchto pravidel. Podm\u00ednky pou\u017eit\u00ed Pou\u017e\u00edv\u00e1n\u00edm t\u00e9to webov\u00e9 str\u00e1nky [&hellip;]<\/p>\n","protected":false},"author":3,"featured_media":0,"parent":0,"menu_order":0,"comment_status":"closed","ping_status":"closed","template":"","meta":{"_acf_changed":false,"footnotes":""},"class_list":["post-6232","page","type-page","status-publish","hentry"],"acf":[],"_links":{"self":[{"href":"https:\/\/www.bohinj-riverhouse.si\/cs\/wp-json\/wp\/v2\/pages\/6232","targetHints":{"allow":["GET"]}}],"collection":[{"href":"https:\/\/www.bohinj-riverhouse.si\/cs\/wp-json\/wp\/v2\/pages"}],"about":[{"href":"https:\/\/www.bohinj-riverhouse.si\/cs\/wp-json\/wp\/v2\/types\/page"}],"author":[{"embeddable":true,"href":"https:\/\/www.bohinj-riverhouse.si\/cs\/wp-json\/wp\/v2\/users\/3"}],"replies":[{"embeddable":true,"href":"https:\/\/www.bohinj-riverhouse.si\/cs\/wp-json\/wp\/v2\/comments?post=6232"}],"version-history":[{"count":59,"href":"https:\/\/www.bohinj-riverhouse.si\/cs\/wp-json\/wp\/v2\/pages\/6232\/revisions"}],"predecessor-version":[{"id":10324,"href":"https:\/\/www.bohinj-riverhouse.si\/cs\/wp-json\/wp\/v2\/pages\/6232\/revisions\/10324"}],"wp:attachment":[{"href":"https:\/\/www.bohinj-riverhouse.si\/cs\/wp-json\/wp\/v2\/media?parent=6232"}],"curies":[{"name":"wp","href":"https:\/\/api.w.org\/{rel}","templated":true}]}}