{"id":11640,"date":"2025-12-08T15:03:08","date_gmt":"2025-12-08T14:03:08","guid":{"rendered":"https:\/\/www.bohinj-riverhouse.si\/?page_id=11640"},"modified":"2025-12-26T17:38:59","modified_gmt":"2025-12-26T16:38:59","slug":"ski-spa-paket","status":"publish","type":"page","link":"https:\/\/www.bohinj-riverhouse.si\/de\/ski-spa-paket\/","title":{"rendered":"Ski &#038; SPA Paket"},"content":{"rendered":"\t\t<div data-elementor-type=\"wp-page\" data-elementor-id=\"11640\" class=\"elementor elementor-11640 elementor-11598\" data-elementor-post-type=\"page\">\n\t\t\t\t<div class=\"elementor-element elementor-element-b540cc6 e-con-full e-flex e-con e-parent\" data-id=\"b540cc6\" data-element_type=\"container\" data-settings=\"{&quot;background_background&quot;:&quot;classic&quot;}\">\n\t\t\t\t<div class=\"elementor-element elementor-element-14b2bf2 elementor-widget elementor-widget-spacer\" data-id=\"14b2bf2\" data-element_type=\"widget\" data-widget_type=\"spacer.default\">\n\t\t\t\t<div class=\"elementor-widget-container\">\n\t\t\t\t\t<div class=\"elementor-spacer\">\n\t\t\t<div class=\"elementor-spacer-inner\"><\/div>\n\t\t<\/div>\n\t\t\t\t<\/div>\n\t\t\t\t<\/div>\n\t\t\t\t<div class=\"elementor-element elementor-element-3848f92 single-page-post-title-wrapper elementor-widget elementor-widget-heading\" data-id=\"3848f92\" data-element_type=\"widget\" data-widget_type=\"heading.default\">\n\t\t\t\t<div class=\"elementor-widget-container\">\n\t\t\t<h2 class=\"elementor-heading-title elementor-size-default\">Ski &amp; SPA paket<\/h2>\t\t<\/div>\n\t\t\t\t<\/div>\n\t\t\t\t<\/div>\n\t\t<div class=\"elementor-element elementor-element-5a0be45 home-section-3 e-flex e-con-boxed e-con e-parent\" data-id=\"5a0be45\" data-element_type=\"container\" data-settings=\"{&quot;background_background&quot;:&quot;classic&quot;}\">\n\t\t\t\t\t<div class=\"e-con-inner\">\n\t\t<div class=\"elementor-element elementor-element-bad81f0 e-con-full col-1 pad-l pad-r e-flex e-con e-child\" data-id=\"bad81f0\" data-element_type=\"container\" data-settings=\"{&quot;background_background&quot;:&quot;classic&quot;}\">\n\t\t\t\t<div class=\"elementor-element elementor-element-61137c9b elementor-widget elementor-widget-breadcrumbs\" data-id=\"61137c9b\" data-element_type=\"widget\" data-widget_type=\"breadcrumbs.default\">\n\t\t\t\t<div class=\"elementor-widget-container\">\n\t\t\t<p id=\"breadcrumbs\"><span><span><a href=\"https:\/\/www.bohinj-riverhouse.si\/de\/\">Startseite<\/a><\/span><\/span><\/p>\t\t<\/div>\n\t\t\t\t<\/div>\n\t\t\t\t<\/div>\n\t\t\t\t\t<\/div>\n\t\t\t\t<\/div>\n\t\t<div class=\"elementor-element elementor-element-2130628 home-section-3 highlited-section e-flex e-con-boxed e-con e-parent\" data-id=\"2130628\" data-element_type=\"container\" data-settings=\"{&quot;background_background&quot;:&quot;classic&quot;}\">\n\t\t\t\t\t<div class=\"e-con-inner\">\n\t\t<div class=\"elementor-element elementor-element-f1328b1 e-con-full col-1 pad-l e-flex e-con e-child\" data-id=\"f1328b1\" data-element_type=\"container\" data-settings=\"{&quot;background_background&quot;:&quot;classic&quot;}\">\n\t\t\t\t<div class=\"elementor-element elementor-element-023dd40 elementor-widget elementor-widget-text-editor\" data-id=\"023dd40\" data-element_type=\"widget\" data-widget_type=\"text-editor.default\">\n\t\t\t\t<div class=\"elementor-widget-container\">\n\t\t\t\t\t\t\t<p class=\"p1\">Skiurlaub auf dem Vogel<\/p>\t\t\t\t\t\t<\/div>\n\t\t\t\t<\/div>\n\t\t\t\t<\/div>\n\t\t<div class=\"elementor-element elementor-element-aee0e11 e-con-full pad-r e-flex e-con e-child\" data-id=\"aee0e11\" data-element_type=\"container\" data-settings=\"{&quot;background_background&quot;:&quot;classic&quot;}\">\n\t\t\t\t<div class=\"elementor-element elementor-element-20d1fa2 elementor-widget elementor-widget-text-editor\" data-id=\"20d1fa2\" data-element_type=\"widget\" data-widget_type=\"text-editor.default\">\n\t\t\t\t<div class=\"elementor-widget-container\">\n\t\t\t\t\t\t\t<p>Erleben Sie ein perfektes Winterabenteuer in Bohinj<\/p>\t\t\t\t\t\t<\/div>\n\t\t\t\t<\/div>\n\t\t\t\t<div class=\"elementor-element elementor-element-0d43ad7 elementor-widget elementor-widget-text-editor\" data-id=\"0d43ad7\" data-element_type=\"widget\" data-widget_type=\"text-editor.default\">\n\t\t\t\t<div class=\"elementor-widget-container\">\n\t\t\t\t\t\t\t<p class=\"p1\">Genie\u00dfen Sie die frische Bergluft, atemberaubende Aussichten und erstklassiges Skifahren auf dem Vogel. Nach einem aktiven Tag im Schnee entspannen Sie sich im komfortablen SPA-Zentrum und tanken neue Energie f\u00fcr neue Erlebnisse.<\/p>\t\t\t\t\t\t<\/div>\n\t\t\t\t<\/div>\n\t\t\t\t<\/div>\n\t\t\t\t\t<\/div>\n\t\t\t\t<\/div>\n\t\t<div class=\"elementor-element elementor-element-0a6b37d mid-padding two-col-text e-flex e-con-boxed e-con e-parent\" data-id=\"0a6b37d\" data-element_type=\"container\" data-settings=\"{&quot;background_background&quot;:&quot;classic&quot;}\">\n\t\t\t\t\t<div class=\"e-con-inner\">\n\t\t<div class=\"elementor-element elementor-element-5eae5fd e-con-full e-flex e-con e-child\" data-id=\"5eae5fd\" data-element_type=\"container\">\n\t\t\t\t<div class=\"elementor-element elementor-element-6840847 elementor-invisible elementor-widget elementor-widget-text-editor\" data-id=\"6840847\" data-element_type=\"widget\" data-settings=\"{&quot;_animation&quot;:&quot;slideInLeft&quot;}\" data-widget_type=\"text-editor.default\">\n\t\t\t\t<div class=\"elementor-widget-container\">\n\t\t\t\t\t\t\t<p>Das Paket beinhaltet<\/p>\t\t\t\t\t\t<\/div>\n\t\t\t\t<\/div>\n\t\t\t\t<\/div>\n\t\t\t\t<div class=\"elementor-element elementor-element-b674341 elementor-widget elementor-widget-text-editor\" data-id=\"b674341\" data-element_type=\"widget\" data-widget_type=\"text-editor.default\">\n\t\t\t\t<div class=\"elementor-widget-container\">\n\t\t\t\t\t\t\t<ul><li class=\"li1\">2-, 3- oder 4-N\u00e4chte im komfortablen Doppelzimmer<\/li><li class=\"li1\">Reichhaltiges Fr\u00fchst\u00fcck<\/li><li class=\"li1\">2-, 3- oder 4-Tages-Skipass Vogel<\/li><li class=\"li1\">Kostenfreier Eintritt ins Wellness &amp; SPA des Hotels (2 Stunden pro Tag)<\/li><li class=\"li1\">Nutzung der finnischen Sauna, des Whirlpools, des hei\u00dfen Bades, des Ruheraums<br data-start=\"943\" data-end=\"946\" \/>Leihbademantel, Badet\u00fccher und Pantoffeln<\/li><li class=\"li1\">Kostenfreie Nutzung des Parkplatzes<\/li><li class=\"li1\">Kostenfreies WLAN<\/li><li class=\"li1\">Winter BASIC Card Julische Alpen: Bohinj (Rabatte bei Partnern)<\/li><\/ul>\t\t\t\t\t\t<\/div>\n\t\t\t\t<\/div>\n\t\t\t\t\t<\/div>\n\t\t\t\t<\/div>\n\t\t<div class=\"elementor-element elementor-element-bae94fe sectino-addtional-txt-2-col e-flex e-con-boxed e-con e-parent\" data-id=\"bae94fe\" data-element_type=\"container\" id=\"break-fast\" data-settings=\"{&quot;background_background&quot;:&quot;classic&quot;}\">\n\t\t\t\t\t<div class=\"e-con-inner\">\n\t\t<div class=\"elementor-element elementor-element-29c3f1e e-con-full e-flex e-con e-child\" data-id=\"29c3f1e\" data-element_type=\"container\">\n\t\t\t\t<div class=\"elementor-element elementor-element-ccfe1ab elementor-widget elementor-widget-text-editor\" data-id=\"ccfe1ab\" data-element_type=\"widget\" data-widget_type=\"text-editor.default\">\n\t\t\t\t<div class=\"elementor-widget-container\">\n\t\t\t\t\t\t\t<p class=\"p1\"><strong>Preise pro Person<\/strong><br \/>(im Doppelzimmer)<\/p><p><strong>\u00a0<\/strong><\/p>\t\t\t\t\t\t<\/div>\n\t\t\t\t<\/div>\n\t\t\t\t<\/div>\n\t\t<div class=\"elementor-element elementor-element-da79f4d e-con-full e-flex e-con e-child\" data-id=\"da79f4d\" data-element_type=\"container\">\n\t\t<div class=\"elementor-element elementor-element-5ccf535 e-grid e-con-boxed e-con e-child\" data-id=\"5ccf535\" data-element_type=\"container\">\n\t\t\t\t\t<div class=\"e-con-inner\">\n\t\t\t\t<div class=\"elementor-element elementor-element-aa5f2c0 elementor-widget elementor-widget-heading\" data-id=\"aa5f2c0\" data-element_type=\"widget\" data-widget_type=\"heading.default\">\n\t\t\t\t<div class=\"elementor-widget-container\">\n\t\t\t<h6 class=\"elementor-heading-title elementor-size-default\">\/<\/h6>\t\t<\/div>\n\t\t\t\t<\/div>\n\t\t\t\t<div class=\"elementor-element elementor-element-6e7a8a9 elementor-widget elementor-widget-heading\" data-id=\"6e7a8a9\" data-element_type=\"widget\" data-widget_type=\"heading.default\">\n\t\t\t\t<div class=\"elementor-widget-container\">\n\t\t\t<h6 class=\"elementor-heading-title elementor-size-default\">2 N\u00e4chte mit Fr\u00fchst\u00fcck<\/h6>\t\t<\/div>\n\t\t\t\t<\/div>\n\t\t\t\t<div class=\"elementor-element elementor-element-ec7eb6e elementor-widget elementor-widget-heading\" data-id=\"ec7eb6e\" data-element_type=\"widget\" data-widget_type=\"heading.default\">\n\t\t\t\t<div class=\"elementor-widget-container\">\n\t\t\t<h6 class=\"elementor-heading-title elementor-size-default\">3 N\u00e4chte mit Fr\u00fchst\u00fcck<\/h6>\t\t<\/div>\n\t\t\t\t<\/div>\n\t\t\t\t<div class=\"elementor-element elementor-element-b5a9aa6 elementor-widget elementor-widget-heading\" data-id=\"b5a9aa6\" data-element_type=\"widget\" data-widget_type=\"heading.default\">\n\t\t\t\t<div class=\"elementor-widget-container\">\n\t\t\t<h6 class=\"elementor-heading-title elementor-size-default\">4 N\u00e4chte mit Fr\u00fchst\u00fcck<\/h6>\t\t<\/div>\n\t\t\t\t<\/div>\n\t\t\t\t<div class=\"elementor-element elementor-element-026b5cf elementor-widget elementor-widget-heading\" data-id=\"026b5cf\" data-element_type=\"widget\" data-widget_type=\"heading.default\">\n\t\t\t\t<div class=\"elementor-widget-container\">\n\t\t\t<h6 class=\"elementor-heading-title elementor-size-default\">Erwachsene<\/h6>\t\t<\/div>\n\t\t\t\t<\/div>\n\t\t\t\t<div class=\"elementor-element elementor-element-1d00208 elementor-widget elementor-widget-heading\" data-id=\"1d00208\" data-element_type=\"widget\" data-widget_type=\"heading.default\">\n\t\t\t\t<div class=\"elementor-widget-container\">\n\t\t\t<p class=\"elementor-heading-title elementor-size-default\">220,00 \u20ac<\/p>\t\t<\/div>\n\t\t\t\t<\/div>\n\t\t\t\t<div class=\"elementor-element elementor-element-33c8a55 elementor-widget elementor-widget-heading\" data-id=\"33c8a55\" data-element_type=\"widget\" data-widget_type=\"heading.default\">\n\t\t\t\t<div class=\"elementor-widget-container\">\n\t\t\t<p class=\"elementor-heading-title elementor-size-default\">335,00 \u20ac<\/p>\t\t<\/div>\n\t\t\t\t<\/div>\n\t\t\t\t<div class=\"elementor-element elementor-element-af8892b elementor-widget elementor-widget-heading\" data-id=\"af8892b\" data-element_type=\"widget\" data-widget_type=\"heading.default\">\n\t\t\t\t<div class=\"elementor-widget-container\">\n\t\t\t<p class=\"elementor-heading-title elementor-size-default\">445,00 \u20ac<\/p>\t\t<\/div>\n\t\t\t\t<\/div>\n\t\t\t\t<div class=\"elementor-element elementor-element-f813517 elementor-widget elementor-widget-heading\" data-id=\"f813517\" data-element_type=\"widget\" data-widget_type=\"heading.default\">\n\t\t\t\t<div class=\"elementor-widget-container\">\n\t\t\t<h6 class=\"elementor-heading-title elementor-size-default\">Jugendliche &amp; Senioren*<\/h6>\t\t<\/div>\n\t\t\t\t<\/div>\n\t\t\t\t<div class=\"elementor-element elementor-element-7b330f2 elementor-widget elementor-widget-heading\" data-id=\"7b330f2\" data-element_type=\"widget\" data-widget_type=\"heading.default\">\n\t\t\t\t<div class=\"elementor-widget-container\">\n\t\t\t<p class=\"elementor-heading-title elementor-size-default\">210,00 \u20ac<\/p>\t\t<\/div>\n\t\t\t\t<\/div>\n\t\t\t\t<div class=\"elementor-element elementor-element-cd0f9d2 elementor-widget elementor-widget-heading\" data-id=\"cd0f9d2\" data-element_type=\"widget\" data-widget_type=\"heading.default\">\n\t\t\t\t<div class=\"elementor-widget-container\">\n\t\t\t<p class=\"elementor-heading-title elementor-size-default\">320,00 \u20ac<\/p>\t\t<\/div>\n\t\t\t\t<\/div>\n\t\t\t\t<div class=\"elementor-element elementor-element-4e61379 elementor-widget elementor-widget-heading\" data-id=\"4e61379\" data-element_type=\"widget\" data-widget_type=\"heading.default\">\n\t\t\t\t<div class=\"elementor-widget-container\">\n\t\t\t<p class=\"elementor-heading-title elementor-size-default\">432,00 \u20ac<\/p>\t\t<\/div>\n\t\t\t\t<\/div>\n\t\t\t\t<div class=\"elementor-element elementor-element-6802ce0 elementor-widget elementor-widget-heading\" data-id=\"6802ce0\" data-element_type=\"widget\" data-widget_type=\"heading.default\">\n\t\t\t\t<div class=\"elementor-widget-container\">\n\t\t\t<h6 class=\"elementor-heading-title elementor-size-default\">Kinder 6\u201314 Jahre<\/h6>\t\t<\/div>\n\t\t\t\t<\/div>\n\t\t\t\t<div class=\"elementor-element elementor-element-a7a7014 elementor-widget elementor-widget-heading\" data-id=\"a7a7014\" data-element_type=\"widget\" data-widget_type=\"heading.default\">\n\t\t\t\t<div class=\"elementor-widget-container\">\n\t\t\t<p class=\"elementor-heading-title elementor-size-default\">80,00 \u20ac<\/p>\t\t<\/div>\n\t\t\t\t<\/div>\n\t\t\t\t<div class=\"elementor-element elementor-element-6cc244e elementor-widget elementor-widget-heading\" data-id=\"6cc244e\" data-element_type=\"widget\" data-widget_type=\"heading.default\">\n\t\t\t\t<div class=\"elementor-widget-container\">\n\t\t\t<p class=\"elementor-heading-title elementor-size-default\">150,00 \u20ac<\/p>\t\t<\/div>\n\t\t\t\t<\/div>\n\t\t\t\t<div class=\"elementor-element elementor-element-3225602 elementor-widget elementor-widget-heading\" data-id=\"3225602\" data-element_type=\"widget\" data-widget_type=\"heading.default\">\n\t\t\t\t<div class=\"elementor-widget-container\">\n\t\t\t<p class=\"elementor-heading-title elementor-size-default\">190,00 \u20ac<\/p>\t\t<\/div>\n\t\t\t\t<\/div>\n\t\t\t\t\t<\/div>\n\t\t\t\t<\/div>\n\t\t\t\t<div class=\"elementor-element elementor-element-e243f79 elementor-widget elementor-widget-text-editor\" data-id=\"e243f79\" data-element_type=\"widget\" data-widget_type=\"text-editor.default\">\n\t\t\t\t<div class=\"elementor-widget-container\">\n\t\t\t\t\t\t\t<p class=\"p1\">*Jugendliche: 15\u201323,99 Jahre \/ Senioren: ab 60 Jahre<\/p><p class=\"p1\"><em>(Zuschlag f\u00fcr Einzelzimmer: 55,00 \u20ac)<\/em><\/p>\t\t\t\t\t\t<\/div>\n\t\t\t\t<\/div>\n\t\t\t\t<\/div>\n\t\t\t\t\t<\/div>\n\t\t\t\t<\/div>\n\t\t<div class=\"elementor-element elementor-element-6d74232 e-flex e-con-boxed e-con e-parent\" data-id=\"6d74232\" data-element_type=\"container\" data-settings=\"{&quot;background_background&quot;:&quot;classic&quot;}\">\n\t\t\t\t\t<div class=\"e-con-inner\">\n\t\t\t\t<div class=\"elementor-element elementor-element-6963b06 elementor-widget-divider--view-line elementor-widget elementor-widget-divider\" data-id=\"6963b06\" data-element_type=\"widget\" data-widget_type=\"divider.default\">\n\t\t\t\t<div class=\"elementor-widget-container\">\n\t\t\t\t\t<div class=\"elementor-divider\">\n\t\t\t<span class=\"elementor-divider-separator\">\n\t\t\t\t\t\t<\/span>\n\t\t<\/div>\n\t\t\t\t<\/div>\n\t\t\t\t<\/div>\n\t\t\t\t\t<\/div>\n\t\t\t\t<\/div>\n\t\t<div class=\"elementor-element elementor-element-edc3c27 sectino-addtional-txt-2-col e-flex e-con-boxed e-con e-parent\" data-id=\"edc3c27\" data-element_type=\"container\" id=\"more-about-spa\" data-settings=\"{&quot;background_background&quot;:&quot;classic&quot;}\">\n\t\t\t\t\t<div class=\"e-con-inner\">\n\t\t<div class=\"elementor-element elementor-element-dca50f8 e-con-full e-flex e-con e-child\" data-id=\"dca50f8\" data-element_type=\"container\">\n\t\t\t\t<div class=\"elementor-element elementor-element-6b4f3eb elementor-widget elementor-widget-text-editor\" data-id=\"6b4f3eb\" data-element_type=\"widget\" data-widget_type=\"text-editor.default\">\n\t\t\t\t<div class=\"elementor-widget-container\">\n\t\t\t\t\t\t\t<p class=\"p1\"><strong>Weitere Vorteile<\/strong><\/p>\t\t\t\t\t\t<\/div>\n\t\t\t\t<\/div>\n\t\t\t\t<\/div>\n\t\t<div class=\"elementor-element elementor-element-975ff04 e-con-full e-flex e-con e-child\" data-id=\"975ff04\" data-element_type=\"container\">\n\t\t\t\t<div class=\"elementor-element elementor-element-28c409a elementor-widget elementor-widget-text-editor\" data-id=\"28c409a\" data-element_type=\"widget\" data-widget_type=\"text-editor.default\">\n\t\t\t\t<div class=\"elementor-widget-container\">\n\t\t\t\t\t\t\t<ul class=\"ul1\"><li class=\"li1\">Privatparkplatz in Hoteln\u00e4he<\/li><li class=\"li1\">Skiraum mit Trockner<br data-start=\"2100\" data-end=\"2103\" \/>Preisnachlass bei<\/li><li class=\"li1\">Aufenthalt ohne Fr\u00fchst\u00fcck (im Apartment)<\/li><\/ul>\t\t\t\t\t\t<\/div>\n\t\t\t\t<\/div>\n\t\t\t\t<\/div>\n\t\t\t\t\t<\/div>\n\t\t\t\t<\/div>\n\t\t<div class=\"elementor-element elementor-element-0cce0a0 sectino-addtional-txt-2-col e-flex e-con-boxed e-con e-parent\" data-id=\"0cce0a0\" data-element_type=\"container\" data-settings=\"{&quot;background_background&quot;:&quot;classic&quot;}\">\n\t\t\t\t\t<div class=\"e-con-inner\">\n\t\t<div class=\"elementor-element elementor-element-b08bc93 e-con-full e-flex e-con e-child\" data-id=\"b08bc93\" data-element_type=\"container\">\n\t\t\t\t<div class=\"elementor-element elementor-element-3471791 elementor-widget elementor-widget-text-editor\" data-id=\"3471791\" data-element_type=\"widget\" data-widget_type=\"text-editor.default\">\n\t\t\t\t<div class=\"elementor-widget-container\">\n\t\t\t\t\t\t\t<p class=\"p1\"><strong>Zuschl\u00e4ge<\/strong><\/p>\t\t\t\t\t\t<\/div>\n\t\t\t\t<\/div>\n\t\t\t\t<\/div>\n\t\t<div class=\"elementor-element elementor-element-0b9af51 e-con-full e-flex e-con e-child\" data-id=\"0b9af51\" data-element_type=\"container\">\n\t\t\t\t<div class=\"elementor-element elementor-element-134ad05 elementor-widget elementor-widget-text-editor\" data-id=\"134ad05\" data-element_type=\"widget\" data-widget_type=\"text-editor.default\">\n\t\t\t\t<div class=\"elementor-widget-container\">\n\t\t\t\t\t\t\t<p><strong>Ortstaxe pro Tag:<\/strong><\/p><ul><li>2,50 \u20ac (Erwachsene)<br data-start=\"2177\" data-end=\"2180\" \/>1,25 \u20ac (Kinder von 7 bis 18 Jahren)<\/li><\/ul>\t\t\t\t\t\t<\/div>\n\t\t\t\t<\/div>\n\t\t\t\t<\/div>\n\t\t\t\t\t<\/div>\n\t\t\t\t<\/div>\n\t\t<div class=\"elementor-element elementor-element-26b1915 e-flex e-con-boxed e-con e-parent\" data-id=\"26b1915\" data-element_type=\"container\" data-settings=\"{&quot;background_background&quot;:&quot;classic&quot;}\">\n\t\t\t\t\t<div class=\"e-con-inner\">\n\t\t\t\t<div class=\"elementor-element elementor-element-5c6f93f elementor-widget-divider--view-line elementor-widget elementor-widget-divider\" data-id=\"5c6f93f\" data-element_type=\"widget\" data-widget_type=\"divider.default\">\n\t\t\t\t<div class=\"elementor-widget-container\">\n\t\t\t\t\t<div class=\"elementor-divider\">\n\t\t\t<span class=\"elementor-divider-separator\">\n\t\t\t\t\t\t<\/span>\n\t\t<\/div>\n\t\t\t\t<\/div>\n\t\t\t\t<\/div>\n\t\t\t\t\t<\/div>\n\t\t\t\t<\/div>\n\t\t<div class=\"elementor-element elementor-element-22ba8008 e-flex e-con-boxed e-con e-parent\" data-id=\"22ba8008\" data-element_type=\"container\" data-settings=\"{&quot;background_background&quot;:&quot;classic&quot;}\">\n\t\t\t\t\t<div class=\"e-con-inner\">\n\t\t\t\t<div class=\"elementor-element elementor-element-48c1d7e2 elementor-invisible elementor-widget elementor-widget-text-editor\" data-id=\"48c1d7e2\" data-element_type=\"widget\" data-settings=\"{&quot;_animation&quot;:&quot;slideInLeft&quot;}\" data-widget_type=\"text-editor.default\">\n\t\t\t\t<div class=\"elementor-widget-container\">\n\t\t\t\t\t\t\t<p class=\"p1\">Reservierungen und Informationen<\/p>\t\t\t\t\t\t<\/div>\n\t\t\t\t<\/div>\n\t\t\t\t<div class=\"elementor-element elementor-element-7a3e4b64 elementor-widget__width-initial elementor-widget elementor-widget-text-editor\" data-id=\"7a3e4b64\" data-element_type=\"widget\" data-widget_type=\"text-editor.default\">\n\t\t\t\t<div class=\"elementor-widget-container\">\n\t\t\t\t\t\t\t<p class=\"p1\">F\u00fcr zus\u00e4tzliche Informationen kontaktieren Sie uns. Wir freuen uns auf Ihren Besuch.<\/p>\t\t\t\t\t\t<\/div>\n\t\t\t\t<\/div>\n\t\t\t\t<div class=\"elementor-element elementor-element-742319a9 elementor-align-center elementor-widget elementor-widget-button\" data-id=\"742319a9\" data-element_type=\"widget\" data-widget_type=\"button.default\">\n\t\t\t\t<div class=\"elementor-widget-container\">\n\t\t\t\t\t\t\t<div class=\"elementor-button-wrapper\">\n\t\t\t\t\t<a class=\"elementor-button elementor-button-link elementor-size-sm\" href=\"\/kontaktirajte-nas\/\">\n\t\t\t\t\t\t<span class=\"elementor-button-content-wrapper\">\n\t\t\t\t\t\t\t\t\t<span class=\"elementor-button-text\">Kontaktieren Sie uns<\/span>\n\t\t\t\t\t<\/span>\n\t\t\t\t\t<\/a>\n\t\t\t\t<\/div>\n\t\t\t\t\t\t<\/div>\n\t\t\t\t<\/div>\n\t\t\t\t\t<\/div>\n\t\t\t\t<\/div>\n\t\t\t\t<\/div>\n\t\t","protected":false},"excerpt":{"rendered":"<p>Ski &amp; SPA paket Skiurlaub auf dem Vogel Erleben Sie ein perfektes Winterabenteuer in Bohinj Genie\u00dfen Sie die frische Bergluft, atemberaubende Aussichten und erstklassiges Skifahren auf dem Vogel. Nach einem aktiven Tag im Schnee entspannen Sie sich im komfortablen SPA-Zentrum und tanken neue Energie f\u00fcr neue Erlebnisse. Das Paket beinhaltet 2-, 3- oder 4-N\u00e4chte im [&hellip;]<\/p>\n","protected":false},"author":5,"featured_media":0,"parent":0,"menu_order":0,"comment_status":"closed","ping_status":"closed","template":"","meta":{"_acf_changed":false,"footnotes":""},"class_list":["post-11640","page","type-page","status-publish","hentry"],"acf":[],"_links":{"self":[{"href":"https:\/\/www.bohinj-riverhouse.si\/de\/wp-json\/wp\/v2\/pages\/11640","targetHints":{"allow":["GET"]}}],"collection":[{"href":"https:\/\/www.bohinj-riverhouse.si\/de\/wp-json\/wp\/v2\/pages"}],"about":[{"href":"https:\/\/www.bohinj-riverhouse.si\/de\/wp-json\/wp\/v2\/types\/page"}],"author":[{"embeddable":true,"href":"https:\/\/www.bohinj-riverhouse.si\/de\/wp-json\/wp\/v2\/users\/5"}],"replies":[{"embeddable":true,"href":"https:\/\/www.bohinj-riverhouse.si\/de\/wp-json\/wp\/v2\/comments?post=11640"}],"version-history":[{"count":18,"href":"https:\/\/www.bohinj-riverhouse.si\/de\/wp-json\/wp\/v2\/pages\/11640\/revisions"}],"predecessor-version":[{"id":11750,"href":"https:\/\/www.bohinj-riverhouse.si\/de\/wp-json\/wp\/v2\/pages\/11640\/revisions\/11750"}],"wp:attachment":[{"href":"https:\/\/www.bohinj-riverhouse.si\/de\/wp-json\/wp\/v2\/media?parent=11640"}],"curies":[{"name":"wp","href":"https:\/\/api.w.org\/{rel}","templated":true}]}}