{"id":6141,"date":"2025-01-13T11:31:15","date_gmt":"2025-01-13T10:31:15","guid":{"rendered":"https:\/\/bohinj-riverhouse.si\/blog\/"},"modified":"2025-02-22T19:52:14","modified_gmt":"2025-02-22T18:52:14","slug":"blog","status":"publish","type":"page","link":"https:\/\/www.bohinj-riverhouse.si\/de\/blog\/","title":{"rendered":"Blog"},"content":{"rendered":"\t\t<div data-elementor-type=\"wp-page\" data-elementor-id=\"6141\" class=\"elementor elementor-6141 elementor-3954\" data-elementor-post-type=\"page\">\n\t\t\t\t<div class=\"elementor-element elementor-element-b540cc6 e-con-full e-flex e-con e-parent\" data-id=\"b540cc6\" data-element_type=\"container\" data-settings=\"{&quot;background_background&quot;:&quot;classic&quot;}\">\n\t\t\t\t<div class=\"elementor-element elementor-element-14b2bf2 elementor-widget elementor-widget-spacer\" data-id=\"14b2bf2\" data-element_type=\"widget\" data-widget_type=\"spacer.default\">\n\t\t\t\t<div class=\"elementor-widget-container\">\n\t\t\t\t\t<div class=\"elementor-spacer\">\n\t\t\t<div class=\"elementor-spacer-inner\"><\/div>\n\t\t<\/div>\n\t\t\t\t<\/div>\n\t\t\t\t<\/div>\n\t\t\t\t<div class=\"elementor-element elementor-element-3848f92 single-page-post-title-wrapper elementor-widget elementor-widget-heading\" data-id=\"3848f92\" data-element_type=\"widget\" data-widget_type=\"heading.default\">\n\t\t\t\t<div class=\"elementor-widget-container\">\n\t\t\t<h2 class=\"elementor-heading-title elementor-size-default\">Blog<\/h2>\t\t<\/div>\n\t\t\t\t<\/div>\n\t\t\t\t<\/div>\n\t\t<div class=\"elementor-element elementor-element-5a0be45 home-section-3 blog-archive-sec-1 e-flex e-con-boxed e-con e-parent\" data-id=\"5a0be45\" data-element_type=\"container\" data-settings=\"{&quot;background_background&quot;:&quot;classic&quot;}\">\n\t\t\t\t\t<div class=\"e-con-inner\">\n\t\t<div class=\"elementor-element elementor-element-bad81f0 e-con-full col-1 pad-l pad-r e-flex e-con e-child\" data-id=\"bad81f0\" data-element_type=\"container\" data-settings=\"{&quot;background_background&quot;:&quot;classic&quot;}\">\n\t\t\t\t<div class=\"elementor-element elementor-element-61137c9b elementor-widget elementor-widget-breadcrumbs\" data-id=\"61137c9b\" data-element_type=\"widget\" data-widget_type=\"breadcrumbs.default\">\n\t\t\t\t<div class=\"elementor-widget-container\">\n\t\t\t<p id=\"breadcrumbs\"><span><span><a href=\"https:\/\/www.bohinj-riverhouse.si\/de\/\">Startseite<\/a><\/span><\/span><\/p>\t\t<\/div>\n\t\t\t\t<\/div>\n\t\t\t\t<\/div>\n\t\t\t\t\t<\/div>\n\t\t\t\t<\/div>\n\t\t<div class=\"elementor-element elementor-element-2130628 home-section-3  highlited-section e-flex e-con-boxed e-con e-parent\" data-id=\"2130628\" data-element_type=\"container\" data-settings=\"{&quot;background_background&quot;:&quot;classic&quot;}\">\n\t\t\t\t\t<div class=\"e-con-inner\">\n\t\t<div class=\"elementor-element elementor-element-f1328b1 e-con-full col-1 pad-l e-flex e-con e-child\" data-id=\"f1328b1\" data-element_type=\"container\" data-settings=\"{&quot;background_background&quot;:&quot;classic&quot;}\">\n\t\t\t\t<div class=\"elementor-element elementor-element-023dd40 elementor-widget elementor-widget-text-editor\" data-id=\"023dd40\" data-element_type=\"widget\" data-widget_type=\"text-editor.default\">\n\t\t\t\t<div class=\"elementor-widget-container\">\n\t\t\t\t\t\t\tBohinj Geschichten\t\t\t\t\t\t<\/div>\n\t\t\t\t<\/div>\n\t\t\t\t<\/div>\n\t\t<div class=\"elementor-element elementor-element-aee0e11 e-con-full pad-r e-flex e-con e-child\" data-id=\"aee0e11\" data-element_type=\"container\" data-settings=\"{&quot;background_background&quot;:&quot;classic&quot;}\">\n\t\t\t\t<div class=\"elementor-element elementor-element-20d1fa2 elementor-widget elementor-widget-text-editor\" data-id=\"20d1fa2\" data-element_type=\"widget\" data-widget_type=\"text-editor.default\">\n\t\t\t\t<div class=\"elementor-widget-container\">\n\t\t\t\t\t\t\t<p>Wo Tradition auf Nachhaltigkeit trifft<\/p>\t\t\t\t\t\t<\/div>\n\t\t\t\t<\/div>\n\t\t\t\t<div class=\"elementor-element elementor-element-0d43ad7 elementor-widget elementor-widget-text-editor\" data-id=\"0d43ad7\" data-element_type=\"widget\" data-widget_type=\"text-editor.default\">\n\t\t\t\t<div class=\"elementor-widget-container\">\n\t\t\t\t\t\t\t<p>Tauchen Sie in unseren Blog ein und entdecken Sie den Charme und die Sch\u00f6nheit von Bohinj. Von Insidertipps und Aktivit\u00e4tsguides bis hin zu kulturellen Highlights und lokalen Geschichten \u2013 unsere Artikel sollen inspirieren und Ihnen helfen, das Beste aus Ihrem Besuch in dieser atemberaubenden Alpenregion herauszuholen. Erleben Sie Bohinj durch unsere Augen und planen Sie Ihr n\u00e4chstes unvergessliches Abenteuer.<\/p>\t\t\t\t\t\t<\/div>\n\t\t\t\t<\/div>\n\t\t\t\t<\/div>\n\t\t\t\t\t<\/div>\n\t\t\t\t<\/div>\n\t\t<div class=\"elementor-element elementor-element-170319d9 e-con-full overflow-hid mid-padding e-flex e-con e-parent\" data-id=\"170319d9\" data-element_type=\"container\" data-settings=\"{&quot;background_background&quot;:&quot;classic&quot;}\">\n\t\t<div class=\"elementor-element elementor-element-daca6e9 e-flex e-con-boxed e-con e-child\" data-id=\"daca6e9\" data-element_type=\"container\">\n\t\t\t\t\t<div class=\"e-con-inner\">\n\t\t\t\t<div class=\"elementor-element elementor-element-748d9fe elementor-widget elementor-widget-prispevki-archive\" data-id=\"748d9fe\" data-element_type=\"widget\" data-widget_type=\"prispevki-archive.default\">\n\t\t\t\t<div class=\"elementor-widget-container\">\n\t\t\t\r\n       \t\t\t\t\t\t<div class=\"bohinj-river-house-prispevki-slider bohinj-river-house-prispevki-archive\">\r\n\t\t\t\t\t<div class=\"posts-wrapper\">\r\n\t\t\t\t\t\t\t\t\t\t\t\t\t\t\t\t\t\t\t\t\t\t\t\t\t\t\t\t<div class=\"post-wrapper\" >\r\n\t\t\t\t\t\t\t\t\t<div class=\"inner-wrapper\">\r\n\t\t\t\t\t\t\t\t\t\t<div class=\"post-content\">\r\n\t\t\t\t\t\t\t\t\t\t\t<a href=\"https:\/\/www.bohinj-riverhouse.si\/de\/mostnica-schlucht-und-voje-tal\/\">\r\n\t\t\t\t\t\t\t\t\t\t\t\t<div class=\"post-image\">\r\n\t\t\t\t\t\t\t\t\t\t\t\t\t\t\t\t\t\t\t\t\t\t\t\t\t\t\t<img fetchpriority=\"high\" decoding=\"async\" width=\"460\" height=\"375\" src=\"https:\/\/www.bohinj-riverhouse.si\/wp-content\/uploads\/2025\/01\/Bohinj-nature-460x375.jpg\" class=\"attachment-elementor-blog-thumbnail size-elementor-blog-thumbnail wp-post-image\" alt=\"\" \/>\t\t\t\t\t\t\t\t\t\t\t\t\t\t\t\t\t\t\t\t\t\t\t\t\t<\/div>\r\n\t\t\t\t\t\t\t\t\t\t\t\t<div class=\"post-meta-data\">\r\n\t\t\t\t\t\t\t\t\t\t\t\t\t<div class=\"title\">\r\n\t\t\t\t\t\t\t\t\t\t\t\t\t\t<span>Mostnica-Schlucht und Voje-Tal<\/span>\r\n\t\t\t\t\t\t\t\t\t\t\t\t\t<\/div>\r\n\t\t\t\t\t\t\t\t\t\t\t\t\t<div class=\"excerpt\">\r\n\t\t\t\t\t\t\t\t\t\t\t\t\t\t<span>Die Mostnica-Schlucht und das Voje-Tal geh\u00f6ren zu den sch\u00f6nsten Natursehensw\u00fcrdigkeiten Bohinjs. Hier k\u00f6nnen Sie kristallklares Wasser ...<\/span>\r\n\t\t\t\t\t\t\t\t\t\t\t\t\t<\/div>\r\n\t\t\t\t\t\t\t\t\t\t\t\t<\/div>\r\n\t\t\t\t\t\t\t\t\t\t\t<\/a>\r\n\t\t\t\t\t\t\t\t\t\t<\/div>\r\n\t\t\t\t\t\t\t\t\t<\/div>\t\r\n\t\t\t\t\t\t\t\t<\/div>\r\n\t\t\t\t\t\t\t\t\t\t\t\t\t \t\t\t\t\t\t\t\t\t\t\t\t\t\t\t\t\t\t\t\t\t\t<div class=\"post-wrapper\" >\r\n\t\t\t\t\t\t\t\t\t<div class=\"inner-wrapper\">\r\n\t\t\t\t\t\t\t\t\t\t<div class=\"post-content\">\r\n\t\t\t\t\t\t\t\t\t\t\t<a href=\"https:\/\/www.bohinj-riverhouse.si\/de\/triglav-nationalpark\/\">\r\n\t\t\t\t\t\t\t\t\t\t\t\t<div class=\"post-image\">\r\n\t\t\t\t\t\t\t\t\t\t\t\t\t\t\t\t\t\t\t\t\t\t\t\t\t\t\t<img decoding=\"async\" width=\"460\" height=\"375\" src=\"https:\/\/www.bohinj-riverhouse.si\/wp-content\/uploads\/2025\/01\/triglav-hike-460x375.jpg\" class=\"attachment-elementor-blog-thumbnail size-elementor-blog-thumbnail wp-post-image\" alt=\"\" \/>\t\t\t\t\t\t\t\t\t\t\t\t\t\t\t\t\t\t\t\t\t\t\t\t\t<\/div>\r\n\t\t\t\t\t\t\t\t\t\t\t\t<div class=\"post-meta-data\">\r\n\t\t\t\t\t\t\t\t\t\t\t\t\t<div class=\"title\">\r\n\t\t\t\t\t\t\t\t\t\t\t\t\t\t<span>Triglav-Nationalpark<\/span>\r\n\t\t\t\t\t\t\t\t\t\t\t\t\t<\/div>\r\n\t\t\t\t\t\t\t\t\t\t\t\t\t<div class=\"excerpt\">\r\n\t\t\t\t\t\t\t\t\t\t\t\t\t\t<span>Der Triglav-Nationalpark, einer der \u00e4ltesten und eindrucksvollsten Parks Europas, ist ein Heiligtum unber\u00fchrter alpiner Natur und kulturellen Erbes ...<\/span>\r\n\t\t\t\t\t\t\t\t\t\t\t\t\t<\/div>\r\n\t\t\t\t\t\t\t\t\t\t\t\t<\/div>\r\n\t\t\t\t\t\t\t\t\t\t\t<\/a>\r\n\t\t\t\t\t\t\t\t\t\t<\/div>\r\n\t\t\t\t\t\t\t\t\t<\/div>\t\r\n\t\t\t\t\t\t\t\t<\/div>\r\n\t\t\t\t\t\t\t\t\t\t\t\t\t \t\t\t\t\t\t\t\t\t\t\t\t\t\t\t\t\t\t\t\t\t\t<div class=\"post-wrapper\" >\r\n\t\t\t\t\t\t\t\t\t<div class=\"inner-wrapper\">\r\n\t\t\t\t\t\t\t\t\t\t<div class=\"post-content\">\r\n\t\t\t\t\t\t\t\t\t\t\t<a href=\"https:\/\/www.bohinj-riverhouse.si\/de\/bootsvorschriften-auf-dem-bohinjer-see\/\">\r\n\t\t\t\t\t\t\t\t\t\t\t\t<div class=\"post-image\">\r\n\t\t\t\t\t\t\t\t\t\t\t\t\t\t\t\t\t\t\t\t\t\t\t\t\t\t\t<img decoding=\"async\" width=\"460\" height=\"375\" src=\"https:\/\/www.bohinj-riverhouse.si\/wp-content\/uploads\/2025\/01\/Boat-bohinj-460x375.jpg\" class=\"attachment-elementor-blog-thumbnail size-elementor-blog-thumbnail wp-post-image\" alt=\"\" \/>\t\t\t\t\t\t\t\t\t\t\t\t\t\t\t\t\t\t\t\t\t\t\t\t\t<\/div>\r\n\t\t\t\t\t\t\t\t\t\t\t\t<div class=\"post-meta-data\">\r\n\t\t\t\t\t\t\t\t\t\t\t\t\t<div class=\"title\">\r\n\t\t\t\t\t\t\t\t\t\t\t\t\t\t<span>Bootsvorschriften auf dem Bohinjer See<\/span>\r\n\t\t\t\t\t\t\t\t\t\t\t\t\t<\/div>\r\n\t\t\t\t\t\t\t\t\t\t\t\t\t<div class=\"excerpt\">\r\n\t\t\t\t\t\t\t\t\t\t\t\t\t\t<span>Erkunden Sie den Bohinjer See und den Fluss Sava Bohinjka mit nicht motorisierten Booten bis zu 8 m. Nutzen Sie die ausgewiesenen ...<\/span>\r\n\t\t\t\t\t\t\t\t\t\t\t\t\t<\/div>\r\n\t\t\t\t\t\t\t\t\t\t\t\t<\/div>\r\n\t\t\t\t\t\t\t\t\t\t\t<\/a>\r\n\t\t\t\t\t\t\t\t\t\t<\/div>\r\n\t\t\t\t\t\t\t\t\t<\/div>\t\r\n\t\t\t\t\t\t\t\t<\/div>\r\n\t\t\t\t\t\t\t\t\t\t\t\t\t \t\t\t\t\t\t\t\t\t\t\t\t\t\t\t\t\t\t\t\t\t\t<div class=\"post-wrapper\" >\r\n\t\t\t\t\t\t\t\t\t<div class=\"inner-wrapper\">\r\n\t\t\t\t\t\t\t\t\t\t<div class=\"post-content\">\r\n\t\t\t\t\t\t\t\t\t\t\t<a href=\"https:\/\/www.bohinj-riverhouse.si\/de\/winteraktivitaeten-in-bohinj\/\">\r\n\t\t\t\t\t\t\t\t\t\t\t\t<div class=\"post-image\">\r\n\t\t\t\t\t\t\t\t\t\t\t\t\t\t\t\t\t\t\t\t\t\t\t\t\t\t\t<img loading=\"lazy\" decoding=\"async\" width=\"460\" height=\"375\" src=\"https:\/\/www.bohinj-riverhouse.si\/wp-content\/uploads\/2025\/01\/Winter-sports-460x375.jpg\" class=\"attachment-elementor-blog-thumbnail size-elementor-blog-thumbnail wp-post-image\" alt=\"\" \/>\t\t\t\t\t\t\t\t\t\t\t\t\t\t\t\t\t\t\t\t\t\t\t\t\t<\/div>\r\n\t\t\t\t\t\t\t\t\t\t\t\t<div class=\"post-meta-data\">\r\n\t\t\t\t\t\t\t\t\t\t\t\t\t<div class=\"title\">\r\n\t\t\t\t\t\t\t\t\t\t\t\t\t\t<span>Winteraktivit\u00e4ten in Bohinj<\/span>\r\n\t\t\t\t\t\t\t\t\t\t\t\t\t<\/div>\r\n\t\t\t\t\t\t\t\t\t\t\t\t\t<div class=\"excerpt\">\r\n\t\t\t\t\t\t\t\t\t\t\t\t\t\t<span>Bohinj verwandelt sich in ein Winterwunderland und bietet Aktivit\u00e4ten f\u00fcr jeden Geschmack \u2013 vom Skifahren in sieben Skizentren ...<\/span>\r\n\t\t\t\t\t\t\t\t\t\t\t\t\t<\/div>\r\n\t\t\t\t\t\t\t\t\t\t\t\t<\/div>\r\n\t\t\t\t\t\t\t\t\t\t\t<\/a>\r\n\t\t\t\t\t\t\t\t\t\t<\/div>\r\n\t\t\t\t\t\t\t\t\t<\/div>\t\r\n\t\t\t\t\t\t\t\t<\/div>\r\n\t\t\t\t\t\t\t\t\t\t\t\t\t \t\t\t\t\t<\/div>\r\n\t\t\t\t\t\t\t\t\t<\/div>\r\n\t\t\t\r\n\t\t\t\r\n                \t\t<\/div>\n\t\t\t\t<\/div>\n\t\t\t\t\t<\/div>\n\t\t\t\t<\/div>\n\t\t\t\t<\/div>\n\t\t\t\t<\/div>\n\t\t","protected":false},"excerpt":{"rendered":"<p>Blog Bohinj Geschichten Wo Tradition auf Nachhaltigkeit trifft Tauchen Sie in unseren Blog ein und entdecken Sie den Charme und die Sch\u00f6nheit von Bohinj. Von Insidertipps und Aktivit\u00e4tsguides bis hin zu kulturellen Highlights und lokalen Geschichten \u2013 unsere Artikel sollen inspirieren und Ihnen helfen, das Beste aus Ihrem Besuch in dieser atemberaubenden Alpenregion herauszuholen. Erleben [&hellip;]<\/p>\n","protected":false},"author":5,"featured_media":0,"parent":0,"menu_order":0,"comment_status":"closed","ping_status":"closed","template":"","meta":{"_acf_changed":false,"footnotes":""},"class_list":["post-6141","page","type-page","status-publish","hentry"],"acf":[],"_links":{"self":[{"href":"https:\/\/www.bohinj-riverhouse.si\/de\/wp-json\/wp\/v2\/pages\/6141","targetHints":{"allow":["GET"]}}],"collection":[{"href":"https:\/\/www.bohinj-riverhouse.si\/de\/wp-json\/wp\/v2\/pages"}],"about":[{"href":"https:\/\/www.bohinj-riverhouse.si\/de\/wp-json\/wp\/v2\/types\/page"}],"author":[{"embeddable":true,"href":"https:\/\/www.bohinj-riverhouse.si\/de\/wp-json\/wp\/v2\/users\/5"}],"replies":[{"embeddable":true,"href":"https:\/\/www.bohinj-riverhouse.si\/de\/wp-json\/wp\/v2\/comments?post=6141"}],"version-history":[{"count":19,"href":"https:\/\/www.bohinj-riverhouse.si\/de\/wp-json\/wp\/v2\/pages\/6141\/revisions"}],"predecessor-version":[{"id":10013,"href":"https:\/\/www.bohinj-riverhouse.si\/de\/wp-json\/wp\/v2\/pages\/6141\/revisions\/10013"}],"wp:attachment":[{"href":"https:\/\/www.bohinj-riverhouse.si\/de\/wp-json\/wp\/v2\/media?parent=6141"}],"curies":[{"name":"wp","href":"https:\/\/api.w.org\/{rel}","templated":true}]}}