{"id":6228,"date":"2025-01-20T08:49:45","date_gmt":"2025-01-20T07:49:45","guid":{"rendered":"https:\/\/bohinj-riverhouse.si\/cookies-and-privacy-policy\/"},"modified":"2025-02-12T13:35:08","modified_gmt":"2025-02-12T12:35:08","slug":"cookies-und-datenschutzrichtlinie","status":"publish","type":"page","link":"https:\/\/www.bohinj-riverhouse.si\/de\/cookies-und-datenschutzrichtlinie\/","title":{"rendered":"Cookies und Datenschutzrichtlinie"},"content":{"rendered":"\t\t<div data-elementor-type=\"wp-page\" data-elementor-id=\"6228\" class=\"elementor elementor-6228 elementor-4454\" data-elementor-post-type=\"page\">\n\t\t\t\t<div class=\"elementor-element elementor-element-b540cc6 e-con-full e-flex e-con e-parent\" data-id=\"b540cc6\" data-element_type=\"container\" data-settings=\"{&quot;background_background&quot;:&quot;classic&quot;}\">\n\t\t\t\t<div class=\"elementor-element elementor-element-14b2bf2 elementor-widget elementor-widget-spacer\" data-id=\"14b2bf2\" data-element_type=\"widget\" data-widget_type=\"spacer.default\">\n\t\t\t\t<div class=\"elementor-widget-container\">\n\t\t\t\t\t<div class=\"elementor-spacer\">\n\t\t\t<div class=\"elementor-spacer-inner\"><\/div>\n\t\t<\/div>\n\t\t\t\t<\/div>\n\t\t\t\t<\/div>\n\t\t\t\t<div class=\"elementor-element elementor-element-3848f92 single-page-post-title-wrapper elementor-widget elementor-widget-heading\" data-id=\"3848f92\" data-element_type=\"widget\" data-widget_type=\"heading.default\">\n\t\t\t\t<div class=\"elementor-widget-container\">\n\t\t\t<h2 class=\"elementor-heading-title elementor-size-default\">Cookies and <br>Privacy Policy<\/h2>\t\t<\/div>\n\t\t\t\t<\/div>\n\t\t\t\t<\/div>\n\t\t<div class=\"elementor-element elementor-element-5a0be45 home-section-3 e-flex e-con-boxed e-con e-parent\" data-id=\"5a0be45\" data-element_type=\"container\" data-settings=\"{&quot;background_background&quot;:&quot;classic&quot;}\">\n\t\t\t\t\t<div class=\"e-con-inner\">\n\t\t<div class=\"elementor-element elementor-element-bad81f0 e-con-full col-1 pad-l pad-r e-flex e-con e-child\" data-id=\"bad81f0\" data-element_type=\"container\" data-settings=\"{&quot;background_background&quot;:&quot;classic&quot;}\">\n\t\t\t\t<div class=\"elementor-element elementor-element-61137c9b brown-breadcrumbs elementor-widget elementor-widget-breadcrumbs\" data-id=\"61137c9b\" data-element_type=\"widget\" data-widget_type=\"breadcrumbs.default\">\n\t\t\t\t<div class=\"elementor-widget-container\">\n\t\t\t<p id=\"breadcrumbs\"><span><span><a href=\"https:\/\/www.bohinj-riverhouse.si\/de\/\">Startseite<\/a><\/span><\/span><\/p>\t\t<\/div>\n\t\t\t\t<\/div>\n\t\t\t\t<\/div>\n\t\t\t\t\t<\/div>\n\t\t\t\t<\/div>\n\t\t<div class=\"elementor-element elementor-element-2130628 home-section-3 highlited-section e-flex e-con-boxed e-con e-parent\" data-id=\"2130628\" data-element_type=\"container\" data-settings=\"{&quot;background_background&quot;:&quot;classic&quot;}\">\n\t\t\t\t\t<div class=\"e-con-inner\">\n\t\t<div class=\"elementor-element elementor-element-f1328b1 e-con-full col-1 pad-l e-flex e-con e-child\" data-id=\"f1328b1\" data-element_type=\"container\" data-settings=\"{&quot;background_background&quot;:&quot;classic&quot;}\">\n\t\t\t\t<div class=\"elementor-element elementor-element-e9dc7b0 elementor-invisible elementor-widget elementor-widget-text-editor\" data-id=\"e9dc7b0\" data-element_type=\"widget\" data-settings=\"{&quot;_animation&quot;:&quot;slideInLeft&quot;}\" data-widget_type=\"text-editor.default\">\n\t\t\t\t<div class=\"elementor-widget-container\">\n\t\t\t\t\t\t\t<p>\u00dcber<\/p>\t\t\t\t\t\t<\/div>\n\t\t\t\t<\/div>\n\t\t\t\t<\/div>\n\t\t<div class=\"elementor-element elementor-element-aee0e11 e-con-full pad-r e-flex e-con e-child\" data-id=\"aee0e11\" data-element_type=\"container\" data-settings=\"{&quot;background_background&quot;:&quot;classic&quot;}\">\n\t\t\t\t<div class=\"elementor-element elementor-element-0f4dd9e elementor-widget__width-initial elementor-widget elementor-widget-text-editor\" data-id=\"0f4dd9e\" data-element_type=\"widget\" data-widget_type=\"text-editor.default\">\n\t\t\t\t<div class=\"elementor-widget-container\">\n\t\t\t\t\t\t\t<p>Our Privacy Policy explains how we collect, use, and protect your data. We use cookies to enhance your experience and analyze site performance.<\/p>\t\t\t\t\t\t<\/div>\n\t\t\t\t<\/div>\n\t\t\t\t<\/div>\n\t\t\t\t\t<\/div>\n\t\t\t\t<\/div>\n\t\t<div class=\"elementor-element elementor-element-0a6b37d mid-padding e-flex e-con-boxed e-con e-parent\" data-id=\"0a6b37d\" data-element_type=\"container\" data-settings=\"{&quot;background_background&quot;:&quot;classic&quot;}\">\n\t\t\t\t\t<div class=\"e-con-inner\">\n\t\t<div class=\"elementor-element elementor-element-5eae5fd e-con-full e-flex e-con e-child\" data-id=\"5eae5fd\" data-element_type=\"container\">\n\t\t\t\t<div class=\"elementor-element elementor-element-f8d6ff4 elementor-widget elementor-widget-text-editor\" data-id=\"f8d6ff4\" data-element_type=\"widget\" data-widget_type=\"text-editor.default\">\n\t\t\t\t<div class=\"elementor-widget-container\">\n\t\t\t\t\t\t\tDatenschutzrichtlinie\t\t\t\t\t\t<\/div>\n\t\t\t\t<\/div>\n\t\t\t\t<\/div>\n\t\t<div class=\"elementor-element elementor-element-9763b34 e-con-full e-flex e-con e-child\" data-id=\"9763b34\" data-element_type=\"container\">\n\t\t\t\t<div class=\"elementor-element elementor-element-eea52df elementor-widget__width-auto elementor-widget elementor-widget-text-editor\" data-id=\"eea52df\" data-element_type=\"widget\" data-widget_type=\"text-editor.default\">\n\t\t\t\t<div class=\"elementor-widget-container\">\n\t\t\t\t\t\t\t<p>Unsere Datenschutzrichtlinie erl\u00e4utert, wie wir Ihre Daten erfassen, verwenden und sch\u00fctzen. Wir verwenden Cookies, um Ihr Erlebnis zu verbessern und die Leistung der Website zu analysieren.<\/p>\t\t\t\t\t\t<\/div>\n\t\t\t\t<\/div>\n\t\t\t\t<\/div>\n\t\t\t\t\t<\/div>\n\t\t\t\t<\/div>\n\t\t<div class=\"elementor-element elementor-element-3eeed02 mid-padding e-flex e-con-boxed e-con e-parent\" data-id=\"3eeed02\" data-element_type=\"container\" data-settings=\"{&quot;background_background&quot;:&quot;classic&quot;}\">\n\t\t\t\t\t<div class=\"e-con-inner\">\n\t\t<div class=\"elementor-element elementor-element-02c4248 e-con-full e-flex e-con e-child\" data-id=\"02c4248\" data-element_type=\"container\">\n\t\t\t\t<div class=\"elementor-element elementor-element-f5dea79 elementor-widget elementor-widget-text-editor\" data-id=\"f5dea79\" data-element_type=\"widget\" data-widget_type=\"text-editor.default\">\n\t\t\t\t<div class=\"elementor-widget-container\">\n\t\t\t\t\t\t\t<p>Datenerfassung und -nutzung<\/p>\t\t\t\t\t\t<\/div>\n\t\t\t\t<\/div>\n\t\t\t\t<\/div>\n\t\t<div class=\"elementor-element elementor-element-b6d3288 e-con-full e-flex e-con e-child\" data-id=\"b6d3288\" data-element_type=\"container\">\n\t\t\t\t<div class=\"elementor-element elementor-element-769fb86 elementor-widget__width-auto elementor-widget elementor-widget-text-editor\" data-id=\"769fb86\" data-element_type=\"widget\" data-widget_type=\"text-editor.default\">\n\t\t\t\t<div class=\"elementor-widget-container\">\n\t\t\t\t\t\t\t<p>Wir erfassen personenbezogene Daten nur, wenn dies erforderlich ist, beispielsweise zur Bearbeitung von Buchungen, zur Beantwortung von Anfragen und zur Verbesserung Ihres Erlebnisses auf unserer Website. Dazu k\u00f6nnen Ihr Name, Ihre E-Mail-Adresse, Ihre Telefonnummer und alle w\u00e4hrend der Kommunikation oder Buchung angegebenen Details geh\u00f6ren<\/p>\t\t\t\t\t\t<\/div>\n\t\t\t\t<\/div>\n\t\t\t\t<\/div>\n\t\t\t\t\t<\/div>\n\t\t\t\t<\/div>\n\t\t<div class=\"elementor-element elementor-element-ee5674b mid-padding e-flex e-con-boxed e-con e-parent\" data-id=\"ee5674b\" data-element_type=\"container\" data-settings=\"{&quot;background_background&quot;:&quot;classic&quot;}\">\n\t\t\t\t\t<div class=\"e-con-inner\">\n\t\t<div class=\"elementor-element elementor-element-fa16a67 e-con-full e-flex e-con e-child\" data-id=\"fa16a67\" data-element_type=\"container\">\n\t\t\t\t<div class=\"elementor-element elementor-element-a1fd5b6 elementor-widget elementor-widget-text-editor\" data-id=\"a1fd5b6\" data-element_type=\"widget\" data-widget_type=\"text-editor.default\">\n\t\t\t\t<div class=\"elementor-widget-container\">\n\t\t\t\t\t\t\tCookie-Richtlinie\t\t\t\t\t\t<\/div>\n\t\t\t\t<\/div>\n\t\t\t\t<\/div>\n\t\t<div class=\"elementor-element elementor-element-20eaa2f e-con-full e-flex e-con e-child\" data-id=\"20eaa2f\" data-element_type=\"container\">\n\t\t\t\t<div class=\"elementor-element elementor-element-31551b6 elementor-widget__width-auto elementor-widget elementor-widget-text-editor\" data-id=\"31551b6\" data-element_type=\"widget\" data-widget_type=\"text-editor.default\">\n\t\t\t\t<div class=\"elementor-widget-container\">\n\t\t\t\t\t\t\t<p>Cookies sind kleine Textdateien, die auf Ihrem Ger\u00e4t gespeichert werden, um Ihr Surferlebnis zu verbessern. Unsere Website verwendet Cookies, um die Funktionalit\u00e4t sicherzustellen, den Datenverkehr zu analysieren und personalisierte Inhalte \u00fcber Dienste von Drittanbietern wie Google Analytics, Google Ads, Facebook und Instagram bereitzustellen.<\/p>\t\t\t\t\t\t<\/div>\n\t\t\t\t<\/div>\n\t\t\t\t<\/div>\n\t\t\t\t\t<\/div>\n\t\t\t\t<\/div>\n\t\t<div class=\"elementor-element elementor-element-11ee6f4 mid-padding content-table e-flex e-con-boxed e-con e-parent\" data-id=\"11ee6f4\" data-element_type=\"container\" data-settings=\"{&quot;background_background&quot;:&quot;classic&quot;}\">\n\t\t\t\t\t<div class=\"e-con-inner\">\n\t\t<div class=\"elementor-element elementor-element-2b75777 e-con-full e-flex e-con e-child\" data-id=\"2b75777\" data-element_type=\"container\">\n\t\t\t\t<div class=\"elementor-element elementor-element-a0248b3 elementor-widget elementor-widget-text-editor\" data-id=\"a0248b3\" data-element_type=\"widget\" data-widget_type=\"text-editor.default\">\n\t\t\t\t<div class=\"elementor-widget-container\">\n\t\t\t\t\t\t\tArten der von uns verwendeten Cookies\t\t\t\t\t\t<\/div>\n\t\t\t\t<\/div>\n\t\t\t\t<\/div>\n\t\t<div class=\"elementor-element elementor-element-1adc552 e-con-full e-flex e-con e-child\" data-id=\"1adc552\" data-element_type=\"container\">\n\t\t\t\t<div class=\"elementor-element elementor-element-9f82f04 elementor-widget__width-auto elementor-widget elementor-widget-text-editor\" data-id=\"9f82f04\" data-element_type=\"widget\" data-widget_type=\"text-editor.default\">\n\t\t\t\t<div class=\"elementor-widget-container\">\n\t\t\t\t\t\t\tNachfolgend finden Sie eine Tabelle mit den von uns verwendeten Cookies und ihren Zwecken:\t\t\t\t\t\t<\/div>\n\t\t\t\t<\/div>\n\t\t\t\t<div class=\"elementor-element elementor-element-055d149 elementor-widget__width-auto elementor-widget elementor-widget-text-editor\" data-id=\"055d149\" data-element_type=\"widget\" data-widget_type=\"text-editor.default\">\n\t\t\t\t<div class=\"elementor-widget-container\">\n\t\t\t\t\t\t\t<table>\n<tbody>\n<tr>\n<td><b>Cookiename\/Anbieter<\/b><\/td>\n<td><strong>Zweck<\/strong><\/td>\n<td><strong>Dauer<\/strong><\/td>\n<\/tr>\n<tr>\n<td>AdWords \u2013 A, AdsUserLocale, I, SAG, aptenv, mid<\/td>\n<td>Analyse von Verk\u00e4ufen, \u00dcberwachung von Seitenbesuchen und Display-Anzeigen.<\/td>\n<td>\u00a090 Tage<\/td>\n<\/tr>\n<tr>\n<td>Facebook \u2013 locale, datr, reg_fb_ref, reg_fb_gate<\/td>\n<td>F\u00fcr das Retargeting unserer Benutzer, die Steigerung der Interaktion mit Trackern in unseren sozialen Medien und die Verbesserung der Benutzererfahrung auf unseren sozialen Profilen.<\/td>\n<td>Immer<\/td>\n<\/tr>\n<tr>\n<td>Google Analytics \u2013 utma<\/td>\n<td>Messung der Seitenaufrufstatistiken.<\/td>\n<td>2 Jahre<\/td>\n<\/tr>\n<tr>\n<td>Google Analytics- utmb<\/td>\n<td>Messung der Zeit, die Benutzer auf unserer Website verbringen<\/td>\n<td>30 Min<\/td>\n<\/tr>\n<tr>\n<td>Google Analytics \u2013 utmc<\/td>\n<td>Bietet Statistiken basierend auf der Zeit, zu der der Benutzer die Website verl\u00e4sst.<\/td>\n<td>Endet mit dem Schlie\u00dfen des Browsers<\/td>\n<\/tr>\n<tr>\n<td>Google Analytics \u2013 utmz<\/td>\n<td>Bietet Statistiken \u00fcber Besuche und Verk\u00e4ufe \u00fcber verschiedene Kan\u00e4le. 6 Monate<\/td>\n<td>6 Monate<\/td>\n<\/tr>\n<tr>\n<td>Google Analytics \u2013 utmv<\/td>\n<td>Erm\u00f6glicht die Benutzersegmentierung auf der Website\/td>\n<td>2 Jahre<\/td>\n<\/tr>\n<tr>\n<td>Google Analytics \u2013 ga<\/td>\n<td>Bietet Statistiken \u00fcber Besuche und Verk\u00e4ufe \u00fcber verschiedene Kan\u00e4le 6 Monate<\/td>\n<td>6 Monate<\/td>\n<\/tr>\n<tr>\n<td>Google Analytics \u2013 cid<\/td>\n<td>Bietet Statistiken \u00fcber Besuche und Verk\u00e4ufe \u00fcber verschiedene Kan\u00e4le\/td>\n<td>6 Monate<\/td>\n<\/tr>\n<tr>\n<td>https_enabled<\/td>\n<td>Das Cookie teilt uns mit, ob der Benutzer zu einem gesch\u00fctzten Protokoll weitergeleitet wurde. (https)<\/td>\n<td>Pro Sitzung<\/td>\n<\/tr>\n<tr>\n<td>ngEnabled<\/td>\n<td>Das Cookie erm\u00f6glicht den Betrieb der erweiterten Browser<\/td>\n<td>10 Jahre<\/td>\n<\/tr>\n<\/tbody>\n<\/table>\t\t\t\t\t\t<\/div>\n\t\t\t\t<\/div>\n\t\t\t\t<\/div>\n\t\t\t\t\t<\/div>\n\t\t\t\t<\/div>\n\t\t<div class=\"elementor-element elementor-element-d56b549 mid-padding e-flex e-con-boxed e-con e-parent\" data-id=\"d56b549\" data-element_type=\"container\" data-settings=\"{&quot;background_background&quot;:&quot;classic&quot;}\">\n\t\t\t\t\t<div class=\"e-con-inner\">\n\t\t<div class=\"elementor-element elementor-element-5d88f80 e-con-full e-flex e-con e-child\" data-id=\"5d88f80\" data-element_type=\"container\">\n\t\t\t\t<div class=\"elementor-element elementor-element-b659d47 elementor-widget elementor-widget-text-editor\" data-id=\"b659d47\" data-element_type=\"widget\" data-widget_type=\"text-editor.default\">\n\t\t\t\t<div class=\"elementor-widget-container\">\n\t\t\t\t\t\t\tIhre Zustimmung\t\t\t\t\t\t<\/div>\n\t\t\t\t<\/div>\n\t\t\t\t<\/div>\n\t\t<div class=\"elementor-element elementor-element-e9ade20 e-con-full e-flex e-con e-child\" data-id=\"e9ade20\" data-element_type=\"container\">\n\t\t\t\t<div class=\"elementor-element elementor-element-04dc8cb elementor-widget__width-auto elementor-widget elementor-widget-text-editor\" data-id=\"04dc8cb\" data-element_type=\"widget\" data-widget_type=\"text-editor.default\">\n\t\t\t\t<div class=\"elementor-widget-container\">\n\t\t\t\t\t\t\t<p>Durch die Nutzung unserer Website stimmen Sie der Verwendung von Cookies zu. Sie k\u00f6nnen Cookies in Ihren Browsereinstellungen verwalten oder deaktivieren. Dies kann jedoch die Funktionalit\u00e4t der Website beeintr\u00e4chtigen.<\/p>\t\t\t\t\t\t<\/div>\n\t\t\t\t<\/div>\n\t\t\t\t<\/div>\n\t\t\t\t\t<\/div>\n\t\t\t\t<\/div>\n\t\t<div class=\"elementor-element elementor-element-1c71364 mid-padding e-flex e-con-boxed e-con e-parent\" data-id=\"1c71364\" data-element_type=\"container\" data-settings=\"{&quot;background_background&quot;:&quot;classic&quot;}\">\n\t\t\t\t\t<div class=\"e-con-inner\">\n\t\t<div class=\"elementor-element elementor-element-f3c68e7 e-con-full e-flex e-con e-child\" data-id=\"f3c68e7\" data-element_type=\"container\">\n\t\t\t\t<div class=\"elementor-element elementor-element-3cb6a7a elementor-widget elementor-widget-text-editor\" data-id=\"3cb6a7a\" data-element_type=\"widget\" data-widget_type=\"text-editor.default\">\n\t\t\t\t<div class=\"elementor-widget-container\">\n\t\t\t\t\t\t\tDienste von Drittanbietern\t\t\t\t\t\t<\/div>\n\t\t\t\t<\/div>\n\t\t\t\t<\/div>\n\t\t<div class=\"elementor-element elementor-element-576d5d3 e-con-full e-flex e-con e-child\" data-id=\"576d5d3\" data-element_type=\"container\">\n\t\t\t\t<div class=\"elementor-element elementor-element-5ca2c46 elementor-widget__width-auto elementor-widget elementor-widget-text-editor\" data-id=\"5ca2c46\" data-element_type=\"widget\" data-widget_type=\"text-editor.default\">\n\t\t\t\t<div class=\"elementor-widget-container\">\n\t\t\t\t\t\t\t<p>Wir arbeiten f\u00fcr Analyse- und Werbezwecke mit vertrauensw\u00fcrdigen Diensten von Drittanbietern zusammen. Diese Dienste halten sich an die geltenden Datenschutzgesetze und gehen verantwortungsvoll mit Daten um.<\/p>\t\t\t\t\t\t<\/div>\n\t\t\t\t<\/div>\n\t\t\t\t<\/div>\n\t\t\t\t\t<\/div>\n\t\t\t\t<\/div>\n\t\t<div class=\"elementor-element elementor-element-c56dd9b mid-padding e-flex e-con-boxed e-con e-parent\" data-id=\"c56dd9b\" data-element_type=\"container\" data-settings=\"{&quot;background_background&quot;:&quot;classic&quot;}\">\n\t\t\t\t\t<div class=\"e-con-inner\">\n\t\t<div class=\"elementor-element elementor-element-4783b17 e-con-full e-flex e-con e-child\" data-id=\"4783b17\" data-element_type=\"container\">\n\t\t\t\t<div class=\"elementor-element elementor-element-3d494d7 elementor-widget elementor-widget-text-editor\" data-id=\"3d494d7\" data-element_type=\"widget\" data-widget_type=\"text-editor.default\">\n\t\t\t\t<div class=\"elementor-widget-container\">\n\t\t\t\t\t\t\tIhre Rechte\t\t\t\t\t\t<\/div>\n\t\t\t\t<\/div>\n\t\t\t\t<\/div>\n\t\t<div class=\"elementor-element elementor-element-009ca4f e-con-full e-flex e-con e-child\" data-id=\"009ca4f\" data-element_type=\"container\">\n\t\t\t\t<div class=\"elementor-element elementor-element-47033af elementor-widget__width-auto elementor-widget elementor-widget-text-editor\" data-id=\"47033af\" data-element_type=\"widget\" data-widget_type=\"text-editor.default\">\n\t\t\t\t<div class=\"elementor-widget-container\">\n\t\t\t\t\t\t\tSie haben das Recht, auf Ihre pers\u00f6nlichen Daten zuzugreifen, diese zu \u00e4ndern oder zu l\u00f6schen. Bei Fragen oder Antr\u00e4gen zum Datenschutz kontaktieren Sie uns bitte unter <strong>info@bohinj-riverhouse.si<\/strong>.\t\t\t\t\t\t<\/div>\n\t\t\t\t<\/div>\n\t\t\t\t<\/div>\n\t\t\t\t\t<\/div>\n\t\t\t\t<\/div>\n\t\t<div class=\"elementor-element elementor-element-78ac87b mid-padding e-flex e-con-boxed e-con e-parent\" data-id=\"78ac87b\" data-element_type=\"container\" data-settings=\"{&quot;background_background&quot;:&quot;classic&quot;}\">\n\t\t\t\t\t<div class=\"e-con-inner\">\n\t\t<div class=\"elementor-element elementor-element-c10fa1f e-con-full e-flex e-con e-child\" data-id=\"c10fa1f\" data-element_type=\"container\">\n\t\t\t\t<div class=\"elementor-element elementor-element-fb308e8 elementor-widget elementor-widget-text-editor\" data-id=\"fb308e8\" data-element_type=\"widget\" data-widget_type=\"text-editor.default\">\n\t\t\t\t<div class=\"elementor-widget-container\">\n\t\t\t\t\t\t\t\u00c4nderungen an der Richtlinie\t\t\t\t\t\t<\/div>\n\t\t\t\t<\/div>\n\t\t\t\t<\/div>\n\t\t<div class=\"elementor-element elementor-element-efdceda e-con-full e-flex e-con e-child\" data-id=\"efdceda\" data-element_type=\"container\">\n\t\t\t\t<div class=\"elementor-element elementor-element-f52587c elementor-widget__width-auto elementor-widget elementor-widget-text-editor\" data-id=\"f52587c\" data-element_type=\"widget\" data-widget_type=\"text-editor.default\">\n\t\t\t\t<div class=\"elementor-widget-container\">\n\t\t\t\t\t\t\tWir k\u00f6nnen diese Richtlinie regelm\u00e4\u00dfig aktualisieren, um \u00c4nderungen der Gesetze oder unserer Dienste zu ber\u00fccksichtigen. Bitte \u00fcberpr\u00fcfen Sie diese Seite regelm\u00e4\u00dfig auf die neuesten Aktualisierungen.\t\t\t\t\t\t<\/div>\n\t\t\t\t<\/div>\n\t\t\t\t<\/div>\n\t\t\t\t\t<\/div>\n\t\t\t\t<\/div>\n\t\t\t\t<\/div>\n\t\t","protected":false},"excerpt":{"rendered":"<p>Cookies and Privacy Policy \u00dcber Our Privacy Policy explains how we collect, use, and protect your data. We use cookies to enhance your experience and analyze site performance. Datenschutzrichtlinie Unsere Datenschutzrichtlinie erl\u00e4utert, wie wir Ihre Daten erfassen, verwenden und sch\u00fctzen. Wir verwenden Cookies, um Ihr Erlebnis zu verbessern und die Leistung der Website zu analysieren. [&hellip;]<\/p>\n","protected":false},"author":5,"featured_media":0,"parent":0,"menu_order":0,"comment_status":"closed","ping_status":"closed","template":"","meta":{"_acf_changed":false,"footnotes":""},"class_list":["post-6228","page","type-page","status-publish","hentry"],"acf":[],"_links":{"self":[{"href":"https:\/\/www.bohinj-riverhouse.si\/de\/wp-json\/wp\/v2\/pages\/6228","targetHints":{"allow":["GET"]}}],"collection":[{"href":"https:\/\/www.bohinj-riverhouse.si\/de\/wp-json\/wp\/v2\/pages"}],"about":[{"href":"https:\/\/www.bohinj-riverhouse.si\/de\/wp-json\/wp\/v2\/types\/page"}],"author":[{"embeddable":true,"href":"https:\/\/www.bohinj-riverhouse.si\/de\/wp-json\/wp\/v2\/users\/5"}],"replies":[{"embeddable":true,"href":"https:\/\/www.bohinj-riverhouse.si\/de\/wp-json\/wp\/v2\/comments?post=6228"}],"version-history":[{"count":14,"href":"https:\/\/www.bohinj-riverhouse.si\/de\/wp-json\/wp\/v2\/pages\/6228\/revisions"}],"predecessor-version":[{"id":8388,"href":"https:\/\/www.bohinj-riverhouse.si\/de\/wp-json\/wp\/v2\/pages\/6228\/revisions\/8388"}],"wp:attachment":[{"href":"https:\/\/www.bohinj-riverhouse.si\/de\/wp-json\/wp\/v2\/media?parent=6228"}],"curies":[{"name":"wp","href":"https:\/\/api.w.org\/{rel}","templated":true}]}}