{"id":6237,"date":"2025-01-25T16:42:17","date_gmt":"2025-01-25T15:42:17","guid":{"rendered":"https:\/\/bohinj-riverhouse.si\/terms-and-conditions\/"},"modified":"2025-03-14T17:41:25","modified_gmt":"2025-03-14T16:41:25","slug":"allgemeine-geschaeftsbedingungen","status":"publish","type":"page","link":"https:\/\/www.bohinj-riverhouse.si\/de\/allgemeine-geschaeftsbedingungen\/","title":{"rendered":"Allgemeine Gesch\u00e4ftsbedingungen"},"content":{"rendered":"\t\t<div data-elementor-type=\"wp-page\" data-elementor-id=\"6237\" class=\"elementor elementor-6237 elementor-5188\" data-elementor-post-type=\"page\">\n\t\t\t\t<div class=\"elementor-element elementor-element-b540cc6 e-con-full e-flex e-con e-parent\" data-id=\"b540cc6\" data-element_type=\"container\" data-settings=\"{&quot;background_background&quot;:&quot;classic&quot;}\">\n\t\t\t\t<div class=\"elementor-element elementor-element-14b2bf2 elementor-widget elementor-widget-spacer\" data-id=\"14b2bf2\" data-element_type=\"widget\" data-widget_type=\"spacer.default\">\n\t\t\t\t<div class=\"elementor-widget-container\">\n\t\t\t\t\t<div class=\"elementor-spacer\">\n\t\t\t<div class=\"elementor-spacer-inner\"><\/div>\n\t\t<\/div>\n\t\t\t\t<\/div>\n\t\t\t\t<\/div>\n\t\t\t\t<div class=\"elementor-element elementor-element-3848f92 single-page-post-title-wrapper elementor-widget elementor-widget-heading\" data-id=\"3848f92\" data-element_type=\"widget\" data-widget_type=\"heading.default\">\n\t\t\t\t<div class=\"elementor-widget-container\">\n\t\t\t<h2 class=\"elementor-heading-title elementor-size-default\">Allgemeine <br>Gesch\u00e4ftsbedingungen<\/h2>\t\t<\/div>\n\t\t\t\t<\/div>\n\t\t\t\t<\/div>\n\t\t<div class=\"elementor-element elementor-element-5a0be45 home-section-3 e-flex e-con-boxed e-con e-parent\" data-id=\"5a0be45\" data-element_type=\"container\" data-settings=\"{&quot;background_background&quot;:&quot;classic&quot;}\">\n\t\t\t\t\t<div class=\"e-con-inner\">\n\t\t<div class=\"elementor-element elementor-element-bad81f0 e-con-full col-1 pad-l pad-r e-flex e-con e-child\" data-id=\"bad81f0\" data-element_type=\"container\" data-settings=\"{&quot;background_background&quot;:&quot;classic&quot;}\">\n\t\t\t\t<div class=\"elementor-element elementor-element-61137c9b brown-breadcrumbs elementor-widget elementor-widget-breadcrumbs\" data-id=\"61137c9b\" data-element_type=\"widget\" data-widget_type=\"breadcrumbs.default\">\n\t\t\t\t<div class=\"elementor-widget-container\">\n\t\t\t<p id=\"breadcrumbs\"><span><span><a href=\"https:\/\/www.bohinj-riverhouse.si\/de\/\">Startseite<\/a><\/span><\/span><\/p>\t\t<\/div>\n\t\t\t\t<\/div>\n\t\t\t\t<\/div>\n\t\t\t\t\t<\/div>\n\t\t\t\t<\/div>\n\t\t<div class=\"elementor-element elementor-element-2130628 home-section-3 highlited-section e-flex e-con-boxed e-con e-parent\" data-id=\"2130628\" data-element_type=\"container\" data-settings=\"{&quot;background_background&quot;:&quot;classic&quot;}\">\n\t\t\t\t\t<div class=\"e-con-inner\">\n\t\t<div class=\"elementor-element elementor-element-f1328b1 e-con-full col-1 pad-l e-flex e-con e-child\" data-id=\"f1328b1\" data-element_type=\"container\" data-settings=\"{&quot;background_background&quot;:&quot;classic&quot;}\">\n\t\t\t\t<div class=\"elementor-element elementor-element-e9dc7b0 elementor-invisible elementor-widget elementor-widget-text-editor\" data-id=\"e9dc7b0\" data-element_type=\"widget\" data-settings=\"{&quot;_animation&quot;:&quot;slideInLeft&quot;}\" data-widget_type=\"text-editor.default\">\n\t\t\t\t<div class=\"elementor-widget-container\">\n\t\t\t\t\t\t\t\u00dcber\t\t\t\t\t\t<\/div>\n\t\t\t\t<\/div>\n\t\t\t\t<\/div>\n\t\t<div class=\"elementor-element elementor-element-aee0e11 e-con-full pad-r e-flex e-con e-child\" data-id=\"aee0e11\" data-element_type=\"container\" data-settings=\"{&quot;background_background&quot;:&quot;classic&quot;}\">\n\t\t\t\t<div class=\"elementor-element elementor-element-0f4dd9e elementor-widget__width-initial elementor-widget elementor-widget-text-editor\" data-id=\"0f4dd9e\" data-element_type=\"widget\" data-widget_type=\"text-editor.default\">\n\t\t\t\t<div class=\"elementor-widget-container\">\n\t\t\t\t\t\t\t<p>Nachfolgend finden Sie die Allgemeinen Gesch\u00e4ftsbedingungen f\u00fcr Ihren Aufenthalt in unserem G\u00e4stehaus. Bitte lesen Sie sie sorgf\u00e4ltig durch, da Sie mit einer Reservierung und der Nutzung unserer Dienste den genannten Bestimmungen zustimmen. Unser Ziel ist es, allen G\u00e4sten eine angenehme und sichere Umgebung zu bieten, daher bitten wir Sie, diese Regeln zu respektieren.<\/p>\t\t\t\t\t\t<\/div>\n\t\t\t\t<\/div>\n\t\t\t\t<\/div>\n\t\t\t\t\t<\/div>\n\t\t\t\t<\/div>\n\t\t<div class=\"elementor-element elementor-element-918e2a4 mid-padding e-flex e-con-boxed e-con e-parent\" data-id=\"918e2a4\" data-element_type=\"container\" data-settings=\"{&quot;background_background&quot;:&quot;classic&quot;}\">\n\t\t\t\t\t<div class=\"e-con-inner\">\n\t\t<div class=\"elementor-element elementor-element-cc37258 e-con-full e-flex e-con e-child\" data-id=\"cc37258\" data-element_type=\"container\">\n\t\t\t\t<div class=\"elementor-element elementor-element-e13fab7 elementor-widget elementor-widget-text-editor\" data-id=\"e13fab7\" data-element_type=\"widget\" data-widget_type=\"text-editor.default\">\n\t\t\t\t<div class=\"elementor-widget-container\">\n\t\t\t\t\t\t\tStornierungs- und R\u00fcckerstattungs<br>richtlinie f\u00fcr Reservierungen:\t\t\t\t\t\t<\/div>\n\t\t\t\t<\/div>\n\t\t\t\t<\/div>\n\t\t<div class=\"elementor-element elementor-element-a7a6f11 e-con-full e-flex e-con e-child\" data-id=\"a7a6f11\" data-element_type=\"container\">\n\t\t\t\t<div class=\"elementor-element elementor-element-d4dc880 elementor-widget__width-auto elementor-widget elementor-widget-text-editor\" data-id=\"d4dc880\" data-element_type=\"widget\" data-widget_type=\"text-editor.default\">\n\t\t\t\t<div class=\"elementor-widget-container\">\n\t\t\t\t\t\t\t<p><strong>Stornierung von Reservierungen:<\/strong><br \/>Alle \u00c4nderungen, Stornierungen und R\u00fcckerstattungsantr\u00e4ge f\u00fcr die Vorauszahlung m\u00fcssen schriftlich per E-Mail an info@bohinj-riverhouse.si eingereicht werden. Die Stornierung wird an dem Tag wirksam, an dem Bohinj River House die E-Mail des Gastes erh\u00e4lt.<\/p><p><strong>Stornierungsbedingungen:<\/strong><\/p><ul><li>Stornierungen bis 14 Tage vor der Ankunft: Der Gast erh\u00e4lt eine R\u00fcckerstattung von 50 % der Vorauszahlung.<\/li><li>Stornierungen 14 Tage oder weniger vor der Ankunft oder bei Nichterscheinen: Bohinj River House beh\u00e4lt die volle Vorauszahlung ein.<\/li><li>Bohinj River House beh\u00e4lt sich das Recht vor, je nach den Umst\u00e4nden andere Bedingungen f\u00fcr \u00c4nderungen und Stornierungen festzulegen. Der Gast wird vor der Best\u00e4tigung der Reservierung \u00fcber diese Bedingungen informiert.<\/li><li>Im Falle einer vorzeitigen Abreise werden die verbleibenden Tage des Aufenthalts in voller H\u00f6he in Rechnung gestellt.<\/li><\/ul>\t\t\t\t\t\t<\/div>\n\t\t\t\t<\/div>\n\t\t\t\t<div class=\"elementor-element elementor-element-e21a146 elementor-widget__width-auto elementor-widget elementor-widget-text-editor\" data-id=\"e21a146\" data-element_type=\"widget\" data-widget_type=\"text-editor.default\">\n\t\t\t\t<div class=\"elementor-widget-container\">\n\t\t\t\t\t\t\t<p><strong>Shortened Stay or Early Departure:<\/strong><br \/>If guests shorten their stay or leave before the agreed departure date, we reserve the right to charge the full amount of the originally agreed stay unless otherwise arranged in advance.<\/p>\t\t\t\t\t\t<\/div>\n\t\t\t\t<\/div>\n\t\t\t\t<div class=\"elementor-element elementor-element-3952395 elementor-widget__width-auto elementor-widget elementor-widget-text-editor\" data-id=\"3952395\" data-element_type=\"widget\" data-widget_type=\"text-editor.default\">\n\t\t\t\t<div class=\"elementor-widget-container\">\n\t\t\t\t\t\t\t<strong>No-Show:<\/strong>  \nFalls ein Gast am reservierten Datum nicht anreist und die Pension nicht informiert, behalten wir uns das Recht vor, mindestens eine \u00dcbernachtung oder den im Best\u00e4tigungsdokument angegebenen Betrag zu berechnen sowie die restliche Reservierung zu stornieren.  \n\t\t\t\t\t\t<\/div>\n\t\t\t\t<\/div>\n\t\t\t\t<div class=\"elementor-element elementor-element-ae0408e elementor-widget__width-auto elementor-widget elementor-widget-text-editor\" data-id=\"ae0408e\" data-element_type=\"widget\" data-widget_type=\"text-editor.default\">\n\t\t\t\t<div class=\"elementor-widget-container\">\n\t\t\t\t\t\t\t<strong>Ausnahmen:<\/strong>  \nSpezielle Pakete, Sonderangebote oder saisonale Tarife k\u00f6nnen abweichende Stornierungsbedingungen enthalten. Diese werden zum Zeitpunkt der Buchung deutlich angegeben und haben Vorrang vor den allgemeinen Bedingungen.  \n\nIn F\u00e4llen h\u00f6herer Gewalt (z. B. Wetterextreme, Naturkatastrophen) werden wir uns bem\u00fchen, die bestm\u00f6gliche L\u00f6sung zu finden, um die Reservierung ohne unn\u00f6tige Kosten zu \u00e4ndern oder zu stornieren.  \n\t\t\t\t\t\t<\/div>\n\t\t\t\t<\/div>\n\t\t\t\t<\/div>\n\t\t\t\t\t<\/div>\n\t\t\t\t<\/div>\n\t\t<div class=\"elementor-element elementor-element-0a6b37d mid-padding e-flex e-con-boxed e-con e-parent\" data-id=\"0a6b37d\" data-element_type=\"container\" data-settings=\"{&quot;background_background&quot;:&quot;classic&quot;}\">\n\t\t\t\t\t<div class=\"e-con-inner\">\n\t\t<div class=\"elementor-element elementor-element-5eae5fd e-con-full e-flex e-con e-child\" data-id=\"5eae5fd\" data-element_type=\"container\">\n\t\t\t\t<div class=\"elementor-element elementor-element-f8d6ff4 elementor-widget elementor-widget-text-editor\" data-id=\"f8d6ff4\" data-element_type=\"widget\" data-widget_type=\"text-editor.default\">\n\t\t\t\t<div class=\"elementor-widget-container\">\n\t\t\t\t\t\t\tHausregeln und Richtlinien f\u00fcr G\u00e4ste\t\t\t\t\t\t<\/div>\n\t\t\t\t<\/div>\n\t\t\t\t<\/div>\n\t\t<div class=\"elementor-element elementor-element-9763b34 e-con-full e-flex e-con e-child\" data-id=\"9763b34\" data-element_type=\"container\">\n\t\t\t\t<div class=\"elementor-element elementor-element-eea52df elementor-widget__width-auto elementor-widget elementor-widget-text-editor\" data-id=\"eea52df\" data-element_type=\"widget\" data-widget_type=\"text-editor.default\">\n\t\t\t\t<div class=\"elementor-widget-container\">\n\t\t\t\t\t\t\t<p><strong>Check-In and Check-Out:<\/strong><br \/>Der Check-in ist in der Regel nach 15:00 Uhr m\u00f6glich und der Check-out muss am Abreisetag bis 10:00 Uhr abgeschlossen sein. Eine fr\u00fchere Ankunft oder sp\u00e4te Abreise kann auf Anfrage arrangiert werden (bitte kontaktieren Sie uns 24 Stunden im Voraus). Diese Dienste h\u00e4ngen von der Verf\u00fcgbarkeit ab und k\u00f6nnen mit einer zus\u00e4tzlichen Geb\u00fchr verbunden sein.<\/p>\t\t\t\t\t\t<\/div>\n\t\t\t\t<\/div>\n\t\t\t\t<div class=\"elementor-element elementor-element-a15afdc elementor-widget__width-auto elementor-widget elementor-widget-text-editor\" data-id=\"a15afdc\" data-element_type=\"widget\" data-widget_type=\"text-editor.default\">\n\t\t\t\t<div class=\"elementor-widget-container\">\n\t\t\t\t\t\t\t<p><strong>Ruhe und Respekt f\u00fcr andere G\u00e4ste:<\/strong><br \/>Um einen angenehmen Aufenthalt f\u00fcr alle zu gew\u00e4hrleisten, bitten wir alle G\u00e4ste, sich im G\u00e4stehaus, den Zimmern und den Gemeinschaftsbereichen ruhig und respektvoll zu verhalten. L\u00e4rm sollte auf ein Minimum beschr\u00e4nkt werden, insbesondere w\u00e4hrend der Nachtstunden (22:00 bis 7:00 Uhr).<\/p>\t\t\t\t\t\t<\/div>\n\t\t\t\t<\/div>\n\t\t\t\t<div class=\"elementor-element elementor-element-dc2009d elementor-widget__width-auto elementor-widget elementor-widget-text-editor\" data-id=\"dc2009d\" data-element_type=\"widget\" data-widget_type=\"text-editor.default\">\n\t\t\t\t<div class=\"elementor-widget-container\">\n\t\t\t\t\t\t\t<p><strong>Raucherrichtlinie:<\/strong><br \/>Rauchen ist in den Zimmern, im Wellnessbereich und in allen Innenr\u00e4umen nicht gestattet. G\u00e4sten, die rauchen m\u00f6chten, stehen ausgewiesene Au\u00dfenbereiche zur Verf\u00fcgung. Verst\u00f6\u00dfe gegen das Rauchverbot in Innenr\u00e4umen k\u00f6nnen zu zus\u00e4tzlichen Geb\u00fchren f\u00fcr die gr\u00fcndliche Reinigung des Zimmers f\u00fchren.<\/p>\t\t\t\t\t\t<\/div>\n\t\t\t\t<\/div>\n\t\t\t\t<div class=\"elementor-element elementor-element-eed5d1a elementor-widget__width-auto elementor-widget elementor-widget-text-editor\" data-id=\"eed5d1a\" data-element_type=\"widget\" data-widget_type=\"text-editor.default\">\n\t\t\t\t<div class=\"elementor-widget-container\">\n\t\t\t\t\t\t\t<p><strong>Haftung f\u00fcr Sch\u00e4den:<\/strong><br \/>G\u00e4ste sind verpflichtet, das Eigentum und die Ausstattung des G\u00e4stehauses sorgf\u00e4ltig und r\u00fccksichtsvoll zu behandeln. Im Falle vors\u00e4tzlicher Sch\u00e4den oder Fahrl\u00e4ssigkeit behalten wir uns das Recht vor, die Reparatur oder den Ersatz besch\u00e4digter Gegenst\u00e4nde in Rechnung zu stellen.<\/p>\t\t\t\t\t\t<\/div>\n\t\t\t\t<\/div>\n\t\t\t\t<div class=\"elementor-element elementor-element-37a67cf elementor-widget__width-auto elementor-widget elementor-widget-text-editor\" data-id=\"37a67cf\" data-element_type=\"widget\" data-widget_type=\"text-editor.default\">\n\t\t\t\t<div class=\"elementor-widget-container\">\n\t\t\t\t\t\t\t<p><strong>Sicherheit und pers\u00f6nliche Gegenst\u00e4nde:<\/strong><br \/>G\u00e4ste sind f\u00fcr die Sicherheit ihrer pers\u00f6nlichen Gegenst\u00e4nde verantwortlich. Das G\u00e4stehaus \u00fcbernimmt keine Haftung f\u00fcr verlorene, gestohlene oder besch\u00e4digte Gegenst\u00e4nde, es sei denn, es kann nachgewiesen werden, dass dies auf unsere Fahrl\u00e4ssigkeit zur\u00fcckzuf\u00fchren ist. Wir empfehlen, Wertsachen in einem Safe (falls vorhanden) aufzubewahren oder unter Ihrer Aufsicht zu halten.<\/p>\t\t\t\t\t\t<\/div>\n\t\t\t\t<\/div>\n\t\t\t\t<div class=\"elementor-element elementor-element-f66a0d2 elementor-widget__width-auto elementor-widget elementor-widget-text-editor\" data-id=\"f66a0d2\" data-element_type=\"widget\" data-widget_type=\"text-editor.default\">\n\t\t\t\t<div class=\"elementor-widget-container\">\n\t\t\t\t\t\t\t<p><strong>Haustierfreundliche Bedingungen und zus\u00e4tzliche Geb\u00fchren<\/strong><br \/>Im Bohinj River House sind wir Tierliebhaber, und vierbeinige Begleiter sind hier mehr als willkommen.<\/p><p>Die Anzahl der haustierfreundlichen Zimmer ist begrenzt. Bitte geben Sie daher Ihr Haustier bei der Buchung an oder kontaktieren Sie uns direkt, um die Verf\u00fcgbarkeit zu pr\u00fcfen. Leider ist der Aufenthalt mit einem Haustier in Standardzimmern nicht m\u00f6glich.<\/p><p>F\u00fcr Haustiere wird eine Geb\u00fchr gem\u00e4\u00df der aktuellen Preisliste erhoben. Um allen G\u00e4sten einen sicheren und angenehmen Aufenthalt zu gew\u00e4hrleisten, bitten wir Sie, die folgenden Richtlinien zu beachten:<\/p><ul><li>Wir hei\u00dfen kleine bis mittelgro\u00dfe Hunde willkommen (Ausnahmen gelten f\u00fcr Blindenhunde).<\/li><li>Pro Zimmer ist nur ein Haustier erlaubt.<\/li><li>Hunde m\u00fcssen in \u00f6ffentlichen Bereichen an der Leine gef\u00fchrt oder in einer Tragetasche transportiert werden.<\/li><li>Haustiere d\u00fcrfen nicht unbeaufsichtigt im Zimmer bleiben.<\/li><li>Haustierbesitzer haften f\u00fcr alle materiellen Sch\u00e4den, die durch ihre Tiere verursacht werden.<\/li><li>Haustiere sind im Wellnessbereich nicht erlaubt.<\/li><li>Bei \u00fcberm\u00e4\u00dfigem L\u00e4rm (z. B. anhaltendes Bellen), der andere G\u00e4ste st\u00f6rt, m\u00fcssen wir Sie m\u00f6glicherweise leider bitten, das Hotel zu verlassen.<\/li><\/ul>\t\t\t\t\t\t<\/div>\n\t\t\t\t<\/div>\n\t\t\t\t<\/div>\n\t\t\t\t\t<\/div>\n\t\t\t\t<\/div>\n\t\t<div class=\"elementor-element elementor-element-33487ad mid-padding e-flex e-con-boxed e-con e-parent\" data-id=\"33487ad\" data-element_type=\"container\" data-settings=\"{&quot;background_background&quot;:&quot;classic&quot;}\">\n\t\t\t\t\t<div class=\"e-con-inner\">\n\t\t<div class=\"elementor-element elementor-element-c4b6e70 e-con-full e-flex e-con e-child\" data-id=\"c4b6e70\" data-element_type=\"container\">\n\t\t\t\t<div class=\"elementor-element elementor-element-75eed50 elementor-widget elementor-widget-text-editor\" data-id=\"75eed50\" data-element_type=\"widget\" data-widget_type=\"text-editor.default\">\n\t\t\t\t<div class=\"elementor-widget-container\">\n\t\t\t\t\t\t\t<p>Externe<br \/>Links<\/p>\t\t\t\t\t\t<\/div>\n\t\t\t\t<\/div>\n\t\t\t\t<\/div>\n\t\t<div class=\"elementor-element elementor-element-ef340eb e-con-full e-flex e-con e-child\" data-id=\"ef340eb\" data-element_type=\"container\">\n\t\t\t\t<div class=\"elementor-element elementor-element-448c3bb elementor-widget__width-auto elementor-widget elementor-widget-text-editor\" data-id=\"448c3bb\" data-element_type=\"widget\" data-widget_type=\"text-editor.default\">\n\t\t\t\t<div class=\"elementor-widget-container\">\n\t\t\t\t\t\t\t<p>Die Website www.bohinj-riverhouse.si kann Links zu verschiedenen externen Websites enthalten. Stanovanjska hi\u0161a d.o.o. betont, dass es nicht f\u00fcr die Zug\u00e4nglichkeit, den Inhalt oder Fehler dieser externen Links verantwortlich ist.<\/p>\t\t\t\t\t\t<\/div>\n\t\t\t\t<\/div>\n\t\t\t\t<\/div>\n\t\t\t\t\t<\/div>\n\t\t\t\t<\/div>\n\t\t<div class=\"elementor-element elementor-element-e189636 mid-padding e-flex e-con-boxed e-con e-parent\" data-id=\"e189636\" data-element_type=\"container\" data-settings=\"{&quot;background_background&quot;:&quot;classic&quot;}\">\n\t\t\t\t\t<div class=\"e-con-inner\">\n\t\t<div class=\"elementor-element elementor-element-94f919f e-con-full e-flex e-con e-child\" data-id=\"94f919f\" data-element_type=\"container\">\n\t\t\t\t<div class=\"elementor-element elementor-element-0d5796f elementor-widget elementor-widget-text-editor\" data-id=\"0d5796f\" data-element_type=\"widget\" data-widget_type=\"text-editor.default\">\n\t\t\t\t<div class=\"elementor-widget-container\">\n\t\t\t\t\t\t\tSchluss\nbestimmungen\t\t\t\t\t\t<\/div>\n\t\t\t\t<\/div>\n\t\t\t\t<\/div>\n\t\t<div class=\"elementor-element elementor-element-00e3173 e-con-full e-flex e-con e-child\" data-id=\"00e3173\" data-element_type=\"container\">\n\t\t\t\t<div class=\"elementor-element elementor-element-ee0c21c elementor-widget__width-auto elementor-widget elementor-widget-text-editor\" data-id=\"ee0c21c\" data-element_type=\"widget\" data-widget_type=\"text-editor.default\">\n\t\t\t\t<div class=\"elementor-widget-container\">\n\t\t\t\t\t\t\t<p><strong>Die Allgemeinen Gesch\u00e4ftsbedingungen sollen allen G\u00e4sten ein angenehmes, sicheres und respektvolles Erlebnis gew\u00e4hrleisten. Wenn Sie Fragen haben oder zus\u00e4tzliche Erl\u00e4uterungen ben\u00f6tigen, k\u00f6nnen Sie uns gerne telefonisch oder per E-Mail kontaktieren. Mit der Reservierung best\u00e4tigt der Gast, dass er mit diesen Bedingungen vertraut ist und sich damit einverstanden erkl\u00e4rt, sie einzuhalten.<br \/><\/strong><\/p><p><strong>Die Allgemeinen Gesch\u00e4ftsbedingungen gelten ab dem 13.06.2025.<br \/><\/strong><\/p><p><strong>Vielen Dank, dass Sie sich f\u00fcr Ihren Aufenthalt f\u00fcr das Bohinj River House entschieden haben.<\/strong><\/p>\t\t\t\t\t\t<\/div>\n\t\t\t\t<\/div>\n\t\t\t\t<\/div>\n\t\t\t\t\t<\/div>\n\t\t\t\t<\/div>\n\t\t<div class=\"elementor-element elementor-element-8a0e8ba mid-padding e-flex e-con-boxed e-con e-parent\" data-id=\"8a0e8ba\" data-element_type=\"container\" data-settings=\"{&quot;background_background&quot;:&quot;classic&quot;}\">\n\t\t\t\t\t<div class=\"e-con-inner\">\n\t\t<div class=\"elementor-element elementor-element-caeee45 e-con-full e-flex e-con e-child\" data-id=\"caeee45\" data-element_type=\"container\">\n\t\t\t\t<div class=\"elementor-element elementor-element-92f401a elementor-widget elementor-widget-text-editor\" data-id=\"92f401a\" data-element_type=\"widget\" data-widget_type=\"text-editor.default\">\n\t\t\t\t<div class=\"elementor-widget-container\">\n\t\t\t\t\t\t\tUnternehmens informationen\t\t\t\t\t\t<\/div>\n\t\t\t\t<\/div>\n\t\t\t\t<\/div>\n\t\t<div class=\"elementor-element elementor-element-9e4cbb8 e-con-full e-flex e-con e-child\" data-id=\"9e4cbb8\" data-element_type=\"container\">\n\t\t\t\t<div class=\"elementor-element elementor-element-d31c43b elementor-widget__width-auto elementor-widget elementor-widget-text-editor\" data-id=\"d31c43b\" data-element_type=\"widget\" data-widget_type=\"text-editor.default\">\n\t\t\t\t<div class=\"elementor-widget-container\">\n\t\t\t\t\t\t\t<p><strong>Stanovanjska hi\u0161a d.o.o.<\/strong><\/p><p>Litostrojska cesta 44E<br \/>1000 Ljubljana<br \/><strong><br \/>Firmenbuchnummer<\/strong>.: 7211732000<br \/><strong>Umsatzsteuer-ID<\/strong>: SI57448078<\/p>\t\t\t\t\t\t<\/div>\n\t\t\t\t<\/div>\n\t\t\t\t<\/div>\n\t\t\t\t\t<\/div>\n\t\t\t\t<\/div>\n\t\t\t\t<\/div>\n\t\t","protected":false},"excerpt":{"rendered":"<p>Allgemeine Gesch\u00e4ftsbedingungen \u00dcber Nachfolgend finden Sie die Allgemeinen Gesch\u00e4ftsbedingungen f\u00fcr Ihren Aufenthalt in unserem G\u00e4stehaus. Bitte lesen Sie sie sorgf\u00e4ltig durch, da Sie mit einer Reservierung und der Nutzung unserer Dienste den genannten Bestimmungen zustimmen. Unser Ziel ist es, allen G\u00e4sten eine angenehme und sichere Umgebung zu bieten, daher bitten wir Sie, diese Regeln zu [&hellip;]<\/p>\n","protected":false},"author":3,"featured_media":0,"parent":0,"menu_order":0,"comment_status":"closed","ping_status":"closed","template":"","meta":{"_acf_changed":false,"footnotes":""},"class_list":["post-6237","page","type-page","status-publish","hentry"],"acf":[],"_links":{"self":[{"href":"https:\/\/www.bohinj-riverhouse.si\/de\/wp-json\/wp\/v2\/pages\/6237","targetHints":{"allow":["GET"]}}],"collection":[{"href":"https:\/\/www.bohinj-riverhouse.si\/de\/wp-json\/wp\/v2\/pages"}],"about":[{"href":"https:\/\/www.bohinj-riverhouse.si\/de\/wp-json\/wp\/v2\/types\/page"}],"author":[{"embeddable":true,"href":"https:\/\/www.bohinj-riverhouse.si\/de\/wp-json\/wp\/v2\/users\/3"}],"replies":[{"embeddable":true,"href":"https:\/\/www.bohinj-riverhouse.si\/de\/wp-json\/wp\/v2\/comments?post=6237"}],"version-history":[{"count":38,"href":"https:\/\/www.bohinj-riverhouse.si\/de\/wp-json\/wp\/v2\/pages\/6237\/revisions"}],"predecessor-version":[{"id":10361,"href":"https:\/\/www.bohinj-riverhouse.si\/de\/wp-json\/wp\/v2\/pages\/6237\/revisions\/10361"}],"wp:attachment":[{"href":"https:\/\/www.bohinj-riverhouse.si\/de\/wp-json\/wp\/v2\/media?parent=6237"}],"curies":[{"name":"wp","href":"https:\/\/api.w.org\/{rel}","templated":true}]}}