{"id":6230,"date":"2025-01-20T08:49:45","date_gmt":"2025-01-20T07:49:45","guid":{"rendered":"https:\/\/bohinj-riverhouse.si\/cookies-and-privacy-policy\/"},"modified":"2025-02-18T09:01:16","modified_gmt":"2025-02-18T08:01:16","slug":"cookie-e-informativa-sulla-privacy","status":"publish","type":"page","link":"https:\/\/www.bohinj-riverhouse.si\/it\/cookie-e-informativa-sulla-privacy\/","title":{"rendered":"Cookie e Informativa sulla Privacy"},"content":{"rendered":"\t\t<div data-elementor-type=\"wp-page\" data-elementor-id=\"6230\" class=\"elementor elementor-6230 elementor-4454\" data-elementor-post-type=\"page\">\n\t\t\t\t<div class=\"elementor-element elementor-element-b540cc6 e-con-full e-flex e-con e-parent\" data-id=\"b540cc6\" data-element_type=\"container\" data-settings=\"{&quot;background_background&quot;:&quot;classic&quot;}\">\n\t\t\t\t<div class=\"elementor-element elementor-element-14b2bf2 elementor-widget elementor-widget-spacer\" data-id=\"14b2bf2\" data-element_type=\"widget\" data-widget_type=\"spacer.default\">\n\t\t\t\t<div class=\"elementor-widget-container\">\n\t\t\t\t\t<div class=\"elementor-spacer\">\n\t\t\t<div class=\"elementor-spacer-inner\"><\/div>\n\t\t<\/div>\n\t\t\t\t<\/div>\n\t\t\t\t<\/div>\n\t\t\t\t<div class=\"elementor-element elementor-element-3848f92 single-page-post-title-wrapper elementor-widget elementor-widget-heading\" data-id=\"3848f92\" data-element_type=\"widget\" data-widget_type=\"heading.default\">\n\t\t\t\t<div class=\"elementor-widget-container\">\n\t\t\t<h2 class=\"elementor-heading-title elementor-size-default\">Cookie e Informativa <br>sulla privacy<\/h2>\t\t<\/div>\n\t\t\t\t<\/div>\n\t\t\t\t<\/div>\n\t\t<div class=\"elementor-element elementor-element-5a0be45 home-section-3 e-flex e-con-boxed e-con e-parent\" data-id=\"5a0be45\" data-element_type=\"container\" data-settings=\"{&quot;background_background&quot;:&quot;classic&quot;}\">\n\t\t\t\t\t<div class=\"e-con-inner\">\n\t\t<div class=\"elementor-element elementor-element-bad81f0 e-con-full col-1 pad-l pad-r e-flex e-con e-child\" data-id=\"bad81f0\" data-element_type=\"container\" data-settings=\"{&quot;background_background&quot;:&quot;classic&quot;}\">\n\t\t\t\t<div class=\"elementor-element elementor-element-61137c9b brown-breadcrumbs elementor-widget elementor-widget-breadcrumbs\" data-id=\"61137c9b\" data-element_type=\"widget\" data-widget_type=\"breadcrumbs.default\">\n\t\t\t\t<div class=\"elementor-widget-container\">\n\t\t\t<p id=\"breadcrumbs\"><span><span><a href=\"https:\/\/www.bohinj-riverhouse.si\/it\/\">Home<\/a><\/span><\/span><\/p>\t\t<\/div>\n\t\t\t\t<\/div>\n\t\t\t\t<\/div>\n\t\t\t\t\t<\/div>\n\t\t\t\t<\/div>\n\t\t<div class=\"elementor-element elementor-element-2130628 home-section-3 highlited-section e-flex e-con-boxed e-con e-parent\" data-id=\"2130628\" data-element_type=\"container\" data-settings=\"{&quot;background_background&quot;:&quot;classic&quot;}\">\n\t\t\t\t\t<div class=\"e-con-inner\">\n\t\t<div class=\"elementor-element elementor-element-f1328b1 e-con-full col-1 pad-l e-flex e-con e-child\" data-id=\"f1328b1\" data-element_type=\"container\" data-settings=\"{&quot;background_background&quot;:&quot;classic&quot;}\">\n\t\t\t\t<div class=\"elementor-element elementor-element-e9dc7b0 elementor-invisible elementor-widget elementor-widget-text-editor\" data-id=\"e9dc7b0\" data-element_type=\"widget\" data-settings=\"{&quot;_animation&quot;:&quot;slideInLeft&quot;}\" data-widget_type=\"text-editor.default\">\n\t\t\t\t<div class=\"elementor-widget-container\">\n\t\t\t\t\t\t\t<p>Informazioni<\/p>\t\t\t\t\t\t<\/div>\n\t\t\t\t<\/div>\n\t\t\t\t<\/div>\n\t\t<div class=\"elementor-element elementor-element-aee0e11 e-con-full pad-r e-flex e-con e-child\" data-id=\"aee0e11\" data-element_type=\"container\" data-settings=\"{&quot;background_background&quot;:&quot;classic&quot;}\">\n\t\t\t\t<div class=\"elementor-element elementor-element-0f4dd9e elementor-widget__width-initial elementor-widget elementor-widget-text-editor\" data-id=\"0f4dd9e\" data-element_type=\"widget\" data-widget_type=\"text-editor.default\">\n\t\t\t\t<div class=\"elementor-widget-container\">\n\t\t\t\t\t\t\t<p>La nostra Informativa sulla privacy spiega come raccogliamo, utilizziamo e proteggiamo i tuoi dati. Utilizziamo i cookie per migliorare la tua esperienza e analizzare le prestazioni del sito.<\/p>\t\t\t\t\t\t<\/div>\n\t\t\t\t<\/div>\n\t\t\t\t<\/div>\n\t\t\t\t\t<\/div>\n\t\t\t\t<\/div>\n\t\t<div class=\"elementor-element elementor-element-0a6b37d mid-padding e-flex e-con-boxed e-con e-parent\" data-id=\"0a6b37d\" data-element_type=\"container\" data-settings=\"{&quot;background_background&quot;:&quot;classic&quot;}\">\n\t\t\t\t\t<div class=\"e-con-inner\">\n\t\t<div class=\"elementor-element elementor-element-5eae5fd e-con-full e-flex e-con e-child\" data-id=\"5eae5fd\" data-element_type=\"container\">\n\t\t\t\t<div class=\"elementor-element elementor-element-f8d6ff4 elementor-widget elementor-widget-text-editor\" data-id=\"f8d6ff4\" data-element_type=\"widget\" data-widget_type=\"text-editor.default\">\n\t\t\t\t<div class=\"elementor-widget-container\">\n\t\t\t\t\t\t\tInformativa sulla privacy\t\t\t\t\t\t<\/div>\n\t\t\t\t<\/div>\n\t\t\t\t<\/div>\n\t\t<div class=\"elementor-element elementor-element-9763b34 e-con-full e-flex e-con e-child\" data-id=\"9763b34\" data-element_type=\"container\">\n\t\t\t\t<div class=\"elementor-element elementor-element-eea52df elementor-widget__width-auto elementor-widget elementor-widget-text-editor\" data-id=\"eea52df\" data-element_type=\"widget\" data-widget_type=\"text-editor.default\">\n\t\t\t\t<div class=\"elementor-widget-container\">\n\t\t\t\t\t\t\tA Bohinj River House diamo valore alla tua privacy e ci impegniamo a proteggere le tue informazioni personali. Questa politica delinea come raccogliamo, utilizziamo e memorizziamo i tuoi dati in conformit\u00e0 con le leggi e le normative applicabili.\t\t\t\t\t\t<\/div>\n\t\t\t\t<\/div>\n\t\t\t\t<\/div>\n\t\t\t\t\t<\/div>\n\t\t\t\t<\/div>\n\t\t<div class=\"elementor-element elementor-element-3eeed02 mid-padding e-flex e-con-boxed e-con e-parent\" data-id=\"3eeed02\" data-element_type=\"container\" data-settings=\"{&quot;background_background&quot;:&quot;classic&quot;}\">\n\t\t\t\t\t<div class=\"e-con-inner\">\n\t\t<div class=\"elementor-element elementor-element-02c4248 e-con-full e-flex e-con e-child\" data-id=\"02c4248\" data-element_type=\"container\">\n\t\t\t\t<div class=\"elementor-element elementor-element-f5dea79 elementor-widget elementor-widget-text-editor\" data-id=\"f5dea79\" data-element_type=\"widget\" data-widget_type=\"text-editor.default\">\n\t\t\t\t<div class=\"elementor-widget-container\">\n\t\t\t\t\t\t\tRaccolta e utilizzo dei dati\t\t\t\t\t\t<\/div>\n\t\t\t\t<\/div>\n\t\t\t\t<\/div>\n\t\t<div class=\"elementor-element elementor-element-b6d3288 e-con-full e-flex e-con e-child\" data-id=\"b6d3288\" data-element_type=\"container\">\n\t\t\t\t<div class=\"elementor-element elementor-element-769fb86 elementor-widget__width-auto elementor-widget elementor-widget-text-editor\" data-id=\"769fb86\" data-element_type=\"widget\" data-widget_type=\"text-editor.default\">\n\t\t\t\t<div class=\"elementor-widget-container\">\n\t\t\t\t\t\t\t<p>Raccogliamo informazioni personali solo quando necessario, ad esempio per elaborare le prenotazioni, rispondere alle richieste e migliorare la tua esperienza sul nostro sito web. Ci\u00f2 pu\u00f2 includere il tuo nome, indirizzo e-mail, numero di telefono e qualsiasi dettaglio fornito durante la comunicazione o la prenotazione.<\/p>\t\t\t\t\t\t<\/div>\n\t\t\t\t<\/div>\n\t\t\t\t<\/div>\n\t\t\t\t\t<\/div>\n\t\t\t\t<\/div>\n\t\t<div class=\"elementor-element elementor-element-ee5674b mid-padding e-flex e-con-boxed e-con e-parent\" data-id=\"ee5674b\" data-element_type=\"container\" data-settings=\"{&quot;background_background&quot;:&quot;classic&quot;}\">\n\t\t\t\t\t<div class=\"e-con-inner\">\n\t\t<div class=\"elementor-element elementor-element-fa16a67 e-con-full e-flex e-con e-child\" data-id=\"fa16a67\" data-element_type=\"container\">\n\t\t\t\t<div class=\"elementor-element elementor-element-a1fd5b6 elementor-widget elementor-widget-text-editor\" data-id=\"a1fd5b6\" data-element_type=\"widget\" data-widget_type=\"text-editor.default\">\n\t\t\t\t<div class=\"elementor-widget-container\">\n\t\t\t\t\t\t\tInformativa sui cookie\t\t\t\t\t\t<\/div>\n\t\t\t\t<\/div>\n\t\t\t\t<\/div>\n\t\t<div class=\"elementor-element elementor-element-20eaa2f e-con-full e-flex e-con e-child\" data-id=\"20eaa2f\" data-element_type=\"container\">\n\t\t\t\t<div class=\"elementor-element elementor-element-31551b6 elementor-widget__width-auto elementor-widget elementor-widget-text-editor\" data-id=\"31551b6\" data-element_type=\"widget\" data-widget_type=\"text-editor.default\">\n\t\t\t\t<div class=\"elementor-widget-container\">\n\t\t\t\t\t\t\t<p>I cookie sono piccoli file di testo memorizzati sul tuo dispositivo per migliorare la tua esperienza di navigazione. Il nostro sito web utilizza i cookie per garantire la funzionalit\u00e0, analizzare il traffico e fornire contenuti personalizzati tramite servizi di terze parti come Google Analytics, Google Ads, Facebook e Instagram.<\/p>\t\t\t\t\t\t<\/div>\n\t\t\t\t<\/div>\n\t\t\t\t<\/div>\n\t\t\t\t\t<\/div>\n\t\t\t\t<\/div>\n\t\t<div class=\"elementor-element elementor-element-11ee6f4 mid-padding content-table e-flex e-con-boxed e-con e-parent\" data-id=\"11ee6f4\" data-element_type=\"container\" data-settings=\"{&quot;background_background&quot;:&quot;classic&quot;}\">\n\t\t\t\t\t<div class=\"e-con-inner\">\n\t\t<div class=\"elementor-element elementor-element-2b75777 e-con-full e-flex e-con e-child\" data-id=\"2b75777\" data-element_type=\"container\">\n\t\t\t\t<div class=\"elementor-element elementor-element-a0248b3 elementor-widget elementor-widget-text-editor\" data-id=\"a0248b3\" data-element_type=\"widget\" data-widget_type=\"text-editor.default\">\n\t\t\t\t<div class=\"elementor-widget-container\">\n\t\t\t\t\t\t\tTipi di cookie che utilizziamo\t\t\t\t\t\t<\/div>\n\t\t\t\t<\/div>\n\t\t\t\t<\/div>\n\t\t<div class=\"elementor-element elementor-element-1adc552 e-con-full e-flex e-con e-child\" data-id=\"1adc552\" data-element_type=\"container\">\n\t\t\t\t<div class=\"elementor-element elementor-element-9f82f04 elementor-widget__width-auto elementor-widget elementor-widget-text-editor\" data-id=\"9f82f04\" data-element_type=\"widget\" data-widget_type=\"text-editor.default\">\n\t\t\t\t<div class=\"elementor-widget-container\">\n\t\t\t\t\t\t\tDi seguito \u00e8 riportata una tabella che descrive in dettaglio i cookie che utilizziamo e i loro scopi:\t\t\t\t\t\t<\/div>\n\t\t\t\t<\/div>\n\t\t\t\t<div class=\"elementor-element elementor-element-055d149 elementor-widget__width-auto elementor-widget elementor-widget-text-editor\" data-id=\"055d149\" data-element_type=\"widget\" data-widget_type=\"text-editor.default\">\n\t\t\t\t<div class=\"elementor-widget-container\">\n\t\t\t\t\t\t\t<table><tbody><tr><td><b>Nome del cookie \/ Fornitore<\/b><\/td><td><strong>Scopo<\/strong><\/td><td><strong>Durata<\/strong><\/td><\/tr><tr><td>AdWords \u2013 A, AdsUserLocale, I, SAG, aptenv, mid<\/td><td>Analisi delle vendite, monitoraggio delle visite alla pagina e annunci display.<\/td><td>\u00a090 giorni<\/td><\/tr><tr><td>Facebook \u2013 locale, datr, reg_fb_ref, reg_fb_gate<\/td><td>Per il retargeting dei nostri utenti, aumentando l&#8217;interazione con i tracker sui nostri social media e migliorando l&#8217;esperienza utente sui nostri profili social.<\/td><td>Sempre<\/td><\/tr><tr><td>Google Analytics \u2013 utma<\/td><td>Misurazione delle statistiche di visualizzazione delle pagine.<\/td><td>2 anni<\/td><\/tr><tr><td>Google Analytics- utmb<\/td><td>Misurazione del tempo trascorso dall&#8217;utente sul nostro sito Web<\/td><td>30 min<\/td><\/tr><tr><td>Google Analytics \u2013 utmc<\/td><td>Fornisce statistiche basate sull&#8217;ora di uscita dell&#8217;utente dal sito<\/td><td>Termina con la chiusura del browser<\/td><\/tr><tr><td>Google Analytics \u2013 utmz<\/td><td>Fornisce statistiche delle visite e delle vendite tramite una variet\u00e0 di canali.<\/td><td>6 mesi<\/td><\/tr><tr><td>Google Analytics \u2013 utmv<\/td><td>Consente la segmentazione degli utenti sul sito<\/td><td>2 anni<\/td><\/tr><tr><td>Google Analytics \u2013 ga<\/td><td>Fornisce statistiche sulle visite e sulle vendite tramite vari canali<\/td><td>6 mesi<\/td><\/tr><tr><td>Google Analytics \u2013 cid<\/td><td><p>Fornisce statistiche sulle visite e sulle vendite tramite vari canali\/td&gt;<\/p><\/td><td>6 mesi<\/td><\/tr><tr><td>https_enabled<\/td><td>Il cookie ci dice se l&#8217;utente \u00e8 stato reindirizzato al protocollo protetto. (https)<\/td><td>Per sessione<\/td><\/tr><tr><td>ngEnabled<\/td><td>Il cookie consente il funzionamento dei browser avanzati<\/td><td>10 anni<\/td><\/tr><\/tbody><\/table>\t\t\t\t\t\t<\/div>\n\t\t\t\t<\/div>\n\t\t\t\t<\/div>\n\t\t\t\t\t<\/div>\n\t\t\t\t<\/div>\n\t\t<div class=\"elementor-element elementor-element-d56b549 mid-padding e-flex e-con-boxed e-con e-parent\" data-id=\"d56b549\" data-element_type=\"container\" data-settings=\"{&quot;background_background&quot;:&quot;classic&quot;}\">\n\t\t\t\t\t<div class=\"e-con-inner\">\n\t\t<div class=\"elementor-element elementor-element-5d88f80 e-con-full e-flex e-con e-child\" data-id=\"5d88f80\" data-element_type=\"container\">\n\t\t\t\t<div class=\"elementor-element elementor-element-b659d47 elementor-widget elementor-widget-text-editor\" data-id=\"b659d47\" data-element_type=\"widget\" data-widget_type=\"text-editor.default\">\n\t\t\t\t<div class=\"elementor-widget-container\">\n\t\t\t\t\t\t\tIl tuo <br>consenso\t\t\t\t\t\t<\/div>\n\t\t\t\t<\/div>\n\t\t\t\t<\/div>\n\t\t<div class=\"elementor-element elementor-element-e9ade20 e-con-full e-flex e-con e-child\" data-id=\"e9ade20\" data-element_type=\"container\">\n\t\t\t\t<div class=\"elementor-element elementor-element-04dc8cb elementor-widget__width-auto elementor-widget elementor-widget-text-editor\" data-id=\"04dc8cb\" data-element_type=\"widget\" data-widget_type=\"text-editor.default\">\n\t\t\t\t<div class=\"elementor-widget-container\">\n\t\t\t\t\t\t\t<p>Utilizzando il nostro sito web, acconsenti all&#8217;uso dei cookie. Puoi gestire o disabilitare i cookie nelle impostazioni del tuo browser; tuttavia, ci\u00f2 pu\u00f2 influire sulla funzionalit\u00e0 del sito web.<\/p>\t\t\t\t\t\t<\/div>\n\t\t\t\t<\/div>\n\t\t\t\t<\/div>\n\t\t\t\t\t<\/div>\n\t\t\t\t<\/div>\n\t\t<div class=\"elementor-element elementor-element-1c71364 mid-padding e-flex e-con-boxed e-con e-parent\" data-id=\"1c71364\" data-element_type=\"container\" data-settings=\"{&quot;background_background&quot;:&quot;classic&quot;}\">\n\t\t\t\t\t<div class=\"e-con-inner\">\n\t\t<div class=\"elementor-element elementor-element-f3c68e7 e-con-full e-flex e-con e-child\" data-id=\"f3c68e7\" data-element_type=\"container\">\n\t\t\t\t<div class=\"elementor-element elementor-element-3cb6a7a elementor-widget elementor-widget-text-editor\" data-id=\"3cb6a7a\" data-element_type=\"widget\" data-widget_type=\"text-editor.default\">\n\t\t\t\t<div class=\"elementor-widget-container\">\n\t\t\t\t\t\t\t<p>Servizi di terze parti<\/p>\t\t\t\t\t\t<\/div>\n\t\t\t\t<\/div>\n\t\t\t\t<\/div>\n\t\t<div class=\"elementor-element elementor-element-576d5d3 e-con-full e-flex e-con e-child\" data-id=\"576d5d3\" data-element_type=\"container\">\n\t\t\t\t<div class=\"elementor-element elementor-element-5ca2c46 elementor-widget__width-auto elementor-widget elementor-widget-text-editor\" data-id=\"5ca2c46\" data-element_type=\"widget\" data-widget_type=\"text-editor.default\">\n\t\t\t\t<div class=\"elementor-widget-container\">\n\t\t\t\t\t\t\t<p>Collaboriamo con servizi di terze parti affidabili per scopi di analisi e pubblicit\u00e0. Questi servizi sono conformi alle leggi sulla privacy pertinenti e gestiscono i dati in modo responsabile.<\/p>\t\t\t\t\t\t<\/div>\n\t\t\t\t<\/div>\n\t\t\t\t<\/div>\n\t\t\t\t\t<\/div>\n\t\t\t\t<\/div>\n\t\t<div class=\"elementor-element elementor-element-c56dd9b mid-padding e-flex e-con-boxed e-con e-parent\" data-id=\"c56dd9b\" data-element_type=\"container\" data-settings=\"{&quot;background_background&quot;:&quot;classic&quot;}\">\n\t\t\t\t\t<div class=\"e-con-inner\">\n\t\t<div class=\"elementor-element elementor-element-4783b17 e-con-full e-flex e-con e-child\" data-id=\"4783b17\" data-element_type=\"container\">\n\t\t\t\t<div class=\"elementor-element elementor-element-3d494d7 elementor-widget elementor-widget-text-editor\" data-id=\"3d494d7\" data-element_type=\"widget\" data-widget_type=\"text-editor.default\">\n\t\t\t\t<div class=\"elementor-widget-container\">\n\t\t\t\t\t\t\tI tuoi <br>diritti\t\t\t\t\t\t<\/div>\n\t\t\t\t<\/div>\n\t\t\t\t<\/div>\n\t\t<div class=\"elementor-element elementor-element-009ca4f e-con-full e-flex e-con e-child\" data-id=\"009ca4f\" data-element_type=\"container\">\n\t\t\t\t<div class=\"elementor-element elementor-element-47033af elementor-widget__width-auto elementor-widget elementor-widget-text-editor\" data-id=\"47033af\" data-element_type=\"widget\" data-widget_type=\"text-editor.default\">\n\t\t\t\t<div class=\"elementor-widget-container\">\n\t\t\t\t\t\t\t<p>Hai il diritto di accedere, modificare o eliminare i tuoi dati personali. Per qualsiasi domanda o richiesta relativa alla privacy, contattaci all&#8217;indirizzo <strong>info@bohinj-riverhouse.si<\/strong>.<\/p>\t\t\t\t\t\t<\/div>\n\t\t\t\t<\/div>\n\t\t\t\t<\/div>\n\t\t\t\t\t<\/div>\n\t\t\t\t<\/div>\n\t\t<div class=\"elementor-element elementor-element-78ac87b mid-padding e-flex e-con-boxed e-con e-parent\" data-id=\"78ac87b\" data-element_type=\"container\" data-settings=\"{&quot;background_background&quot;:&quot;classic&quot;}\">\n\t\t\t\t\t<div class=\"e-con-inner\">\n\t\t<div class=\"elementor-element elementor-element-c10fa1f e-con-full e-flex e-con e-child\" data-id=\"c10fa1f\" data-element_type=\"container\">\n\t\t\t\t<div class=\"elementor-element elementor-element-fb308e8 elementor-widget elementor-widget-text-editor\" data-id=\"fb308e8\" data-element_type=\"widget\" data-widget_type=\"text-editor.default\">\n\t\t\t\t<div class=\"elementor-widget-container\">\n\t\t\t\t\t\t\t<p>Modifiche alla Politica<\/p>\t\t\t\t\t\t<\/div>\n\t\t\t\t<\/div>\n\t\t\t\t<\/div>\n\t\t<div class=\"elementor-element elementor-element-efdceda e-con-full e-flex e-con e-child\" data-id=\"efdceda\" data-element_type=\"container\">\n\t\t\t\t<div class=\"elementor-element elementor-element-f52587c elementor-widget__width-auto elementor-widget elementor-widget-text-editor\" data-id=\"f52587c\" data-element_type=\"widget\" data-widget_type=\"text-editor.default\">\n\t\t\t\t<div class=\"elementor-widget-container\">\n\t\t\t\t\t\t\t<p>Potremmo aggiornare periodicamente questa politica per riflettere i cambiamenti nelle leggi o nei nostri servizi. Si prega di rivedere questa pagina regolarmente per gli ultimi aggiornamenti.<\/p>\t\t\t\t\t\t<\/div>\n\t\t\t\t<\/div>\n\t\t\t\t<\/div>\n\t\t\t\t\t<\/div>\n\t\t\t\t<\/div>\n\t\t\t\t<\/div>\n\t\t","protected":false},"excerpt":{"rendered":"<p>Cookie e Informativa sulla privacy Informazioni La nostra Informativa sulla privacy spiega come raccogliamo, utilizziamo e proteggiamo i tuoi dati. Utilizziamo i cookie per migliorare la tua esperienza e analizzare le prestazioni del sito. Informativa sulla privacyA Bohinj River House diamo valore alla tua privacy e ci impegniamo a proteggere le tue informazioni personali. Questa [&hellip;]<\/p>\n","protected":false},"author":5,"featured_media":0,"parent":0,"menu_order":0,"comment_status":"closed","ping_status":"closed","template":"","meta":{"_acf_changed":false,"footnotes":""},"class_list":["post-6230","page","type-page","status-publish","hentry"],"acf":[],"_links":{"self":[{"href":"https:\/\/www.bohinj-riverhouse.si\/it\/wp-json\/wp\/v2\/pages\/6230","targetHints":{"allow":["GET"]}}],"collection":[{"href":"https:\/\/www.bohinj-riverhouse.si\/it\/wp-json\/wp\/v2\/pages"}],"about":[{"href":"https:\/\/www.bohinj-riverhouse.si\/it\/wp-json\/wp\/v2\/types\/page"}],"author":[{"embeddable":true,"href":"https:\/\/www.bohinj-riverhouse.si\/it\/wp-json\/wp\/v2\/users\/5"}],"replies":[{"embeddable":true,"href":"https:\/\/www.bohinj-riverhouse.si\/it\/wp-json\/wp\/v2\/comments?post=6230"}],"version-history":[{"count":20,"href":"https:\/\/www.bohinj-riverhouse.si\/it\/wp-json\/wp\/v2\/pages\/6230\/revisions"}],"predecessor-version":[{"id":9110,"href":"https:\/\/www.bohinj-riverhouse.si\/it\/wp-json\/wp\/v2\/pages\/6230\/revisions\/9110"}],"wp:attachment":[{"href":"https:\/\/www.bohinj-riverhouse.si\/it\/wp-json\/wp\/v2\/media?parent=6230"}],"curies":[{"name":"wp","href":"https:\/\/api.w.org\/{rel}","templated":true}]}}